{"id":827,"date":"2021-02-06T03:50:13","date_gmt":"2021-02-06T02:50:13","guid":{"rendered":"https:\/\/michaelbern.com\/product\/roamer-superior-chrono-ii-date\/"},"modified":"2022-04-08T15:28:40","modified_gmt":"2022-04-08T13:28:40","slug":"roamer-superior-chrono-ii-date","status":"publish","type":"product","link":"https:\/\/michaelbern.com\/fr\/product\/roamer-superior-chrono-ii-date\/","title":{"rendered":"Roamer Superior Chrono II Date"},"content":{"rendered":"<p>Bringen Sie und Ihr Partner Ihre Zusammengeh\u00f6rigkeit stilvoll zum Ausdruck mit diesem Limelight Partner Set von Roamer. Dieses Set beinhaltet zwei wundersch\u00f6ne, fast identische Uhren \u2013 eine f\u00fcr Sie und eine f\u00fcr Ihn. W\u00e4hrend das Geh\u00e4use der Damenuhr einen Durchmesser von 28mm hat, ist die Herrenuhr mit einem 38mm Geh\u00e4use ausgestattet. Getragen werden beide Uhren an einem Armband aus hochwertigem Leder. Mit dieser Eleganz werden beide Uhren viele Blicke auf sich ziehen. Das modische, feine und kontrastreiche Design machen diese Partneruhren zum perfekten Begleiter.<\/p>\n","protected":false},"excerpt":{"rendered":"<p>Bringen Sie und Ihr Partner Ihre Zusammengeh\u00f6rigkeit stilvoll zum Ausdruck mit diesem Limelight Partner Set von Roamer. Dieses Set beinhaltet zwei wundersch\u00f6ne, fast identische Uhren \u2013 eine f\u00fcr Sie und eine f\u00fcr Ihn. W\u00e4hrend das Geh\u00e4use der Damenuhr einen Durchmesser von 28mm hat, ist die Herrenuhr mit einem 38mm Geh\u00e4use ausgestattet. Getragen werden beide Uhren [&hellip;]<\/p>\n","protected":false},"featured_media":826,"comment_status":"open","ping_status":"closed","template":"","meta":{"inline_featured_image":false},"product_brand":[],"product_cat":[99,56],"product_tag":[],"class_list":{"0":"post-827","1":"product","2":"type-product","3":"status-publish","4":"has-post-thumbnail","6":"product_cat-roamer","7":"product_cat-montres","8":"post-item","10":"first","11":"outofstock","12":"taxable","13":"shipping-taxable","14":"purchasable","15":"product-type-simple"},"_links":{"self":[{"href":"https:\/\/michaelbern.com\/fr\/wp-json\/wp\/v2\/product\/827","targetHints":{"allow":["GET"]}}],"collection":[{"href":"https:\/\/michaelbern.com\/fr\/wp-json\/wp\/v2\/product"}],"about":[{"href":"https:\/\/michaelbern.com\/fr\/wp-json\/wp\/v2\/types\/product"}],"replies":[{"embeddable":true,"href":"https:\/\/michaelbern.com\/fr\/wp-json\/wp\/v2\/comments?post=827"}],"wp:featuredmedia":[{"embeddable":true,"href":"https:\/\/michaelbern.com\/fr\/wp-json\/wp\/v2\/media\/826"}],"wp:attachment":[{"href":"https:\/\/michaelbern.com\/fr\/wp-json\/wp\/v2\/media?parent=827"}],"wp:term":[{"taxonomy":"product_brand","embeddable":true,"href":"https:\/\/michaelbern.com\/fr\/wp-json\/wp\/v2\/product_brand?post=827"},{"taxonomy":"product_cat","embeddable":true,"href":"https:\/\/michaelbern.com\/fr\/wp-json\/wp\/v2\/product_cat?post=827"},{"taxonomy":"product_tag","embeddable":true,"href":"https:\/\/michaelbern.com\/fr\/wp-json\/wp\/v2\/product_tag?post=827"}],"curies":[{"name":"wp","href":"https:\/\/api.w.org\/{rel}","templated":true}]}}