{"id":810,"date":"2021-02-06T03:50:06","date_gmt":"2021-02-06T02:50:06","guid":{"rendered":"https:\/\/michaelbern.com\/product\/frederique-constant-manufacture-worldtimer-2\/"},"modified":"2022-04-08T15:28:42","modified_gmt":"2022-04-08T13:28:42","slug":"frederique-constant-manufacture-worldtimer-2","status":"publish","type":"product","link":"https:\/\/michaelbern.com\/fr\/product\/frederique-constant-manufacture-worldtimer-2\/","title":{"rendered":"Fr\u00e9d\u00e9rique Constant Manufacture Worldtimer"},"content":{"rendered":"<p>Diese Armbanduhr erf\u00fcllt alle Voraussetzungen, Fr\u00e9d\u00e9rique Constants Kronjuwel zu werden und es ist schon heute so gut wie sicher, dass sie zu den erfolgreichsten Uhren des Herstellers z\u00e4hlen wird. Sein unversch\u00e4mt gutes Aussehen und die kinderleichte Funktionalit\u00e4t sind Garantie, dass der neue Classics Manufacture Worldtimer im Jahr 2013 zum Verkaufsschlager wird. Beginnen wir beim einfachen Einstellen und der einfachen Verwendung. Sie m\u00f6chten wissen, wie sp\u00e4t es in Denver oder Dhaka ist? Oder was der Zeitunterschied zwischen Sydney und S\u00fcd-Georgia oder Los Angeles und London ist? Oder ob es Mitternacht in Moskau ist und wie sp\u00e4t es in Honolulu ist? Mit dem Classics Manufacture Worldtimer finden Sie die Antwort auf all diese Fragen mit einem einzigen Blick auf Ihr Handgelenk.<\/p>\n","protected":false},"excerpt":{"rendered":"<p>Diese Armbanduhr erf\u00fcllt alle Voraussetzungen, Fr\u00e9d\u00e9rique Constants Kronjuwel zu werden und es ist schon heute so gut wie sicher, dass sie zu den erfolgreichsten Uhren des Herstellers z\u00e4hlen wird. Sein unversch\u00e4mt gutes Aussehen und die kinderleichte Funktionalit\u00e4t sind Garantie, dass der neue Classics Manufacture Worldtimer im Jahr 2013 zum Verkaufsschlager wird. Beginnen wir beim einfachen [&hellip;]<\/p>\n","protected":false},"featured_media":805,"comment_status":"open","ping_status":"closed","template":"","meta":{"inline_featured_image":false},"product_brand":[],"product_cat":[93,56],"product_tag":[],"class_list":{"0":"post-810","1":"product","2":"type-product","3":"status-publish","4":"has-post-thumbnail","6":"product_cat-frederique-constant","7":"product_cat-montres","8":"post-item","10":"first","11":"outofstock","12":"taxable","13":"shipping-taxable","14":"purchasable","15":"product-type-simple"},"_links":{"self":[{"href":"https:\/\/michaelbern.com\/fr\/wp-json\/wp\/v2\/product\/810","targetHints":{"allow":["GET"]}}],"collection":[{"href":"https:\/\/michaelbern.com\/fr\/wp-json\/wp\/v2\/product"}],"about":[{"href":"https:\/\/michaelbern.com\/fr\/wp-json\/wp\/v2\/types\/product"}],"replies":[{"embeddable":true,"href":"https:\/\/michaelbern.com\/fr\/wp-json\/wp\/v2\/comments?post=810"}],"wp:featuredmedia":[{"embeddable":true,"href":"https:\/\/michaelbern.com\/fr\/wp-json\/wp\/v2\/media\/805"}],"wp:attachment":[{"href":"https:\/\/michaelbern.com\/fr\/wp-json\/wp\/v2\/media?parent=810"}],"wp:term":[{"taxonomy":"product_brand","embeddable":true,"href":"https:\/\/michaelbern.com\/fr\/wp-json\/wp\/v2\/product_brand?post=810"},{"taxonomy":"product_cat","embeddable":true,"href":"https:\/\/michaelbern.com\/fr\/wp-json\/wp\/v2\/product_cat?post=810"},{"taxonomy":"product_tag","embeddable":true,"href":"https:\/\/michaelbern.com\/fr\/wp-json\/wp\/v2\/product_tag?post=810"}],"curies":[{"name":"wp","href":"https:\/\/api.w.org\/{rel}","templated":true}]}}