{"id":748,"date":"2021-02-06T03:49:37","date_gmt":"2021-02-06T02:49:37","guid":{"rendered":"https:\/\/michaelbern.com\/product\/hamilton-khaki-aviation-x-wind-automatic\/"},"modified":"2022-04-08T15:28:44","modified_gmt":"2022-04-08T13:28:44","slug":"hamilton-khaki-aviation-x-wind-automatic","status":"publish","type":"product","link":"https:\/\/michaelbern.com\/fr\/product\/hamilton-khaki-aviation-x-wind-automatic\/","title":{"rendered":"Hamilton Khaki Aviation X-Wind Automatic 1"},"content":{"rendered":"<p>Die Khaki X-Wind Automatic ist weltweit die erste Armbanduhr mit integriertem Driftwinkelrechner, anhand dessen Piloten Seitenwinde auf ihrer geplanten Flugstrecke pr\u00e4zise berechnen und aufzeichnen k\u00f6nnen. Doch auch f\u00fcr alle, die auf dem Boden durchs Leben navigieren, ist dieser Zeitmesser von Hamilton der perfekte Copilot. Die stylische, robuste Optik dieses innovativen Chronographen zieht alle Blicke auf sich. H\u00f6chste Pr\u00e4zision und ausgereifte Technik sorgen f\u00fcr einen ruhigen Flug.<\/p>\n","protected":false},"excerpt":{"rendered":"<p>Die Khaki X-Wind Automatic ist weltweit die erste Armbanduhr mit integriertem Driftwinkelrechner, anhand dessen Piloten Seitenwinde auf ihrer geplanten Flugstrecke pr\u00e4zise berechnen und aufzeichnen k\u00f6nnen. Doch auch f\u00fcr alle, die auf dem Boden durchs Leben navigieren, ist dieser Zeitmesser von Hamilton der perfekte Copilot. Die stylische, robuste Optik dieses innovativen Chronographen zieht alle Blicke auf [&hellip;]<\/p>\n","protected":false},"featured_media":743,"comment_status":"open","ping_status":"closed","template":"","meta":{"inline_featured_image":false},"product_brand":[],"product_cat":[56],"product_tag":[],"class_list":{"0":"post-748","1":"product","2":"type-product","3":"status-publish","4":"has-post-thumbnail","6":"product_cat-montres","7":"post-item","9":"first","10":"outofstock","11":"taxable","12":"shipping-taxable","13":"purchasable","14":"product-type-simple"},"_links":{"self":[{"href":"https:\/\/michaelbern.com\/fr\/wp-json\/wp\/v2\/product\/748","targetHints":{"allow":["GET"]}}],"collection":[{"href":"https:\/\/michaelbern.com\/fr\/wp-json\/wp\/v2\/product"}],"about":[{"href":"https:\/\/michaelbern.com\/fr\/wp-json\/wp\/v2\/types\/product"}],"replies":[{"embeddable":true,"href":"https:\/\/michaelbern.com\/fr\/wp-json\/wp\/v2\/comments?post=748"}],"wp:featuredmedia":[{"embeddable":true,"href":"https:\/\/michaelbern.com\/fr\/wp-json\/wp\/v2\/media\/743"}],"wp:attachment":[{"href":"https:\/\/michaelbern.com\/fr\/wp-json\/wp\/v2\/media?parent=748"}],"wp:term":[{"taxonomy":"product_brand","embeddable":true,"href":"https:\/\/michaelbern.com\/fr\/wp-json\/wp\/v2\/product_brand?post=748"},{"taxonomy":"product_cat","embeddable":true,"href":"https:\/\/michaelbern.com\/fr\/wp-json\/wp\/v2\/product_cat?post=748"},{"taxonomy":"product_tag","embeddable":true,"href":"https:\/\/michaelbern.com\/fr\/wp-json\/wp\/v2\/product_tag?post=748"}],"curies":[{"name":"wp","href":"https:\/\/api.w.org\/{rel}","templated":true}]}}