{"id":3705,"date":"2021-02-06T04:20:03","date_gmt":"2021-02-06T03:20:03","guid":{"rendered":"https:\/\/michaelbern.com\/product\/tissot-seastar-1000-professional-limited-edition\/"},"modified":"2022-04-08T15:24:00","modified_gmt":"2022-04-08T13:24:00","slug":"tissot-seastar-1000-professional-limited-edition","status":"publish","type":"product","link":"https:\/\/michaelbern.com\/fr\/product\/tissot-seastar-1000-professional-limited-edition\/","title":{"rendered":"Tissot Seastar 1000 Professional Limited Edition"},"content":{"rendered":"<p>Tissot erweitert seine \u201eSeastar\u201c Kollektion um eine Taucheruhr, die den Begriff \u201eprofessionell\u201c zu recht im Namen tr\u00e4gt: Die neue Tissot Seastar 1000 Professional erf\u00fcllt s\u00e4mtliche Anforderungen, die gem\u00e4ss der ISO Norm 6425 an ein solches Pr\u00e4zisionsinstrument gestellt werden. Neben seiner Wasserdichtigkeit bis zu einem Druck von 30 bar (300 m) \u00fcberzeugt der Zeitmesser durch Merkmale wie s\u00e4mtlich verschraubte Dr\u00fccker, Kronen und Geh\u00e4useboden und ein patentiertes Heliumventil bei 10 Uhr. Letzteres ist in die dort befindliche zweite Krone integriert, mit welcher sich die L\u00fcnette feststellen l\u00e4sst. Vom \u00e4usserst robusten 316L-Edelstahl Geh\u00e4use sicher umschlossen, treibt ein ETA Valjoux A05.H21 Werk den auf weltweit 1.000 Exemplare limitierten Automatik-Chronographen an und verleiht ihm beachtliche bis zu 60 Stunden Gangreserve. Die Indizes auf dem dunkelblauen Zifferblatt mit gew\u00f6lbtem, kratzfestem Saphirglas sind mit Super-LumiNova (Grad A) versehen. Neben dem massivem 316l-Edelstahlarmband mit Sicherheitsfaltschliesse und Taucherverl\u00e4ngerung wird noch ein zweites Kautschukarmband mit Dornschliesse mitgeliefert.<br \/>\n\u00a0<\/p>\n","protected":false},"excerpt":{"rendered":"<p>Tissot erweitert seine \u201eSeastar\u201c Kollektion um eine Taucheruhr, die den Begriff \u201eprofessionell\u201c zu recht im Namen tr\u00e4gt: Die neue Tissot Seastar 1000 Professional erf\u00fcllt s\u00e4mtliche Anforderungen, die gem\u00e4ss der ISO Norm 6425 an ein solches Pr\u00e4zisionsinstrument gestellt werden. Neben seiner Wasserdichtigkeit bis zu einem Druck von 30 bar (300 m) \u00fcberzeugt der Zeitmesser durch Merkmale [&hellip;]<\/p>\n","protected":false},"featured_media":3694,"comment_status":"open","ping_status":"closed","template":"","meta":{"inline_featured_image":false},"product_brand":[],"product_cat":[98,56],"product_tag":[],"class_list":{"0":"post-3705","1":"product","2":"type-product","3":"status-publish","4":"has-post-thumbnail","6":"product_cat-tissot","7":"product_cat-montres","8":"post-item","10":"first","11":"outofstock","12":"taxable","13":"shipping-taxable","14":"purchasable","15":"product-type-simple"},"_links":{"self":[{"href":"https:\/\/michaelbern.com\/fr\/wp-json\/wp\/v2\/product\/3705","targetHints":{"allow":["GET"]}}],"collection":[{"href":"https:\/\/michaelbern.com\/fr\/wp-json\/wp\/v2\/product"}],"about":[{"href":"https:\/\/michaelbern.com\/fr\/wp-json\/wp\/v2\/types\/product"}],"replies":[{"embeddable":true,"href":"https:\/\/michaelbern.com\/fr\/wp-json\/wp\/v2\/comments?post=3705"}],"wp:featuredmedia":[{"embeddable":true,"href":"https:\/\/michaelbern.com\/fr\/wp-json\/wp\/v2\/media\/3694"}],"wp:attachment":[{"href":"https:\/\/michaelbern.com\/fr\/wp-json\/wp\/v2\/media?parent=3705"}],"wp:term":[{"taxonomy":"product_brand","embeddable":true,"href":"https:\/\/michaelbern.com\/fr\/wp-json\/wp\/v2\/product_brand?post=3705"},{"taxonomy":"product_cat","embeddable":true,"href":"https:\/\/michaelbern.com\/fr\/wp-json\/wp\/v2\/product_cat?post=3705"},{"taxonomy":"product_tag","embeddable":true,"href":"https:\/\/michaelbern.com\/fr\/wp-json\/wp\/v2\/product_tag?post=3705"}],"curies":[{"name":"wp","href":"https:\/\/api.w.org\/{rel}","templated":true}]}}