{"id":3628,"date":"2021-02-06T04:19:15","date_gmt":"2021-02-06T03:19:15","guid":{"rendered":"https:\/\/michaelbern.com\/product\/tissot-le-locle-powermatic-80\/"},"modified":"2022-04-08T15:24:03","modified_gmt":"2022-04-08T13:24:03","slug":"tissot-le-locle-powermatic-80","status":"publish","type":"product","link":"https:\/\/michaelbern.com\/fr\/product\/tissot-le-locle-powermatic-80\/","title":{"rendered":"Tissot Le Locle Powermatic 80"},"content":{"rendered":"<p>Der Name Tissot Le Locle scheint ein zuverl\u00e4ssiger Erfolgsfaktor zu sein. So heisst zum einen die Heimatstadt von Tissot, die in das Schweizer Jura-Gebirge eingebettet ist, und zum anderen die weitherum beliebte Automatikuhrenlinie. Das Modell mit ansprechenden Details, wie den eleganten Ziffern und dem traditionellen Le Locle Logo, bestechen durch auserlesene Eleganz und klassischen Stil. Was die neue Tissot Le Locle so speziell macht, ist ihr Herz \u2013 das revolution\u00e4re Powermatic 80 Uhrwerk mit einer ausserordentlichen Gangreserve von 80 Stunden. F\u00fcr gefeierte Auftritte bei Tag oder bei Nacht ist diese Uhr der Schl\u00fcssel zum Erfolg. Seit der Lancierung ein globaler Bestseller.<\/p>\n","protected":false},"excerpt":{"rendered":"<p>Der Name Tissot Le Locle scheint ein zuverl\u00e4ssiger Erfolgsfaktor zu sein. So heisst zum einen die Heimatstadt von Tissot, die in das Schweizer Jura-Gebirge eingebettet ist, und zum anderen die weitherum beliebte Automatikuhrenlinie. Das Modell mit ansprechenden Details, wie den eleganten Ziffern und dem traditionellen Le Locle Logo, bestechen durch auserlesene Eleganz und klassischen Stil. [&hellip;]<\/p>\n","protected":false},"featured_media":3625,"comment_status":"open","ping_status":"closed","template":"","meta":{"inline_featured_image":false},"product_brand":[],"product_cat":[98,56],"product_tag":[],"class_list":{"0":"post-3628","1":"product","2":"type-product","3":"status-publish","4":"has-post-thumbnail","6":"product_cat-tissot","7":"product_cat-montres","8":"post-item","10":"first","11":"outofstock","12":"taxable","13":"shipping-taxable","14":"purchasable","15":"product-type-simple"},"_links":{"self":[{"href":"https:\/\/michaelbern.com\/fr\/wp-json\/wp\/v2\/product\/3628","targetHints":{"allow":["GET"]}}],"collection":[{"href":"https:\/\/michaelbern.com\/fr\/wp-json\/wp\/v2\/product"}],"about":[{"href":"https:\/\/michaelbern.com\/fr\/wp-json\/wp\/v2\/types\/product"}],"replies":[{"embeddable":true,"href":"https:\/\/michaelbern.com\/fr\/wp-json\/wp\/v2\/comments?post=3628"}],"wp:featuredmedia":[{"embeddable":true,"href":"https:\/\/michaelbern.com\/fr\/wp-json\/wp\/v2\/media\/3625"}],"wp:attachment":[{"href":"https:\/\/michaelbern.com\/fr\/wp-json\/wp\/v2\/media?parent=3628"}],"wp:term":[{"taxonomy":"product_brand","embeddable":true,"href":"https:\/\/michaelbern.com\/fr\/wp-json\/wp\/v2\/product_brand?post=3628"},{"taxonomy":"product_cat","embeddable":true,"href":"https:\/\/michaelbern.com\/fr\/wp-json\/wp\/v2\/product_cat?post=3628"},{"taxonomy":"product_tag","embeddable":true,"href":"https:\/\/michaelbern.com\/fr\/wp-json\/wp\/v2\/product_tag?post=3628"}],"curies":[{"name":"wp","href":"https:\/\/api.w.org\/{rel}","templated":true}]}}