{"id":3617,"date":"2021-02-06T04:19:08","date_gmt":"2021-02-06T03:19:08","guid":{"rendered":"https:\/\/michaelbern.com\/product\/tissot-prc-200-automatic\/"},"modified":"2022-04-08T15:24:04","modified_gmt":"2022-04-08T13:24:04","slug":"tissot-prc-200-automatic","status":"publish","type":"product","link":"https:\/\/michaelbern.com\/fr\/product\/tissot-prc-200-automatic\/","title":{"rendered":"Tissot PRC 200 Automatic"},"content":{"rendered":"<p>Die Tissot PRC 200 Automatik ist eine Sportuhr, die ihre Leistung im Zeichen von Schweizer Qualit\u00e4t und Handwerkstradition zu erschwinglichen Preisen erbringt. Diese Vorzeige-Automatikuhrenkollektion hat ein 316L &#8211; Edelstahlgeh\u00e4use mit verschraubter Krone und verschraubtem Geh\u00e4useboden sowie mit Sichtboden. Ein kratzfestes Saphirglas sch\u00fctzt die sch\u00f6nen Uhren, die Ihre Zeit mit Swiss Made Automatikwerken messen. Diese Chronographenversion hat neben einer Datumsanzeige ein schwarzes Lederarmband mit Butterfly-Faltschlie\u00dfe mit Dr\u00fcckern sowie ein schwarzes Zifferblatt mit arabischen Ziffern und Indizes.<\/p>\n","protected":false},"excerpt":{"rendered":"<p>Die Tissot PRC 200 Automatik ist eine Sportuhr, die ihre Leistung im Zeichen von Schweizer Qualit\u00e4t und Handwerkstradition zu erschwinglichen Preisen erbringt. Diese Vorzeige-Automatikuhrenkollektion hat ein 316L &#8211; Edelstahlgeh\u00e4use mit verschraubter Krone und verschraubtem Geh\u00e4useboden sowie mit Sichtboden. Ein kratzfestes Saphirglas sch\u00fctzt die sch\u00f6nen Uhren, die Ihre Zeit mit Swiss Made Automatikwerken messen. Diese Chronographenversion [&hellip;]<\/p>\n","protected":false},"featured_media":3614,"comment_status":"open","ping_status":"closed","template":"","meta":{"inline_featured_image":false},"product_brand":[],"product_cat":[98,56],"product_tag":[],"class_list":{"0":"post-3617","1":"product","2":"type-product","3":"status-publish","4":"has-post-thumbnail","6":"product_cat-tissot","7":"product_cat-montres","8":"post-item","10":"first","11":"outofstock","12":"taxable","13":"shipping-taxable","14":"purchasable","15":"product-type-simple"},"_links":{"self":[{"href":"https:\/\/michaelbern.com\/fr\/wp-json\/wp\/v2\/product\/3617","targetHints":{"allow":["GET"]}}],"collection":[{"href":"https:\/\/michaelbern.com\/fr\/wp-json\/wp\/v2\/product"}],"about":[{"href":"https:\/\/michaelbern.com\/fr\/wp-json\/wp\/v2\/types\/product"}],"replies":[{"embeddable":true,"href":"https:\/\/michaelbern.com\/fr\/wp-json\/wp\/v2\/comments?post=3617"}],"wp:featuredmedia":[{"embeddable":true,"href":"https:\/\/michaelbern.com\/fr\/wp-json\/wp\/v2\/media\/3614"}],"wp:attachment":[{"href":"https:\/\/michaelbern.com\/fr\/wp-json\/wp\/v2\/media?parent=3617"}],"wp:term":[{"taxonomy":"product_brand","embeddable":true,"href":"https:\/\/michaelbern.com\/fr\/wp-json\/wp\/v2\/product_brand?post=3617"},{"taxonomy":"product_cat","embeddable":true,"href":"https:\/\/michaelbern.com\/fr\/wp-json\/wp\/v2\/product_cat?post=3617"},{"taxonomy":"product_tag","embeddable":true,"href":"https:\/\/michaelbern.com\/fr\/wp-json\/wp\/v2\/product_tag?post=3617"}],"curies":[{"name":"wp","href":"https:\/\/api.w.org\/{rel}","templated":true}]}}