{"id":3581,"date":"2021-02-06T04:18:45","date_gmt":"2021-02-06T03:18:45","guid":{"rendered":"https:\/\/michaelbern.com\/product\/tissot-le-locle-regulateur\/"},"modified":"2022-04-08T15:24:05","modified_gmt":"2022-04-08T13:24:05","slug":"tissot-le-locle-regulateur","status":"publish","type":"product","link":"https:\/\/michaelbern.com\/fr\/product\/tissot-le-locle-regulateur\/","title":{"rendered":"Tissot Le Locle Regulateur"},"content":{"rendered":"<p>Die Tissot Le Locle Regulateur verweist nicht nur auf die lange uhrmacherische Tradition Tissots, sondern richtet gleichzeitig den Blick fest nach vorn. Die Uhr erscheint in der beliebten Le Locle Uhrenlinie, deren Name von Tissots Sitz in den Bergen des Schweizer Jura ableitet ist. Wohldurchdachte Designelemente \u2013 nicht zuletzt der grosse Zeiger der Uhr, der die Minuten anzeigt \u2013 sind ein Fingerzeig auf die urspr\u00fcnglichen \u201eRegulator\u00a0\u00bb-Uhren, die im achtzehnten und neunzehnten Jahrhundert in den Werkst\u00e4tten zur \u00dcberpr\u00fcfung der Genauigkeit der Taschenuhren eingesetzt wurden. Damals waren die Uhren noch nicht so pr\u00e4zise wie heute. Der Gang wich keineswegs nur einige Sekunden ab, sondern gleich ganze Minuten, und so war die Minute das genaueste Mass. Dieser Zeitmesser erinnert daran mit seinem kleinen Z\u00e4hler, der unten auf dem Zifferblatt platziert ist und die Sekunden anzeigt, sowie mit dem oben angeordneten Stundenz\u00e4hler.<\/p>\n","protected":false},"excerpt":{"rendered":"<p>Die Tissot Le Locle Regulateur verweist nicht nur auf die lange uhrmacherische Tradition Tissots, sondern richtet gleichzeitig den Blick fest nach vorn. Die Uhr erscheint in der beliebten Le Locle Uhrenlinie, deren Name von Tissots Sitz in den Bergen des Schweizer Jura ableitet ist. Wohldurchdachte Designelemente \u2013 nicht zuletzt der grosse Zeiger der Uhr, der [&hellip;]<\/p>\n","protected":false},"featured_media":3579,"comment_status":"open","ping_status":"closed","template":"","meta":{"inline_featured_image":false},"product_brand":[],"product_cat":[98,56],"product_tag":[],"class_list":{"0":"post-3581","1":"product","2":"type-product","3":"status-publish","4":"has-post-thumbnail","6":"product_cat-tissot","7":"product_cat-montres","8":"post-item","10":"first","11":"outofstock","12":"taxable","13":"shipping-taxable","14":"purchasable","15":"product-type-simple"},"_links":{"self":[{"href":"https:\/\/michaelbern.com\/fr\/wp-json\/wp\/v2\/product\/3581","targetHints":{"allow":["GET"]}}],"collection":[{"href":"https:\/\/michaelbern.com\/fr\/wp-json\/wp\/v2\/product"}],"about":[{"href":"https:\/\/michaelbern.com\/fr\/wp-json\/wp\/v2\/types\/product"}],"replies":[{"embeddable":true,"href":"https:\/\/michaelbern.com\/fr\/wp-json\/wp\/v2\/comments?post=3581"}],"wp:featuredmedia":[{"embeddable":true,"href":"https:\/\/michaelbern.com\/fr\/wp-json\/wp\/v2\/media\/3579"}],"wp:attachment":[{"href":"https:\/\/michaelbern.com\/fr\/wp-json\/wp\/v2\/media?parent=3581"}],"wp:term":[{"taxonomy":"product_brand","embeddable":true,"href":"https:\/\/michaelbern.com\/fr\/wp-json\/wp\/v2\/product_brand?post=3581"},{"taxonomy":"product_cat","embeddable":true,"href":"https:\/\/michaelbern.com\/fr\/wp-json\/wp\/v2\/product_cat?post=3581"},{"taxonomy":"product_tag","embeddable":true,"href":"https:\/\/michaelbern.com\/fr\/wp-json\/wp\/v2\/product_tag?post=3581"}],"curies":[{"name":"wp","href":"https:\/\/api.w.org\/{rel}","templated":true}]}}