{"id":3541,"date":"2021-02-06T04:18:19","date_gmt":"2021-02-06T03:18:19","guid":{"rendered":"https:\/\/michaelbern.com\/product\/tissot-heritage-1973-automatic-chronograph\/"},"modified":"2022-04-08T15:24:07","modified_gmt":"2022-04-08T13:24:07","slug":"tissot-heritage-1973-automatic-chronograph","status":"publish","type":"product","link":"https:\/\/michaelbern.com\/fr\/product\/tissot-heritage-1973-automatic-chronograph\/","title":{"rendered":"Tissot Heritage 1973 Automatic Chronograph"},"content":{"rendered":"<p>Als Tissot 1973 als Sponsor von Renault Alpine bei der Rallye Monte-Carlo in den Automobilrennsport einstieg, belie\u00df er es nicht einfach bei einem simplen Branding: Tissot schuf in diesem Jahr auch einen markanten Chronographen, der in seiner Sportlichkeit ganz dem neuen Engagement gewidmet war. Fast 50 Jahre sp\u00e4ter l\u00e4sst Tissot diese ikonische Uhr unter dem Namen \u201eTissot Heritage 1973\u201c wieder auferstehen: Auf 1.973 St\u00fcck limitiert, zitiert der Chronograph zahlreiche Details seines Vorg\u00e4ngers, angefangen bei der auff\u00e4lligen Geh\u00e4useform \u00fcber das damalige Logo und die farblich abgesetzten Zeiger bis hin zum durchbrochenen Lederarmband. Die neue Tissot Heritage 1973 mit ETA 7753 Valjoux Automatikwerk besitzt ein silbergraues Zifferblatt mit mattschwarzen Zeigern mit Super-Luminova Beschichtung und Datumsanzeige. Das 316L-Edelstahlgeh\u00e4use besitzt ein gew\u00f6lbtes Saphirglas und einen Sichtboden aus Mineralglas. Das schwarze Lederarmband besitzt eine Butterfly-Faltschlie\u00dfe mit Dr\u00fcckern.<\/p>\n","protected":false},"excerpt":{"rendered":"<p>Als Tissot 1973 als Sponsor von Renault Alpine bei der Rallye Monte-Carlo in den Automobilrennsport einstieg, belie\u00df er es nicht einfach bei einem simplen Branding: Tissot schuf in diesem Jahr auch einen markanten Chronographen, der in seiner Sportlichkeit ganz dem neuen Engagement gewidmet war. Fast 50 Jahre sp\u00e4ter l\u00e4sst Tissot diese ikonische Uhr unter dem [&hellip;]<\/p>\n","protected":false},"featured_media":3535,"comment_status":"open","ping_status":"closed","template":"","meta":{"inline_featured_image":false},"product_brand":[],"product_cat":[98,56],"product_tag":[],"class_list":{"0":"post-3541","1":"product","2":"type-product","3":"status-publish","4":"has-post-thumbnail","6":"product_cat-tissot","7":"product_cat-montres","8":"post-item","10":"first","11":"outofstock","12":"taxable","13":"shipping-taxable","14":"purchasable","15":"product-type-simple"},"_links":{"self":[{"href":"https:\/\/michaelbern.com\/fr\/wp-json\/wp\/v2\/product\/3541","targetHints":{"allow":["GET"]}}],"collection":[{"href":"https:\/\/michaelbern.com\/fr\/wp-json\/wp\/v2\/product"}],"about":[{"href":"https:\/\/michaelbern.com\/fr\/wp-json\/wp\/v2\/types\/product"}],"replies":[{"embeddable":true,"href":"https:\/\/michaelbern.com\/fr\/wp-json\/wp\/v2\/comments?post=3541"}],"wp:featuredmedia":[{"embeddable":true,"href":"https:\/\/michaelbern.com\/fr\/wp-json\/wp\/v2\/media\/3535"}],"wp:attachment":[{"href":"https:\/\/michaelbern.com\/fr\/wp-json\/wp\/v2\/media?parent=3541"}],"wp:term":[{"taxonomy":"product_brand","embeddable":true,"href":"https:\/\/michaelbern.com\/fr\/wp-json\/wp\/v2\/product_brand?post=3541"},{"taxonomy":"product_cat","embeddable":true,"href":"https:\/\/michaelbern.com\/fr\/wp-json\/wp\/v2\/product_cat?post=3541"},{"taxonomy":"product_tag","embeddable":true,"href":"https:\/\/michaelbern.com\/fr\/wp-json\/wp\/v2\/product_tag?post=3541"}],"curies":[{"name":"wp","href":"https:\/\/api.w.org\/{rel}","templated":true}]}}