{"id":3486,"date":"2021-02-06T04:17:45","date_gmt":"2021-02-06T03:17:45","guid":{"rendered":"https:\/\/michaelbern.com\/product\/tissot-heritage-porto-mechanical\/"},"modified":"2022-04-08T15:24:10","modified_gmt":"2022-04-08T13:24:10","slug":"tissot-heritage-porto-mechanical","status":"publish","type":"product","link":"https:\/\/michaelbern.com\/fr\/product\/tissot-heritage-porto-mechanical\/","title":{"rendered":"Tissot Heritage Porto Mechanical"},"content":{"rendered":"<p>Die Wendezeit vom 19. zum 20. Jahrhundert pr\u00e4gend, war der Jugendstil \u2013 auch Art Nouveau \u2013 gekennzeichnet von Aufbruchsstimmung, modernen, dekorativen Formen und flie\u00dfenden Linien. Den Geist jener Zeit hat Tissot mit seiner neuen Heritage Porto Kollektion eingefangen, die ihre Wurzeln in einer Uhr aus dem Jahr 1910 hat. In Mechanikvarianten mit Handaufzug sowie Quarzausf\u00fchrungen erh\u00e4ltlich, besticht die Heritage Porto durch ein elegant gebogenes Tonneau-Geh\u00e4use, grosse arabische Ziffern in Jugendstil-Typographie, Birnenzeiger sowie historisch inspirierte, bewegliche Bandanst\u00f6sse. Die Handaufzug-Modelle werden ausserdem von einer markanten kleinen Sekunde geziert. Der Geh\u00e4useboden ist gew\u00f6lbt, um sich der Form des Handgelenks anzupassen und die Krone ist so positioniert, dass sie nicht am Handgelenk reibt. Dieses Modell mit Swiss-Made Mechanik Uhrwerk mit Handaufzug hat ein Tonneau-Geh\u00e4use aus poliertem 316L- Edelstahl und geb\u00fcrsteten Seiten. Das entspiegelte, gew\u00f6lbte Mineralglas sch\u00fctzt das opalweisse Zifferblatt mit arabischen Ziffern und der kleinen Sekunde. Das schwarze Lederarmband hat eine Butterfly-Faltschliesse mit Dr\u00fcckern.<\/p>\n","protected":false},"excerpt":{"rendered":"<p>Die Wendezeit vom 19. zum 20. Jahrhundert pr\u00e4gend, war der Jugendstil \u2013 auch Art Nouveau \u2013 gekennzeichnet von Aufbruchsstimmung, modernen, dekorativen Formen und flie\u00dfenden Linien. Den Geist jener Zeit hat Tissot mit seiner neuen Heritage Porto Kollektion eingefangen, die ihre Wurzeln in einer Uhr aus dem Jahr 1910 hat. In Mechanikvarianten mit Handaufzug sowie Quarzausf\u00fchrungen [&hellip;]<\/p>\n","protected":false},"featured_media":3483,"comment_status":"open","ping_status":"closed","template":"","meta":{"inline_featured_image":false},"product_brand":[],"product_cat":[98,56],"product_tag":[],"class_list":{"0":"post-3486","1":"product","2":"type-product","3":"status-publish","4":"has-post-thumbnail","6":"product_cat-tissot","7":"product_cat-montres","8":"post-item","10":"first","11":"outofstock","12":"taxable","13":"shipping-taxable","14":"purchasable","15":"product-type-simple"},"_links":{"self":[{"href":"https:\/\/michaelbern.com\/fr\/wp-json\/wp\/v2\/product\/3486","targetHints":{"allow":["GET"]}}],"collection":[{"href":"https:\/\/michaelbern.com\/fr\/wp-json\/wp\/v2\/product"}],"about":[{"href":"https:\/\/michaelbern.com\/fr\/wp-json\/wp\/v2\/types\/product"}],"replies":[{"embeddable":true,"href":"https:\/\/michaelbern.com\/fr\/wp-json\/wp\/v2\/comments?post=3486"}],"wp:featuredmedia":[{"embeddable":true,"href":"https:\/\/michaelbern.com\/fr\/wp-json\/wp\/v2\/media\/3483"}],"wp:attachment":[{"href":"https:\/\/michaelbern.com\/fr\/wp-json\/wp\/v2\/media?parent=3486"}],"wp:term":[{"taxonomy":"product_brand","embeddable":true,"href":"https:\/\/michaelbern.com\/fr\/wp-json\/wp\/v2\/product_brand?post=3486"},{"taxonomy":"product_cat","embeddable":true,"href":"https:\/\/michaelbern.com\/fr\/wp-json\/wp\/v2\/product_cat?post=3486"},{"taxonomy":"product_tag","embeddable":true,"href":"https:\/\/michaelbern.com\/fr\/wp-json\/wp\/v2\/product_tag?post=3486"}],"curies":[{"name":"wp","href":"https:\/\/api.w.org\/{rel}","templated":true}]}}