{"id":3448,"date":"2021-02-06T04:17:21","date_gmt":"2021-02-06T03:17:21","guid":{"rendered":"https:\/\/michaelbern.com\/product\/tissot-heritage-1948-chronograph\/"},"modified":"2022-04-08T15:24:12","modified_gmt":"2022-04-08T13:24:12","slug":"tissot-heritage-1948-chronograph","status":"publish","type":"product","link":"https:\/\/michaelbern.com\/fr\/product\/tissot-heritage-1948-chronograph\/","title":{"rendered":"Tissot Heritage 1948 Chronograph"},"content":{"rendered":"<p>Vintage ist auch bei Uhren ein grosses Thema, und die bereits 1853 gegr\u00fcndete Schweizer Traditionsmarke Tissot kann angesichts ihrer langen Geschichte aus einem reichen Fundus von Modellen sch\u00f6pfen, die den Designern als Inspirationsquelle dienen. Mit der neuen Tissot Heritage 1948 hat Tissot ein Modell kreiert, das das Erscheinungsjahr seines Vorg\u00e4ngers im Namen tr\u00e4gt und sich sehr stark an dessen Auftritt orientiert. Dieser Herrenchronograph \u00fcbernimmt diese Nostalgie mit einem Blick f\u00fcrs Detail in zeitgen\u00f6ssische Uhren.<\/p>\n","protected":false},"excerpt":{"rendered":"<p>Vintage ist auch bei Uhren ein grosses Thema, und die bereits 1853 gegr\u00fcndete Schweizer Traditionsmarke Tissot kann angesichts ihrer langen Geschichte aus einem reichen Fundus von Modellen sch\u00f6pfen, die den Designern als Inspirationsquelle dienen. Mit der neuen Tissot Heritage 1948 hat Tissot ein Modell kreiert, das das Erscheinungsjahr seines Vorg\u00e4ngers im Namen tr\u00e4gt und sich [&hellip;]<\/p>\n","protected":false},"featured_media":3446,"comment_status":"open","ping_status":"closed","template":"","meta":{"inline_featured_image":false},"product_brand":[],"product_cat":[98,56],"product_tag":[],"class_list":{"0":"post-3448","1":"product","2":"type-product","3":"status-publish","4":"has-post-thumbnail","6":"product_cat-tissot","7":"product_cat-montres","8":"post-item","10":"first","11":"outofstock","12":"taxable","13":"shipping-taxable","14":"purchasable","15":"product-type-simple"},"_links":{"self":[{"href":"https:\/\/michaelbern.com\/fr\/wp-json\/wp\/v2\/product\/3448","targetHints":{"allow":["GET"]}}],"collection":[{"href":"https:\/\/michaelbern.com\/fr\/wp-json\/wp\/v2\/product"}],"about":[{"href":"https:\/\/michaelbern.com\/fr\/wp-json\/wp\/v2\/types\/product"}],"replies":[{"embeddable":true,"href":"https:\/\/michaelbern.com\/fr\/wp-json\/wp\/v2\/comments?post=3448"}],"wp:featuredmedia":[{"embeddable":true,"href":"https:\/\/michaelbern.com\/fr\/wp-json\/wp\/v2\/media\/3446"}],"wp:attachment":[{"href":"https:\/\/michaelbern.com\/fr\/wp-json\/wp\/v2\/media?parent=3448"}],"wp:term":[{"taxonomy":"product_brand","embeddable":true,"href":"https:\/\/michaelbern.com\/fr\/wp-json\/wp\/v2\/product_brand?post=3448"},{"taxonomy":"product_cat","embeddable":true,"href":"https:\/\/michaelbern.com\/fr\/wp-json\/wp\/v2\/product_cat?post=3448"},{"taxonomy":"product_tag","embeddable":true,"href":"https:\/\/michaelbern.com\/fr\/wp-json\/wp\/v2\/product_tag?post=3448"}],"curies":[{"name":"wp","href":"https:\/\/api.w.org\/{rel}","templated":true}]}}