{"id":3337,"date":"2021-02-06T04:16:09","date_gmt":"2021-02-06T03:16:09","guid":{"rendered":"https:\/\/michaelbern.com\/product\/tissot-pr-100-sport-gent-chronograph-leder-braun\/"},"modified":"2022-04-08T15:24:16","modified_gmt":"2022-04-08T13:24:16","slug":"tissot-pr-100-sport-gent-chronograph-leder-braun","status":"publish","type":"product","link":"https:\/\/michaelbern.com\/fr\/product\/tissot-pr-100-sport-gent-chronograph-leder-braun\/","title":{"rendered":"Tissot PR 100 Sport Gent Chronograph Leder braun"},"content":{"rendered":"<p>Angesichts des Erfolgs der PR 100 Sport-Chic Kollektion f\u00fcr Damen wurde die Serie um eine Herrenkollektion erweitert. Direkt nach dem Business-Meeting ins Sportstudio oder vom B\u00fcro ohne Umweg auf die Joggingstrecke? Mit der Tissot PR 100 Sport Uhren Kollektion kein Problem! Sportlich und elegant gleichermassen pr\u00e4sentieren sich diese in verschiedenen Ausf\u00fchrungen erh\u00e4ltlichen Zeitmesser. Ob als Chronograph oder Dreizeigeruhr, die hochwertige Komponenten wie das kratzfeste Saphirglas oder das Edelstahlarmband mit Faltschliesse und Dr\u00fcckern sowie die Wasserdichtigkeit bis zu einem Druck von 10 bar (100 m) garantieren beste Alltagstauglichkeit.<\/p>\n","protected":false},"excerpt":{"rendered":"<p>Angesichts des Erfolgs der PR 100 Sport-Chic Kollektion f\u00fcr Damen wurde die Serie um eine Herrenkollektion erweitert. Direkt nach dem Business-Meeting ins Sportstudio oder vom B\u00fcro ohne Umweg auf die Joggingstrecke? Mit der Tissot PR 100 Sport Uhren Kollektion kein Problem! Sportlich und elegant gleichermassen pr\u00e4sentieren sich diese in verschiedenen Ausf\u00fchrungen erh\u00e4ltlichen Zeitmesser. Ob als [&hellip;]<\/p>\n","protected":false},"featured_media":3333,"comment_status":"open","ping_status":"closed","template":"","meta":{"inline_featured_image":false},"product_brand":[],"product_cat":[98,56],"product_tag":[],"class_list":{"0":"post-3337","1":"product","2":"type-product","3":"status-publish","4":"has-post-thumbnail","6":"product_cat-tissot","7":"product_cat-montres","8":"post-item","10":"first","11":"outofstock","12":"taxable","13":"shipping-taxable","14":"purchasable","15":"product-type-simple"},"_links":{"self":[{"href":"https:\/\/michaelbern.com\/fr\/wp-json\/wp\/v2\/product\/3337","targetHints":{"allow":["GET"]}}],"collection":[{"href":"https:\/\/michaelbern.com\/fr\/wp-json\/wp\/v2\/product"}],"about":[{"href":"https:\/\/michaelbern.com\/fr\/wp-json\/wp\/v2\/types\/product"}],"replies":[{"embeddable":true,"href":"https:\/\/michaelbern.com\/fr\/wp-json\/wp\/v2\/comments?post=3337"}],"wp:featuredmedia":[{"embeddable":true,"href":"https:\/\/michaelbern.com\/fr\/wp-json\/wp\/v2\/media\/3333"}],"wp:attachment":[{"href":"https:\/\/michaelbern.com\/fr\/wp-json\/wp\/v2\/media?parent=3337"}],"wp:term":[{"taxonomy":"product_brand","embeddable":true,"href":"https:\/\/michaelbern.com\/fr\/wp-json\/wp\/v2\/product_brand?post=3337"},{"taxonomy":"product_cat","embeddable":true,"href":"https:\/\/michaelbern.com\/fr\/wp-json\/wp\/v2\/product_cat?post=3337"},{"taxonomy":"product_tag","embeddable":true,"href":"https:\/\/michaelbern.com\/fr\/wp-json\/wp\/v2\/product_tag?post=3337"}],"curies":[{"name":"wp","href":"https:\/\/api.w.org\/{rel}","templated":true}]}}