{"id":3276,"date":"2021-02-06T04:15:33","date_gmt":"2021-02-06T03:15:33","guid":{"rendered":"https:\/\/michaelbern.com\/product\/tissot-chrono-xl-nba-los-angeles-lakers\/"},"modified":"2022-04-08T15:25:16","modified_gmt":"2022-04-08T13:25:16","slug":"tissot-chrono-xl-nba-los-angeles-lakers","status":"publish","type":"product","link":"https:\/\/michaelbern.com\/fr\/product\/tissot-chrono-xl-nba-los-angeles-lakers\/","title":{"rendered":"Tissot Chrono XL NBA Los Angeles Lakers"},"content":{"rendered":"<p>Tissot, dem Basketballsport seit langem eng verbunden, hat eine umfassende Partnerschaft mit der nordamerikanischen Profiliga NBA (National Basketball Association) und fungiert seit der Saison 2016\/2017 als offizieller Zeitnehmer. Dieses sportliche Tissot Chrono XL Sondermodell ist f\u00fcr alle Fans der NBA gemacht. Der sch\u00f6ne Chronograph mit Swiss Made Quartz-Uhrwerk und Datumsanzeige ist die perfekte Mischung aus sportlich und elegant. Dieses Modell aus der Chrono XL Kollektion hat ein 316L-Edelstahlgeh\u00e4use mit schwarzer PVD-Beschichtung und besitzt ein schwarzes Zifferblatt mit Indizes, welches von einem kratzfesten Saphirglas gesch\u00fctzt wird. Das Lederarmband dieser Uhr ist aus dem offiziellen Spalding\u00ae NBA Leder gefertigt und besitzt eine Standardschliesse. Die Wasserdichtigkeit bis zu einem Druck von 10 Bar (100 Metern\/330 Fuss) machen diese Uhr zur perfekten Begleitung f\u00fcr jeden Tag. Der Geh\u00e4useboden ist mit dem NBA Logo verziert. Eine absolutes Muss f\u00fcr jeden NBA-Fan.<\/p>\n","protected":false},"excerpt":{"rendered":"<p>Tissot, dem Basketballsport seit langem eng verbunden, hat eine umfassende Partnerschaft mit der nordamerikanischen Profiliga NBA (National Basketball Association) und fungiert seit der Saison 2016\/2017 als offizieller Zeitnehmer. Dieses sportliche Tissot Chrono XL Sondermodell ist f\u00fcr alle Fans der NBA gemacht. Der sch\u00f6ne Chronograph mit Swiss Made Quartz-Uhrwerk und Datumsanzeige ist die perfekte Mischung aus [&hellip;]<\/p>\n","protected":false},"featured_media":3275,"comment_status":"open","ping_status":"closed","template":"","meta":{"inline_featured_image":false},"product_brand":[],"product_cat":[98,56],"product_tag":[],"class_list":{"0":"post-3276","1":"product","2":"type-product","3":"status-publish","4":"has-post-thumbnail","6":"product_cat-tissot","7":"product_cat-montres","8":"post-item","10":"first","11":"outofstock","12":"taxable","13":"shipping-taxable","14":"purchasable","15":"product-type-simple"},"_links":{"self":[{"href":"https:\/\/michaelbern.com\/fr\/wp-json\/wp\/v2\/product\/3276","targetHints":{"allow":["GET"]}}],"collection":[{"href":"https:\/\/michaelbern.com\/fr\/wp-json\/wp\/v2\/product"}],"about":[{"href":"https:\/\/michaelbern.com\/fr\/wp-json\/wp\/v2\/types\/product"}],"replies":[{"embeddable":true,"href":"https:\/\/michaelbern.com\/fr\/wp-json\/wp\/v2\/comments?post=3276"}],"wp:featuredmedia":[{"embeddable":true,"href":"https:\/\/michaelbern.com\/fr\/wp-json\/wp\/v2\/media\/3275"}],"wp:attachment":[{"href":"https:\/\/michaelbern.com\/fr\/wp-json\/wp\/v2\/media?parent=3276"}],"wp:term":[{"taxonomy":"product_brand","embeddable":true,"href":"https:\/\/michaelbern.com\/fr\/wp-json\/wp\/v2\/product_brand?post=3276"},{"taxonomy":"product_cat","embeddable":true,"href":"https:\/\/michaelbern.com\/fr\/wp-json\/wp\/v2\/product_cat?post=3276"},{"taxonomy":"product_tag","embeddable":true,"href":"https:\/\/michaelbern.com\/fr\/wp-json\/wp\/v2\/product_tag?post=3276"}],"curies":[{"name":"wp","href":"https:\/\/api.w.org\/{rel}","templated":true}]}}