{"id":3269,"date":"2021-02-06T04:15:29","date_gmt":"2021-02-06T03:15:29","guid":{"rendered":"https:\/\/michaelbern.com\/product\/tissot-chemin-des-tourelles-squelette-2\/"},"modified":"2022-04-08T15:25:16","modified_gmt":"2022-04-08T13:25:16","slug":"tissot-chemin-des-tourelles-squelette-2","status":"publish","type":"product","link":"https:\/\/michaelbern.com\/fr\/product\/tissot-chemin-des-tourelles-squelette-2\/","title":{"rendered":"Tissot Chemin des Tourelles Squelette"},"content":{"rendered":"<p>Die Marke Tissot legt mit der Tissot Chemin des Tourelles Squelette die innersten Geheimnisse ihrer tief verwurzelten Kompetenz in der Herstellung von Pr\u00e4zisionsuhren sprichw\u00f6rtlich offen. Bei diesem Modell verbindet sich das Moderne mit dem exakten Handwerk und zeigt sich in dem von einem Rad inspirierten Design und dem speziell entwickelten Uhrwerk. Diese Kreation ist ein faszinierendes dreidimensionales Erlebnis, das so manches Auge in seinen Bann ziehen wird. Hinter f\u00fcnf \u201eSpeichen\u201c, die sich unter dem Uhrenglas in alle Richtungen erstrecken, arbeitet unerm\u00fcdlich ein mechanisches skelettiertes Uhrwerk mit Handaufzug, das nichts verbirgt. Luxuri\u00f6se Verarbeitung und Designelemente vereinen Tradition mit modernem Styling \u2013 ideal f\u00fcr all jene, die Vergangenheit, Gegenwart und Zukunft zusammenbringen wollen. B\u00fchne frei f\u00fcr stilvolle Auftritte!<\/p>\n","protected":false},"excerpt":{"rendered":"<p>Die Marke Tissot legt mit der Tissot Chemin des Tourelles Squelette die innersten Geheimnisse ihrer tief verwurzelten Kompetenz in der Herstellung von Pr\u00e4zisionsuhren sprichw\u00f6rtlich offen. Bei diesem Modell verbindet sich das Moderne mit dem exakten Handwerk und zeigt sich in dem von einem Rad inspirierten Design und dem speziell entwickelten Uhrwerk. Diese Kreation ist ein [&hellip;]<\/p>\n","protected":false},"featured_media":3267,"comment_status":"open","ping_status":"closed","template":"","meta":{"inline_featured_image":false},"product_brand":[],"product_cat":[98,56],"product_tag":[],"class_list":{"0":"post-3269","1":"product","2":"type-product","3":"status-publish","4":"has-post-thumbnail","6":"product_cat-tissot","7":"product_cat-montres","8":"post-item","10":"first","11":"outofstock","12":"taxable","13":"shipping-taxable","14":"purchasable","15":"product-type-simple"},"_links":{"self":[{"href":"https:\/\/michaelbern.com\/fr\/wp-json\/wp\/v2\/product\/3269","targetHints":{"allow":["GET"]}}],"collection":[{"href":"https:\/\/michaelbern.com\/fr\/wp-json\/wp\/v2\/product"}],"about":[{"href":"https:\/\/michaelbern.com\/fr\/wp-json\/wp\/v2\/types\/product"}],"replies":[{"embeddable":true,"href":"https:\/\/michaelbern.com\/fr\/wp-json\/wp\/v2\/comments?post=3269"}],"wp:featuredmedia":[{"embeddable":true,"href":"https:\/\/michaelbern.com\/fr\/wp-json\/wp\/v2\/media\/3267"}],"wp:attachment":[{"href":"https:\/\/michaelbern.com\/fr\/wp-json\/wp\/v2\/media?parent=3269"}],"wp:term":[{"taxonomy":"product_brand","embeddable":true,"href":"https:\/\/michaelbern.com\/fr\/wp-json\/wp\/v2\/product_brand?post=3269"},{"taxonomy":"product_cat","embeddable":true,"href":"https:\/\/michaelbern.com\/fr\/wp-json\/wp\/v2\/product_cat?post=3269"},{"taxonomy":"product_tag","embeddable":true,"href":"https:\/\/michaelbern.com\/fr\/wp-json\/wp\/v2\/product_tag?post=3269"}],"curies":[{"name":"wp","href":"https:\/\/api.w.org\/{rel}","templated":true}]}}