{"id":3172,"date":"2021-02-06T04:14:24","date_gmt":"2021-02-06T03:14:24","guid":{"rendered":"https:\/\/michaelbern.com\/product\/bomberg-bb-01-lady-skylighter-rosa-weiss\/"},"modified":"2022-04-08T15:25:20","modified_gmt":"2022-04-08T13:25:20","slug":"bomberg-bb-01-lady-skylighter-rosa-weiss","status":"publish","type":"product","link":"https:\/\/michaelbern.com\/fr\/product\/bomberg-bb-01-lady-skylighter-rosa-weiss\/","title":{"rendered":"Bomberg BB-01 Lady Skylighter Rosa & Weiss"},"content":{"rendered":"<p>Rosa und Weiss \u2013 eine klassische Farbkombination, die f\u00fcr K\u00f6nigtum, Reinheit, Opulenz und Feierlichkeit steht. Diese in der Mitte \u00fcppig mit rosafarbenen Swarovski-Kristallen besetzte Uhr ist mit einem weissen, satinierten NATO-Lederarmband versehen und wird von einem Edelstahlgeh\u00e4use umrahmt. Statt Ziffern zieren 12 Kristalle das Zifferblatt. Diese Uhr \u2013 und die besondere Person, die sie anlegt \u2013 ist verspielt und hat Stil. Sie ist perfekt f\u00fcr jemanden, der jeden Anlass zu etwas Besonderem macht. Mit einer Stahlkette (nicht im Lieferumfang enthalten) k\u00f6nnen Sie die Uhr in eine stylische Taschenuhr verwandeln. Diese Uhr mit Schweizer Pr\u00e4zision ist f\u00fcr die Ewigkeit bestimmt und somit ein ganz besonderes Geschenk.<\/p>\n","protected":false},"excerpt":{"rendered":"<p>Rosa und Weiss \u2013 eine klassische Farbkombination, die f\u00fcr K\u00f6nigtum, Reinheit, Opulenz und Feierlichkeit steht. Diese in der Mitte \u00fcppig mit rosafarbenen Swarovski-Kristallen besetzte Uhr ist mit einem weissen, satinierten NATO-Lederarmband versehen und wird von einem Edelstahlgeh\u00e4use umrahmt. Statt Ziffern zieren 12 Kristalle das Zifferblatt. Diese Uhr \u2013 und die besondere Person, die sie anlegt [&hellip;]<\/p>\n","protected":false},"featured_media":3171,"comment_status":"open","ping_status":"closed","template":"","meta":{"inline_featured_image":false},"product_brand":[],"product_cat":[106,56,57],"product_tag":[],"class_list":{"0":"post-3172","1":"product","2":"type-product","3":"status-publish","4":"has-post-thumbnail","6":"product_cat-bomberg","7":"product_cat-montres","8":"product_cat-montres-pour-femmes","9":"post-item","11":"first","12":"outofstock","13":"taxable","14":"shipping-taxable","15":"purchasable","16":"product-type-simple"},"_links":{"self":[{"href":"https:\/\/michaelbern.com\/fr\/wp-json\/wp\/v2\/product\/3172","targetHints":{"allow":["GET"]}}],"collection":[{"href":"https:\/\/michaelbern.com\/fr\/wp-json\/wp\/v2\/product"}],"about":[{"href":"https:\/\/michaelbern.com\/fr\/wp-json\/wp\/v2\/types\/product"}],"replies":[{"embeddable":true,"href":"https:\/\/michaelbern.com\/fr\/wp-json\/wp\/v2\/comments?post=3172"}],"wp:featuredmedia":[{"embeddable":true,"href":"https:\/\/michaelbern.com\/fr\/wp-json\/wp\/v2\/media\/3171"}],"wp:attachment":[{"href":"https:\/\/michaelbern.com\/fr\/wp-json\/wp\/v2\/media?parent=3172"}],"wp:term":[{"taxonomy":"product_brand","embeddable":true,"href":"https:\/\/michaelbern.com\/fr\/wp-json\/wp\/v2\/product_brand?post=3172"},{"taxonomy":"product_cat","embeddable":true,"href":"https:\/\/michaelbern.com\/fr\/wp-json\/wp\/v2\/product_cat?post=3172"},{"taxonomy":"product_tag","embeddable":true,"href":"https:\/\/michaelbern.com\/fr\/wp-json\/wp\/v2\/product_tag?post=3172"}],"curies":[{"name":"wp","href":"https:\/\/api.w.org\/{rel}","templated":true}]}}