{"id":3099,"date":"2021-02-06T04:13:36","date_gmt":"2021-02-06T03:13:36","guid":{"rendered":"https:\/\/michaelbern.com\/product\/hamilton-jazzmaster-open-heart-lady-5\/"},"modified":"2022-04-08T15:25:23","modified_gmt":"2022-04-08T13:25:23","slug":"hamilton-jazzmaster-open-heart-lady-5","status":"publish","type":"product","link":"https:\/\/michaelbern.com\/fr\/product\/hamilton-jazzmaster-open-heart-lady-5\/","title":{"rendered":"Hamilton Jazzmaster Open Heart Lady"},"content":{"rendered":"<p>Herz und Seele offen getragen<br \/>\nDie Jazzmaster Open Heart 36 mm ist eine raffinierte Uhr, die die Uhrmacherkunst auf m\u00fchelose und zeitgem\u00e4sse Art feiert. Ihre kreative Bauweise \u201a\u00f6ffnet ihr Herz\u2018 und gibt damit den Blick frei auf das spannende und sch\u00f6n anzusehende mechanische Geschehen in ihrem Inneren.<br \/>\nIn der perfekten Gr\u00f6sse f\u00fcr das weibliche Handgelenk macht der blanke, moderne Stil die Uhr zu einer hervorragenden Wahl f\u00fcr die tatkr\u00e4ftige urbane Frau von heute. Ob man nun einen Vortrag h\u00e4lt, ein Business-Meeting leitet oder eine Penthouse-Party ausrichtet, die Jazzmaster Open Heart ist immer die richtige Uhr, um die Pers\u00f6nlichkeit der Tr\u00e4gerin subtil zur Geltung zu bringen.<\/p>\n","protected":false},"excerpt":{"rendered":"<p>Herz und Seele offen getragen Die Jazzmaster Open Heart 36 mm ist eine raffinierte Uhr, die die Uhrmacherkunst auf m\u00fchelose und zeitgem\u00e4sse Art feiert. Ihre kreative Bauweise \u201a\u00f6ffnet ihr Herz\u2018 und gibt damit den Blick frei auf das spannende und sch\u00f6n anzusehende mechanische Geschehen in ihrem Inneren. In der perfekten Gr\u00f6sse f\u00fcr das weibliche Handgelenk [&hellip;]<\/p>\n","protected":false},"featured_media":3094,"comment_status":"open","ping_status":"closed","template":"","meta":{"inline_featured_image":false},"product_brand":[],"product_cat":[89,56,57],"product_tag":[],"class_list":{"0":"post-3099","1":"product","2":"type-product","3":"status-publish","4":"has-post-thumbnail","6":"product_cat-hamilton","7":"product_cat-montres","8":"product_cat-montres-pour-femmes","9":"post-item","11":"first","12":"outofstock","13":"taxable","14":"shipping-taxable","15":"purchasable","16":"product-type-simple"},"_links":{"self":[{"href":"https:\/\/michaelbern.com\/fr\/wp-json\/wp\/v2\/product\/3099","targetHints":{"allow":["GET"]}}],"collection":[{"href":"https:\/\/michaelbern.com\/fr\/wp-json\/wp\/v2\/product"}],"about":[{"href":"https:\/\/michaelbern.com\/fr\/wp-json\/wp\/v2\/types\/product"}],"replies":[{"embeddable":true,"href":"https:\/\/michaelbern.com\/fr\/wp-json\/wp\/v2\/comments?post=3099"}],"wp:featuredmedia":[{"embeddable":true,"href":"https:\/\/michaelbern.com\/fr\/wp-json\/wp\/v2\/media\/3094"}],"wp:attachment":[{"href":"https:\/\/michaelbern.com\/fr\/wp-json\/wp\/v2\/media?parent=3099"}],"wp:term":[{"taxonomy":"product_brand","embeddable":true,"href":"https:\/\/michaelbern.com\/fr\/wp-json\/wp\/v2\/product_brand?post=3099"},{"taxonomy":"product_cat","embeddable":true,"href":"https:\/\/michaelbern.com\/fr\/wp-json\/wp\/v2\/product_cat?post=3099"},{"taxonomy":"product_tag","embeddable":true,"href":"https:\/\/michaelbern.com\/fr\/wp-json\/wp\/v2\/product_tag?post=3099"}],"curies":[{"name":"wp","href":"https:\/\/api.w.org\/{rel}","templated":true}]}}