{"id":3046,"date":"2021-02-06T04:13:03","date_gmt":"2021-02-06T03:13:03","guid":{"rendered":"https:\/\/michaelbern.com\/product\/luminox-sea-turtle-0300-series\/"},"modified":"2022-04-08T15:25:25","modified_gmt":"2022-04-08T13:25:25","slug":"luminox-sea-turtle-0300-series","status":"publish","type":"product","link":"https:\/\/michaelbern.com\/fr\/product\/luminox-sea-turtle-0300-series\/","title":{"rendered":"Luminox Sea Turtle 0300 Series"},"content":{"rendered":"<p>Die Sportliche, hervorragend verarbeitete Dreizeiger-Quartzuhr mit Nachtsichteigenschaften aus der neuen Sea Turtle-Serie, verf\u00fcgt neben der Luminox-Technologie \u00fcber Pr\u00e4zision und Langlebigkeit. Das Geh\u00e4use, die in beide Richtung verstellbare L\u00fcnette und der verschraubte Geh\u00e4useboden sind aus geformtem, kohlefaserverst\u00e4rkten Hightech-Kunststoff gefertigt. Die Sea Turtle Serie besticht durch das tolle Design, welches mit der Form einer Schildkr\u00f6te verglichen wird, die Wasserdichtigkeit bis 10 ATM (100m) und das verwendete Ronda Quarzwerk. H\u00f6chste Qualit\u00e4t, Leichtigkeit und Robustheit, das zeichnet diese Luminox aus.<\/p>\n","protected":false},"excerpt":{"rendered":"<p>Die Sportliche, hervorragend verarbeitete Dreizeiger-Quartzuhr mit Nachtsichteigenschaften aus der neuen Sea Turtle-Serie, verf\u00fcgt neben der Luminox-Technologie \u00fcber Pr\u00e4zision und Langlebigkeit. Das Geh\u00e4use, die in beide Richtung verstellbare L\u00fcnette und der verschraubte Geh\u00e4useboden sind aus geformtem, kohlefaserverst\u00e4rkten Hightech-Kunststoff gefertigt. Die Sea Turtle Serie besticht durch das tolle Design, welches mit der Form einer Schildkr\u00f6te verglichen wird, [&hellip;]<\/p>\n","protected":false},"featured_media":3042,"comment_status":"open","ping_status":"closed","template":"","meta":{"inline_featured_image":false},"product_brand":[],"product_cat":[102,56],"product_tag":[],"class_list":{"0":"post-3046","1":"product","2":"type-product","3":"status-publish","4":"has-post-thumbnail","6":"product_cat-luminox","7":"product_cat-montres","8":"post-item","10":"first","11":"outofstock","12":"taxable","13":"shipping-taxable","14":"purchasable","15":"product-type-simple"},"_links":{"self":[{"href":"https:\/\/michaelbern.com\/fr\/wp-json\/wp\/v2\/product\/3046","targetHints":{"allow":["GET"]}}],"collection":[{"href":"https:\/\/michaelbern.com\/fr\/wp-json\/wp\/v2\/product"}],"about":[{"href":"https:\/\/michaelbern.com\/fr\/wp-json\/wp\/v2\/types\/product"}],"replies":[{"embeddable":true,"href":"https:\/\/michaelbern.com\/fr\/wp-json\/wp\/v2\/comments?post=3046"}],"wp:featuredmedia":[{"embeddable":true,"href":"https:\/\/michaelbern.com\/fr\/wp-json\/wp\/v2\/media\/3042"}],"wp:attachment":[{"href":"https:\/\/michaelbern.com\/fr\/wp-json\/wp\/v2\/media?parent=3046"}],"wp:term":[{"taxonomy":"product_brand","embeddable":true,"href":"https:\/\/michaelbern.com\/fr\/wp-json\/wp\/v2\/product_brand?post=3046"},{"taxonomy":"product_cat","embeddable":true,"href":"https:\/\/michaelbern.com\/fr\/wp-json\/wp\/v2\/product_cat?post=3046"},{"taxonomy":"product_tag","embeddable":true,"href":"https:\/\/michaelbern.com\/fr\/wp-json\/wp\/v2\/product_tag?post=3046"}],"curies":[{"name":"wp","href":"https:\/\/api.w.org\/{rel}","templated":true}]}}