{"id":3035,"date":"2021-02-06T04:12:56","date_gmt":"2021-02-06T03:12:56","guid":{"rendered":"https:\/\/michaelbern.com\/product\/luminox-steel-colormark-chronograph-3180-series\/"},"modified":"2022-04-08T15:25:26","modified_gmt":"2022-04-08T13:25:26","slug":"luminox-steel-colormark-chronograph-3180-series","status":"publish","type":"product","link":"https:\/\/michaelbern.com\/fr\/product\/luminox-steel-colormark-chronograph-3180-series\/","title":{"rendered":"Luminox Steel Colormark Chronograph 3180 Series"},"content":{"rendered":"<p>Die Navy SEAL Steel Colormark Chronograph verbindet elegant die Materialien Edelstahl und CARBONOX\u2122 im modernen Black-Out-Design. Das Schwarz in Schwarz gehaltene Zifferblatt ist ausgestattet mit dem bew\u00e4hrten Luminox-Light-Technology-Beleuchtungssystem. \u201eAlways Visible\u201c, energieunabh\u00e4ngig, und das bis zu 25 Jahre lang.<br \/>\nBis zu 200 Meter wasserdicht \u00fcberzeugt diese Uhr zudem durch ihre verschraubte Krone und die Taucherl\u00fcnette und kann auch zum Tauchen genutzt werden.<\/p>\n","protected":false},"excerpt":{"rendered":"<p>Die Navy SEAL Steel Colormark Chronograph verbindet elegant die Materialien Edelstahl und CARBONOX\u2122 im modernen Black-Out-Design. Das Schwarz in Schwarz gehaltene Zifferblatt ist ausgestattet mit dem bew\u00e4hrten Luminox-Light-Technology-Beleuchtungssystem. \u201eAlways Visible\u201c, energieunabh\u00e4ngig, und das bis zu 25 Jahre lang. Bis zu 200 Meter wasserdicht \u00fcberzeugt diese Uhr zudem durch ihre verschraubte Krone und die Taucherl\u00fcnette und [&hellip;]<\/p>\n","protected":false},"featured_media":3031,"comment_status":"open","ping_status":"closed","template":"","meta":{"inline_featured_image":false},"product_brand":[],"product_cat":[102,56],"product_tag":[],"class_list":{"0":"post-3035","1":"product","2":"type-product","3":"status-publish","4":"has-post-thumbnail","6":"product_cat-luminox","7":"product_cat-montres","8":"post-item","10":"first","11":"outofstock","12":"taxable","13":"shipping-taxable","14":"purchasable","15":"product-type-simple"},"_links":{"self":[{"href":"https:\/\/michaelbern.com\/fr\/wp-json\/wp\/v2\/product\/3035","targetHints":{"allow":["GET"]}}],"collection":[{"href":"https:\/\/michaelbern.com\/fr\/wp-json\/wp\/v2\/product"}],"about":[{"href":"https:\/\/michaelbern.com\/fr\/wp-json\/wp\/v2\/types\/product"}],"replies":[{"embeddable":true,"href":"https:\/\/michaelbern.com\/fr\/wp-json\/wp\/v2\/comments?post=3035"}],"wp:featuredmedia":[{"embeddable":true,"href":"https:\/\/michaelbern.com\/fr\/wp-json\/wp\/v2\/media\/3031"}],"wp:attachment":[{"href":"https:\/\/michaelbern.com\/fr\/wp-json\/wp\/v2\/media?parent=3035"}],"wp:term":[{"taxonomy":"product_brand","embeddable":true,"href":"https:\/\/michaelbern.com\/fr\/wp-json\/wp\/v2\/product_brand?post=3035"},{"taxonomy":"product_cat","embeddable":true,"href":"https:\/\/michaelbern.com\/fr\/wp-json\/wp\/v2\/product_cat?post=3035"},{"taxonomy":"product_tag","embeddable":true,"href":"https:\/\/michaelbern.com\/fr\/wp-json\/wp\/v2\/product_tag?post=3035"}],"curies":[{"name":"wp","href":"https:\/\/api.w.org\/{rel}","templated":true}]}}