{"id":2950,"date":"2021-02-06T04:12:07","date_gmt":"2021-02-06T03:12:07","guid":{"rendered":"https:\/\/michaelbern.com\/product\/ebel-discovery-gent-rotating-bezel-automatic\/"},"modified":"2022-04-08T15:25:30","modified_gmt":"2022-04-08T13:25:30","slug":"ebel-discovery-gent-rotating-bezel-automatic","status":"publish","type":"product","link":"https:\/\/michaelbern.com\/fr\/product\/ebel-discovery-gent-rotating-bezel-automatic\/","title":{"rendered":"Ebel Discovery Gent Rotating Bezel Automatic"},"content":{"rendered":"<p>Eine dynamische Uhr mit \u00fcberraschendem, zwanglos schickem Flair. Energisch, entschlossen, entwaffnend, alles Stichworte, welche auf die Ebel Discovery zutreffen. Neuinterpretation des Wellenarmbands mit stark definierten mittleren Gliedern. Das zeitgem\u00e4sse sechseckige Geh\u00e4use besticht durch markante Schrauben-Details. Sportliche Ausstrahlung. Modern und klassisch zugleich. Das polierte Edelstahl unterstreicht die sportliche Optik genauso wie das Zifferblatt. Ausgestattet mit einer drehbaren L\u00fcnette, Saphirglas und einer Wasserdichtigkeit von 20 bar, ist dieser Zeitmesser ein optimaler Begleiter f\u00fcr sportbegeisterte Herren. Im Innern der Uhr tickt hochwertiges, Schweizer Automatikwerk, welches f\u00fcr h\u00f6chste Pr\u00e4zision und eine Gangreserve von ca. 40 Stunden sorgt. Passend zu der Uhr wird ein zus\u00e4tzliches, schwarzes Silikonarmand mitgeliefert, damit Sie nach Lust und Laune den Style Ihrer Uhr \u00e4ndern k\u00f6nnen. Eine Uhr die h\u00e4lt was sie verspricht!<\/p>\n","protected":false},"excerpt":{"rendered":"<p>Eine dynamische Uhr mit \u00fcberraschendem, zwanglos schickem Flair. Energisch, entschlossen, entwaffnend, alles Stichworte, welche auf die Ebel Discovery zutreffen. Neuinterpretation des Wellenarmbands mit stark definierten mittleren Gliedern. Das zeitgem\u00e4sse sechseckige Geh\u00e4use besticht durch markante Schrauben-Details. Sportliche Ausstrahlung. Modern und klassisch zugleich. Das polierte Edelstahl unterstreicht die sportliche Optik genauso wie das Zifferblatt. Ausgestattet mit einer [&hellip;]<\/p>\n","protected":false},"featured_media":2948,"comment_status":"open","ping_status":"closed","template":"","meta":{"inline_featured_image":false},"product_brand":[],"product_cat":[107,56],"product_tag":[],"class_list":{"0":"post-2950","1":"product","2":"type-product","3":"status-publish","4":"has-post-thumbnail","6":"product_cat-ebel","7":"product_cat-montres","8":"post-item","10":"first","11":"outofstock","12":"taxable","13":"shipping-taxable","14":"purchasable","15":"product-type-simple"},"_links":{"self":[{"href":"https:\/\/michaelbern.com\/fr\/wp-json\/wp\/v2\/product\/2950","targetHints":{"allow":["GET"]}}],"collection":[{"href":"https:\/\/michaelbern.com\/fr\/wp-json\/wp\/v2\/product"}],"about":[{"href":"https:\/\/michaelbern.com\/fr\/wp-json\/wp\/v2\/types\/product"}],"replies":[{"embeddable":true,"href":"https:\/\/michaelbern.com\/fr\/wp-json\/wp\/v2\/comments?post=2950"}],"wp:featuredmedia":[{"embeddable":true,"href":"https:\/\/michaelbern.com\/fr\/wp-json\/wp\/v2\/media\/2948"}],"wp:attachment":[{"href":"https:\/\/michaelbern.com\/fr\/wp-json\/wp\/v2\/media?parent=2950"}],"wp:term":[{"taxonomy":"product_brand","embeddable":true,"href":"https:\/\/michaelbern.com\/fr\/wp-json\/wp\/v2\/product_brand?post=2950"},{"taxonomy":"product_cat","embeddable":true,"href":"https:\/\/michaelbern.com\/fr\/wp-json\/wp\/v2\/product_cat?post=2950"},{"taxonomy":"product_tag","embeddable":true,"href":"https:\/\/michaelbern.com\/fr\/wp-json\/wp\/v2\/product_tag?post=2950"}],"curies":[{"name":"wp","href":"https:\/\/api.w.org\/{rel}","templated":true}]}}