{"id":2933,"date":"2021-02-06T04:11:57","date_gmt":"2021-02-06T03:11:57","guid":{"rendered":"https:\/\/michaelbern.com\/product\/ebel-sport-classic-lady-3\/"},"modified":"2022-04-08T15:25:31","modified_gmt":"2022-04-08T13:25:31","slug":"ebel-sport-classic-lady-3","status":"publish","type":"product","link":"https:\/\/michaelbern.com\/fr\/product\/ebel-sport-classic-lady-3\/","title":{"rendered":"Ebel Sport Classic Lady"},"content":{"rendered":"<p>Das zeitlose Design der Ebel Sport Classic verk\u00f6rpert \u2013 mit seinen eleganten, dezenten geometrischen Figuren und dem Streben nach perfekter Linienf\u00fchrung \u2013 Stil in seiner reinsten Form. Die glatte Oberfl\u00e4che des Armbands mit der legend\u00e4ren Wellenform \u2013 das Markenzeichen von Ebel \u2013 wurden als Reminiszenz an das Originalmodell der Sport Classic und ihrer charakteristischen Formvollkommenheit beibehalten, w\u00e4hrend die Wellenstruktur nun ein noch eleganteres Design aufweist. Das neue, glatte und schlichte Armband ist perfekt in die R\u00fcckseite des geschwungenen Uhrgeh\u00e4uses eingepasst und bietet so einen unvergleichlichen Tragekomfort. Eine exklusive neue Schmuckschliesse h\u00e4lt die Uhr sicher am Handgelenk. Die glamour\u00f6se Verbindung aus technischer Virtuosit\u00e4t und wohlproportionierter \u00c4sthetik pr\u00e4gt den stilvollen, sportlichen Look dieses Zeitmessers, der sowohl zu aktiven als auch zu eleganteren Outfits passt. Die Ebel Sport Classic f\u00e4ngt perfekt die Quintessenz der Marke ein und ist ein weiteres Beispiel f\u00fcr jene Kreationen, die entstehen, wenn Sch\u00f6nheit auf Funktionalit\u00e4t trifft.<\/p>\n","protected":false},"excerpt":{"rendered":"<p>Das zeitlose Design der Ebel Sport Classic verk\u00f6rpert \u2013 mit seinen eleganten, dezenten geometrischen Figuren und dem Streben nach perfekter Linienf\u00fchrung \u2013 Stil in seiner reinsten Form. Die glatte Oberfl\u00e4che des Armbands mit der legend\u00e4ren Wellenform \u2013 das Markenzeichen von Ebel \u2013 wurden als Reminiszenz an das Originalmodell der Sport Classic und ihrer charakteristischen Formvollkommenheit [&hellip;]<\/p>\n","protected":false},"featured_media":2932,"comment_status":"open","ping_status":"closed","template":"","meta":{"inline_featured_image":false},"product_brand":[],"product_cat":[107,56,57],"product_tag":[],"class_list":{"0":"post-2933","1":"product","2":"type-product","3":"status-publish","4":"has-post-thumbnail","6":"product_cat-ebel","7":"product_cat-montres","8":"product_cat-montres-pour-femmes","9":"post-item","11":"first","12":"outofstock","13":"taxable","14":"shipping-taxable","15":"purchasable","16":"product-type-simple"},"_links":{"self":[{"href":"https:\/\/michaelbern.com\/fr\/wp-json\/wp\/v2\/product\/2933","targetHints":{"allow":["GET"]}}],"collection":[{"href":"https:\/\/michaelbern.com\/fr\/wp-json\/wp\/v2\/product"}],"about":[{"href":"https:\/\/michaelbern.com\/fr\/wp-json\/wp\/v2\/types\/product"}],"replies":[{"embeddable":true,"href":"https:\/\/michaelbern.com\/fr\/wp-json\/wp\/v2\/comments?post=2933"}],"wp:featuredmedia":[{"embeddable":true,"href":"https:\/\/michaelbern.com\/fr\/wp-json\/wp\/v2\/media\/2932"}],"wp:attachment":[{"href":"https:\/\/michaelbern.com\/fr\/wp-json\/wp\/v2\/media?parent=2933"}],"wp:term":[{"taxonomy":"product_brand","embeddable":true,"href":"https:\/\/michaelbern.com\/fr\/wp-json\/wp\/v2\/product_brand?post=2933"},{"taxonomy":"product_cat","embeddable":true,"href":"https:\/\/michaelbern.com\/fr\/wp-json\/wp\/v2\/product_cat?post=2933"},{"taxonomy":"product_tag","embeddable":true,"href":"https:\/\/michaelbern.com\/fr\/wp-json\/wp\/v2\/product_tag?post=2933"}],"curies":[{"name":"wp","href":"https:\/\/api.w.org\/{rel}","templated":true}]}}