{"id":2856,"date":"2021-02-06T04:11:01","date_gmt":"2021-02-06T03:11:01","guid":{"rendered":"https:\/\/michaelbern.com\/product\/hamilton-jazzmaster-regulator-auto\/"},"modified":"2022-04-08T15:25:35","modified_gmt":"2022-04-08T13:25:35","slug":"hamilton-jazzmaster-regulator-auto","status":"publish","type":"product","link":"https:\/\/michaelbern.com\/fr\/product\/hamilton-jazzmaster-regulator-auto\/","title":{"rendered":"Hamilton Jazzmaster Regulator Auto"},"content":{"rendered":"<p>Die Hamilton Jazzmaster Regulator zeigt die Minuten mit ihrem verbl\u00fcffenden, asymmetrischen Design getrennt von den Stunden. Mit der Jazzmaster Regulator zeigt Hamilton einmal mehr die F\u00e4higkeit ein St\u00fcck uhrmacherischer Tradition in Zeitmesser mit moderner Sprache zu transformieren. In diesem Fall agiert das Regulatorwerk als starker Impulsgeber f\u00fcr die \u00e4ussere Erscheinung. Das Ergebnis ist ein Statement f\u00fcr Genauigkeit und Eleganz, gedacht f\u00fcr Menschen, die eine authentische Uhrenarchitektur mit dem gewissen Etwas zu sch\u00e4tzen wissen.<\/p>\n","protected":false},"excerpt":{"rendered":"<p>Die Hamilton Jazzmaster Regulator zeigt die Minuten mit ihrem verbl\u00fcffenden, asymmetrischen Design getrennt von den Stunden. Mit der Jazzmaster Regulator zeigt Hamilton einmal mehr die F\u00e4higkeit ein St\u00fcck uhrmacherischer Tradition in Zeitmesser mit moderner Sprache zu transformieren. In diesem Fall agiert das Regulatorwerk als starker Impulsgeber f\u00fcr die \u00e4ussere Erscheinung. Das Ergebnis ist ein Statement [&hellip;]<\/p>\n","protected":false},"featured_media":2849,"comment_status":"open","ping_status":"closed","template":"","meta":{"inline_featured_image":false},"product_brand":[],"product_cat":[89,56],"product_tag":[],"class_list":{"0":"post-2856","1":"product","2":"type-product","3":"status-publish","4":"has-post-thumbnail","6":"product_cat-hamilton","7":"product_cat-montres","8":"post-item","10":"first","11":"outofstock","12":"taxable","13":"shipping-taxable","14":"purchasable","15":"product-type-simple"},"_links":{"self":[{"href":"https:\/\/michaelbern.com\/fr\/wp-json\/wp\/v2\/product\/2856","targetHints":{"allow":["GET"]}}],"collection":[{"href":"https:\/\/michaelbern.com\/fr\/wp-json\/wp\/v2\/product"}],"about":[{"href":"https:\/\/michaelbern.com\/fr\/wp-json\/wp\/v2\/types\/product"}],"replies":[{"embeddable":true,"href":"https:\/\/michaelbern.com\/fr\/wp-json\/wp\/v2\/comments?post=2856"}],"wp:featuredmedia":[{"embeddable":true,"href":"https:\/\/michaelbern.com\/fr\/wp-json\/wp\/v2\/media\/2849"}],"wp:attachment":[{"href":"https:\/\/michaelbern.com\/fr\/wp-json\/wp\/v2\/media?parent=2856"}],"wp:term":[{"taxonomy":"product_brand","embeddable":true,"href":"https:\/\/michaelbern.com\/fr\/wp-json\/wp\/v2\/product_brand?post=2856"},{"taxonomy":"product_cat","embeddable":true,"href":"https:\/\/michaelbern.com\/fr\/wp-json\/wp\/v2\/product_cat?post=2856"},{"taxonomy":"product_tag","embeddable":true,"href":"https:\/\/michaelbern.com\/fr\/wp-json\/wp\/v2\/product_tag?post=2856"}],"curies":[{"name":"wp","href":"https:\/\/api.w.org\/{rel}","templated":true}]}}