{"id":2807,"date":"2021-02-06T04:10:27","date_gmt":"2021-02-06T03:10:27","guid":{"rendered":"https:\/\/michaelbern.com\/product\/hamilton-jazzmaster-skeleton-gent-auto\/"},"modified":"2022-04-08T15:25:37","modified_gmt":"2022-04-08T13:25:37","slug":"hamilton-jazzmaster-skeleton-gent-auto","status":"publish","type":"product","link":"https:\/\/michaelbern.com\/fr\/product\/hamilton-jazzmaster-skeleton-gent-auto\/","title":{"rendered":"Hamilton Jazzmaster Skeleton Gent Auto"},"content":{"rendered":"<p>Die Hamilton Jazzmaster Skeleton beherbergt dasselbe exklusive Uhrwerk wie ihr weibliches Gegenst\u00fcck. Beide Seiten des Zeitmessers offenbaren die ultramoderne Uhrentechnik des Kalibers H-20-S als \u201eMotor\u201c der Uhr und erz\u00e4hlen, wie \u00e4sthetische Mechanik auf k\u00fchne M\u00e4nnlichkeit trifft. Winkel und Kurven lassen gemeinsam die dramatischen, anthrazitfarbenen \u00d6ffnungen entstehen, die den gr\u00f6\u00dften Teil des Zifferblatts ausmachen und sogar verstohlene Blicke auf das darunterliegende Handgelenk erlauben. Umrahmt wird das Ganze von gekonnt konstruierten und auf verschiedenen Ebenen gestaffelt angeordneten Ringen, auf denen eine detaillierte Skala von 0 bis 60 sowie das Branding zu sehen ist. Die durch das Skelettieren gesetzten k\u00fcnstlerischen Akzente bilden einen Kontrast mit einem weiteren technischen Detail, den applizierten Super-LumiNova\u00ae-Indexen. Komplettiert wird die Uhr je nach Wahl von einem f\u00fcnfreihigen Edelstahl- oder einem schwarzen Lederarmband. Es sieht ganz so aus, als gehe von Offenherzigkeit mit einem Mal ein stark maskuliner Appeal aus.<\/p>\n","protected":false},"excerpt":{"rendered":"<p>Die Hamilton Jazzmaster Skeleton beherbergt dasselbe exklusive Uhrwerk wie ihr weibliches Gegenst\u00fcck. Beide Seiten des Zeitmessers offenbaren die ultramoderne Uhrentechnik des Kalibers H-20-S als \u201eMotor\u201c der Uhr und erz\u00e4hlen, wie \u00e4sthetische Mechanik auf k\u00fchne M\u00e4nnlichkeit trifft. Winkel und Kurven lassen gemeinsam die dramatischen, anthrazitfarbenen \u00d6ffnungen entstehen, die den gr\u00f6\u00dften Teil des Zifferblatts ausmachen und sogar [&hellip;]<\/p>\n","protected":false},"featured_media":2803,"comment_status":"open","ping_status":"closed","template":"","meta":{"inline_featured_image":false},"product_brand":[],"product_cat":[89,56],"product_tag":[],"class_list":{"0":"post-2807","1":"product","2":"type-product","3":"status-publish","4":"has-post-thumbnail","6":"product_cat-hamilton","7":"product_cat-montres","8":"post-item","10":"first","11":"outofstock","12":"taxable","13":"shipping-taxable","14":"purchasable","15":"product-type-simple"},"_links":{"self":[{"href":"https:\/\/michaelbern.com\/fr\/wp-json\/wp\/v2\/product\/2807","targetHints":{"allow":["GET"]}}],"collection":[{"href":"https:\/\/michaelbern.com\/fr\/wp-json\/wp\/v2\/product"}],"about":[{"href":"https:\/\/michaelbern.com\/fr\/wp-json\/wp\/v2\/types\/product"}],"replies":[{"embeddable":true,"href":"https:\/\/michaelbern.com\/fr\/wp-json\/wp\/v2\/comments?post=2807"}],"wp:featuredmedia":[{"embeddable":true,"href":"https:\/\/michaelbern.com\/fr\/wp-json\/wp\/v2\/media\/2803"}],"wp:attachment":[{"href":"https:\/\/michaelbern.com\/fr\/wp-json\/wp\/v2\/media?parent=2807"}],"wp:term":[{"taxonomy":"product_brand","embeddable":true,"href":"https:\/\/michaelbern.com\/fr\/wp-json\/wp\/v2\/product_brand?post=2807"},{"taxonomy":"product_cat","embeddable":true,"href":"https:\/\/michaelbern.com\/fr\/wp-json\/wp\/v2\/product_cat?post=2807"},{"taxonomy":"product_tag","embeddable":true,"href":"https:\/\/michaelbern.com\/fr\/wp-json\/wp\/v2\/product_tag?post=2807"}],"curies":[{"name":"wp","href":"https:\/\/api.w.org\/{rel}","templated":true}]}}