{"id":2764,"date":"2021-02-06T04:10:00","date_gmt":"2021-02-06T03:10:00","guid":{"rendered":"https:\/\/michaelbern.com\/product\/tissot-le-locle-automatic-diamond\/"},"modified":"2022-04-08T15:25:39","modified_gmt":"2022-04-08T13:25:39","slug":"tissot-le-locle-automatic-diamond","status":"publish","type":"product","link":"https:\/\/michaelbern.com\/fr\/product\/tissot-le-locle-automatic-diamond\/","title":{"rendered":"Tissot Le Locle Automatic Diamond"},"content":{"rendered":"<p>Die Tissot Le Locle Automatic verk\u00f6rpert die Handwerkstradition von Tissot. Benannt nach der Heimatstadt der Marke im Schweizer Juragebirge, passt diese Uhr perfekt zu Damen, die zeitlose Eleganz und Schweizer Uhrmachertradition suchen. Bei diesem Modell handelt es sich um die gr\u00f6\u00dfere Ausf\u00fchrung der Tissot Le Locle f\u00fcr Damen mit einem Geh\u00e4usedurchmesser von 29 mm. Zu den Merkmalen dieser Uhr geh\u00f6ren ein Swiss Made Automatikwerk, ein kratzfestes Saphirglas, ein Bicolor 316L &#8211; Edelstahlgeh\u00e4use mit rosegoldfarbener PVD-Beschichtung sowie eine Datums-Anzeige. Dieses klassische Modell aus der Le Locle Automatik Kollektion hat ein helles Perlmutt Zifferblatt mit Indizes. Das Zifferblatt ist zudem mit 12 Diamanten verziert. Das massive Bicolor 316L &#8211; Edelstahlarmband mit rosegoldfarbener PVD-Beschichtung besitzt eine Butterfly-Faltschlie\u00dfe mit Dr\u00fcckern.<\/p>\n","protected":false},"excerpt":{"rendered":"<p>Die Tissot Le Locle Automatic verk\u00f6rpert die Handwerkstradition von Tissot. Benannt nach der Heimatstadt der Marke im Schweizer Juragebirge, passt diese Uhr perfekt zu Damen, die zeitlose Eleganz und Schweizer Uhrmachertradition suchen. Bei diesem Modell handelt es sich um die gr\u00f6\u00dfere Ausf\u00fchrung der Tissot Le Locle f\u00fcr Damen mit einem Geh\u00e4usedurchmesser von 29 mm. Zu [&hellip;]<\/p>\n","protected":false},"featured_media":2758,"comment_status":"open","ping_status":"closed","template":"","meta":{"inline_featured_image":false},"product_brand":[],"product_cat":[98,56,57],"product_tag":[],"class_list":{"0":"post-2764","1":"product","2":"type-product","3":"status-publish","4":"has-post-thumbnail","6":"product_cat-tissot","7":"product_cat-montres","8":"product_cat-montres-pour-femmes","9":"post-item","11":"first","12":"outofstock","13":"taxable","14":"shipping-taxable","15":"purchasable","16":"product-type-simple"},"_links":{"self":[{"href":"https:\/\/michaelbern.com\/fr\/wp-json\/wp\/v2\/product\/2764","targetHints":{"allow":["GET"]}}],"collection":[{"href":"https:\/\/michaelbern.com\/fr\/wp-json\/wp\/v2\/product"}],"about":[{"href":"https:\/\/michaelbern.com\/fr\/wp-json\/wp\/v2\/types\/product"}],"replies":[{"embeddable":true,"href":"https:\/\/michaelbern.com\/fr\/wp-json\/wp\/v2\/comments?post=2764"}],"wp:featuredmedia":[{"embeddable":true,"href":"https:\/\/michaelbern.com\/fr\/wp-json\/wp\/v2\/media\/2758"}],"wp:attachment":[{"href":"https:\/\/michaelbern.com\/fr\/wp-json\/wp\/v2\/media?parent=2764"}],"wp:term":[{"taxonomy":"product_brand","embeddable":true,"href":"https:\/\/michaelbern.com\/fr\/wp-json\/wp\/v2\/product_brand?post=2764"},{"taxonomy":"product_cat","embeddable":true,"href":"https:\/\/michaelbern.com\/fr\/wp-json\/wp\/v2\/product_cat?post=2764"},{"taxonomy":"product_tag","embeddable":true,"href":"https:\/\/michaelbern.com\/fr\/wp-json\/wp\/v2\/product_tag?post=2764"}],"curies":[{"name":"wp","href":"https:\/\/api.w.org\/{rel}","templated":true}]}}