{"id":2742,"date":"2021-02-06T04:09:45","date_gmt":"2021-02-06T03:09:45","guid":{"rendered":"https:\/\/michaelbern.com\/product\/hamilton-khaki-x-wind-chrono-gmt-4\/"},"modified":"2022-04-08T15:25:39","modified_gmt":"2022-04-08T13:25:39","slug":"hamilton-khaki-x-wind-chrono-gmt-4","status":"publish","type":"product","link":"https:\/\/michaelbern.com\/fr\/product\/hamilton-khaki-x-wind-chrono-gmt-4\/","title":{"rendered":"Hamilton Khaki X-Wind Chrono GMT"},"content":{"rendered":"<p>Ein neues Kaliber, das eine 24-Stunden-GMT-Anzeige mit einem Chronographen verbindet, bringt frischen Wind in die Linie Khaki X-Wind. Das robuste 46 mm-Edelstahlgeh\u00e4use weist eine verschraubte Krone und eine drehbare L\u00fcnette auf und bildet einen eindrucksvollen Rahmen f\u00fcr die Stunden- und Minutenz\u00e4hler, die sich vom kr\u00e4ftig schwarzen Hintergrund des Zifferblatts abheben.<br \/>\nDie GMT-Funktion hat ihren Ursprung in jener Zeit, als Piloten begannen, lange Strecken zur\u00fcckzulegen und zwischen verschiedenen Zeitzonen zu pendeln. Sie ben\u00f6tigten eine Uhr, die sowohl die jeweilige Ortszeit als auch die Uhrzeit in ihrem Heimatland anzeigen konnte. Uhren mit GMT-Funktion werden von Piloten und Reisenden gleichermassen getragen und aufgrund ihrer Zweckm\u00e4ssigkeit und einfachen Benutzung gesch\u00e4tzt: Ein Blick auf die Uhr gen\u00fcgt, und schon wei\u00df man, wie viel Uhr es gerade in Tokio, Z\u00fcrich oder New York ist.<\/p>\n","protected":false},"excerpt":{"rendered":"<p>Ein neues Kaliber, das eine 24-Stunden-GMT-Anzeige mit einem Chronographen verbindet, bringt frischen Wind in die Linie Khaki X-Wind. Das robuste 46 mm-Edelstahlgeh\u00e4use weist eine verschraubte Krone und eine drehbare L\u00fcnette auf und bildet einen eindrucksvollen Rahmen f\u00fcr die Stunden- und Minutenz\u00e4hler, die sich vom kr\u00e4ftig schwarzen Hintergrund des Zifferblatts abheben. Die GMT-Funktion hat ihren Ursprung [&hellip;]<\/p>\n","protected":false},"featured_media":2737,"comment_status":"open","ping_status":"closed","template":"","meta":{"inline_featured_image":false},"product_brand":[],"product_cat":[89,56],"product_tag":[],"class_list":{"0":"post-2742","1":"product","2":"type-product","3":"status-publish","4":"has-post-thumbnail","6":"product_cat-hamilton","7":"product_cat-montres","8":"post-item","10":"first","11":"outofstock","12":"taxable","13":"shipping-taxable","14":"purchasable","15":"product-type-simple"},"_links":{"self":[{"href":"https:\/\/michaelbern.com\/fr\/wp-json\/wp\/v2\/product\/2742","targetHints":{"allow":["GET"]}}],"collection":[{"href":"https:\/\/michaelbern.com\/fr\/wp-json\/wp\/v2\/product"}],"about":[{"href":"https:\/\/michaelbern.com\/fr\/wp-json\/wp\/v2\/types\/product"}],"replies":[{"embeddable":true,"href":"https:\/\/michaelbern.com\/fr\/wp-json\/wp\/v2\/comments?post=2742"}],"wp:featuredmedia":[{"embeddable":true,"href":"https:\/\/michaelbern.com\/fr\/wp-json\/wp\/v2\/media\/2737"}],"wp:attachment":[{"href":"https:\/\/michaelbern.com\/fr\/wp-json\/wp\/v2\/media?parent=2742"}],"wp:term":[{"taxonomy":"product_brand","embeddable":true,"href":"https:\/\/michaelbern.com\/fr\/wp-json\/wp\/v2\/product_brand?post=2742"},{"taxonomy":"product_cat","embeddable":true,"href":"https:\/\/michaelbern.com\/fr\/wp-json\/wp\/v2\/product_cat?post=2742"},{"taxonomy":"product_tag","embeddable":true,"href":"https:\/\/michaelbern.com\/fr\/wp-json\/wp\/v2\/product_tag?post=2742"}],"curies":[{"name":"wp","href":"https:\/\/api.w.org\/{rel}","templated":true}]}}