{"id":2685,"date":"2021-02-06T04:09:09","date_gmt":"2021-02-06T03:09:09","guid":{"rendered":"https:\/\/michaelbern.com\/product\/hamilton-khaki-x-wind-day-date-auto-2\/"},"modified":"2022-04-08T15:25:42","modified_gmt":"2022-04-08T13:25:42","slug":"hamilton-khaki-x-wind-day-date-auto-2","status":"publish","type":"product","link":"https:\/\/michaelbern.com\/fr\/product\/hamilton-khaki-x-wind-day-date-auto-2\/","title":{"rendered":"Hamilton Khaki X-Wind Day Date Auto"},"content":{"rendered":"<p>Dicht auf den Fersen ihrer \u00e4lteren Schwester mit dem klassischen Fliegerdesign und den Pilotenfunktionen folgt die moderne, kantige Day Date Automatikversion, um die Hamilton die Linie Khaki X-Wind erweitert hat. Grosse Ziffern mit Super-LumiNova\u00ae Beschichtung und typische Pilotenzeiger erwecken das sportliche Zifferblatt zum Leben und werden durch das Wochentags- und Datumsfenster bei 9 Uhr erg\u00e4nzt. Das neue Modell setzt ganz auf das charakteristische Instrumentendesign der Khaki Aviation und profitiert von dem durchschlagenden Erfolg der X-Wind Auto Chrono. So \u00fcberzeugt die Khaki X-Wind Day Date mit einem starken Styling in drei Varianten aus Edelstahl bzw. mit schwarzer PVD-Beschichtung sowie mit einer Auswahl von Leder- oder Stahlarmb\u00e4ndern. Alle verf\u00fcgen \u00fcber eine orangefarbene 24-Stunden-Skala und die charakteristischen Kronen der Khaki X-Wind.<\/p>\n","protected":false},"excerpt":{"rendered":"<p>Dicht auf den Fersen ihrer \u00e4lteren Schwester mit dem klassischen Fliegerdesign und den Pilotenfunktionen folgt die moderne, kantige Day Date Automatikversion, um die Hamilton die Linie Khaki X-Wind erweitert hat. Grosse Ziffern mit Super-LumiNova\u00ae Beschichtung und typische Pilotenzeiger erwecken das sportliche Zifferblatt zum Leben und werden durch das Wochentags- und Datumsfenster bei 9 Uhr erg\u00e4nzt. [&hellip;]<\/p>\n","protected":false},"featured_media":2679,"comment_status":"open","ping_status":"closed","template":"","meta":{"inline_featured_image":false},"product_brand":[],"product_cat":[89,56],"product_tag":[],"class_list":{"0":"post-2685","1":"product","2":"type-product","3":"status-publish","4":"has-post-thumbnail","6":"product_cat-hamilton","7":"product_cat-montres","8":"post-item","10":"first","11":"outofstock","12":"taxable","13":"shipping-taxable","14":"purchasable","15":"product-type-simple"},"_links":{"self":[{"href":"https:\/\/michaelbern.com\/fr\/wp-json\/wp\/v2\/product\/2685","targetHints":{"allow":["GET"]}}],"collection":[{"href":"https:\/\/michaelbern.com\/fr\/wp-json\/wp\/v2\/product"}],"about":[{"href":"https:\/\/michaelbern.com\/fr\/wp-json\/wp\/v2\/types\/product"}],"replies":[{"embeddable":true,"href":"https:\/\/michaelbern.com\/fr\/wp-json\/wp\/v2\/comments?post=2685"}],"wp:featuredmedia":[{"embeddable":true,"href":"https:\/\/michaelbern.com\/fr\/wp-json\/wp\/v2\/media\/2679"}],"wp:attachment":[{"href":"https:\/\/michaelbern.com\/fr\/wp-json\/wp\/v2\/media?parent=2685"}],"wp:term":[{"taxonomy":"product_brand","embeddable":true,"href":"https:\/\/michaelbern.com\/fr\/wp-json\/wp\/v2\/product_brand?post=2685"},{"taxonomy":"product_cat","embeddable":true,"href":"https:\/\/michaelbern.com\/fr\/wp-json\/wp\/v2\/product_cat?post=2685"},{"taxonomy":"product_tag","embeddable":true,"href":"https:\/\/michaelbern.com\/fr\/wp-json\/wp\/v2\/product_tag?post=2685"}],"curies":[{"name":"wp","href":"https:\/\/api.w.org\/{rel}","templated":true}]}}