{"id":2634,"date":"2021-02-06T04:08:37","date_gmt":"2021-02-06T03:08:37","guid":{"rendered":"https:\/\/michaelbern.com\/product\/hamilton-shaped-ventura-agent-m\/"},"modified":"2022-04-08T15:25:44","modified_gmt":"2022-04-08T13:25:44","slug":"hamilton-shaped-ventura-agent-m","status":"publish","type":"product","link":"https:\/\/michaelbern.com\/fr\/product\/hamilton-shaped-ventura-agent-m\/","title":{"rendered":"Hamilton Shaped Ventura Agent M"},"content":{"rendered":"<p>Die \u201eMen In Black\u201c sind zur\u00fcck, mit einem coolen neuen Look, einem brandneuen Team und dem gleichen ber\u00fchmten Outfit, zu dem auch die Hamilton Ventura geh\u00f6rt. Die perfekte Wahl f\u00fcr die ber\u00fchmtesten Alienj\u00e4ger der Welt.<br \/>\nDie Hamilton Ventura hat in jedem Men In Black-Film eine Starrolle gespielt \u2013 als Schl\u00fcssel zu den Figuren, wie auch der schwarze Anzug, die Sonnenbrillen und der Neuralisator. Die Ventura ist eine unserer beliebtesten Uhren und seit ihrer urspr\u00fcnglichen Lancierung im Jahr 1957 Kult.<\/p>\n","protected":false},"excerpt":{"rendered":"<p>Die \u201eMen In Black\u201c sind zur\u00fcck, mit einem coolen neuen Look, einem brandneuen Team und dem gleichen ber\u00fchmten Outfit, zu dem auch die Hamilton Ventura geh\u00f6rt. Die perfekte Wahl f\u00fcr die ber\u00fchmtesten Alienj\u00e4ger der Welt. Die Hamilton Ventura hat in jedem Men In Black-Film eine Starrolle gespielt \u2013 als Schl\u00fcssel zu den Figuren, wie auch [&hellip;]<\/p>\n","protected":false},"featured_media":2628,"comment_status":"open","ping_status":"closed","template":"","meta":{"inline_featured_image":false},"product_brand":[],"product_cat":[89,56,57],"product_tag":[],"class_list":{"0":"post-2634","1":"product","2":"type-product","3":"status-publish","4":"has-post-thumbnail","6":"product_cat-hamilton","7":"product_cat-montres","8":"product_cat-montres-pour-femmes","9":"post-item","11":"first","12":"outofstock","13":"taxable","14":"shipping-taxable","15":"purchasable","16":"product-type-simple"},"_links":{"self":[{"href":"https:\/\/michaelbern.com\/fr\/wp-json\/wp\/v2\/product\/2634","targetHints":{"allow":["GET"]}}],"collection":[{"href":"https:\/\/michaelbern.com\/fr\/wp-json\/wp\/v2\/product"}],"about":[{"href":"https:\/\/michaelbern.com\/fr\/wp-json\/wp\/v2\/types\/product"}],"replies":[{"embeddable":true,"href":"https:\/\/michaelbern.com\/fr\/wp-json\/wp\/v2\/comments?post=2634"}],"wp:featuredmedia":[{"embeddable":true,"href":"https:\/\/michaelbern.com\/fr\/wp-json\/wp\/v2\/media\/2628"}],"wp:attachment":[{"href":"https:\/\/michaelbern.com\/fr\/wp-json\/wp\/v2\/media?parent=2634"}],"wp:term":[{"taxonomy":"product_brand","embeddable":true,"href":"https:\/\/michaelbern.com\/fr\/wp-json\/wp\/v2\/product_brand?post=2634"},{"taxonomy":"product_cat","embeddable":true,"href":"https:\/\/michaelbern.com\/fr\/wp-json\/wp\/v2\/product_cat?post=2634"},{"taxonomy":"product_tag","embeddable":true,"href":"https:\/\/michaelbern.com\/fr\/wp-json\/wp\/v2\/product_tag?post=2634"}],"curies":[{"name":"wp","href":"https:\/\/api.w.org\/{rel}","templated":true}]}}