{"id":2624,"date":"2021-02-06T04:08:32","date_gmt":"2021-02-06T03:08:32","guid":{"rendered":"https:\/\/michaelbern.com\/product\/hamilton-shaped-ventura\/"},"modified":"2022-04-08T15:25:44","modified_gmt":"2022-04-08T13:25:44","slug":"hamilton-shaped-ventura","status":"publish","type":"product","link":"https:\/\/michaelbern.com\/fr\/product\/hamilton-shaped-ventura\/","title":{"rendered":"Hamilton Shaped Ventura"},"content":{"rendered":"<p>Die Ventura ist dem Originalmodell aus dem Jahre 1957 nachempfunden. Die Assoziation der Marke Hamilton mit Elvis Presley geht auf das Jahr 1961 zur\u00fcck, als der \u201eKing\u201c im Film \u201eBlue Hawaii\u201c die ber\u00fchmte Hamilton Ventura trug. Sp\u00e4ter kaufte der Rock&rsquo;n Roll Star dasselbe Modell zum pers\u00f6nlichen Gebrauch. Die dreieckige Form des Geh\u00e4uses sowie das Zifferblatt mit Strichindexen, die in einer abgerundeten Spitze enden, spiegeln das Erbe ihrer Vorl\u00e4ufer wider. Eine sehr elegante Uhr mit einem einzigartigen Design.<\/p>\n","protected":false},"excerpt":{"rendered":"<p>Die Ventura ist dem Originalmodell aus dem Jahre 1957 nachempfunden. Die Assoziation der Marke Hamilton mit Elvis Presley geht auf das Jahr 1961 zur\u00fcck, als der \u201eKing\u201c im Film \u201eBlue Hawaii\u201c die ber\u00fchmte Hamilton Ventura trug. Sp\u00e4ter kaufte der Rock&rsquo;n Roll Star dasselbe Modell zum pers\u00f6nlichen Gebrauch. Die dreieckige Form des Geh\u00e4uses sowie das Zifferblatt [&hellip;]<\/p>\n","protected":false},"featured_media":2620,"comment_status":"open","ping_status":"closed","template":"","meta":{"inline_featured_image":false},"product_brand":[],"product_cat":[89,56,57],"product_tag":[],"class_list":{"0":"post-2624","1":"product","2":"type-product","3":"status-publish","4":"has-post-thumbnail","6":"product_cat-hamilton","7":"product_cat-montres","8":"product_cat-montres-pour-femmes","9":"post-item","11":"first","12":"outofstock","13":"taxable","14":"shipping-taxable","15":"purchasable","16":"product-type-simple"},"_links":{"self":[{"href":"https:\/\/michaelbern.com\/fr\/wp-json\/wp\/v2\/product\/2624","targetHints":{"allow":["GET"]}}],"collection":[{"href":"https:\/\/michaelbern.com\/fr\/wp-json\/wp\/v2\/product"}],"about":[{"href":"https:\/\/michaelbern.com\/fr\/wp-json\/wp\/v2\/types\/product"}],"replies":[{"embeddable":true,"href":"https:\/\/michaelbern.com\/fr\/wp-json\/wp\/v2\/comments?post=2624"}],"wp:featuredmedia":[{"embeddable":true,"href":"https:\/\/michaelbern.com\/fr\/wp-json\/wp\/v2\/media\/2620"}],"wp:attachment":[{"href":"https:\/\/michaelbern.com\/fr\/wp-json\/wp\/v2\/media?parent=2624"}],"wp:term":[{"taxonomy":"product_brand","embeddable":true,"href":"https:\/\/michaelbern.com\/fr\/wp-json\/wp\/v2\/product_brand?post=2624"},{"taxonomy":"product_cat","embeddable":true,"href":"https:\/\/michaelbern.com\/fr\/wp-json\/wp\/v2\/product_cat?post=2624"},{"taxonomy":"product_tag","embeddable":true,"href":"https:\/\/michaelbern.com\/fr\/wp-json\/wp\/v2\/product_tag?post=2624"}],"curies":[{"name":"wp","href":"https:\/\/api.w.org\/{rel}","templated":true}]}}