{"id":2556,"date":"2021-02-06T04:07:51","date_gmt":"2021-02-06T03:07:51","guid":{"rendered":"https:\/\/michaelbern.com\/product\/rado-coupole-classic-xl-ntc-chronograph-2\/"},"modified":"2022-04-08T15:25:47","modified_gmt":"2022-04-08T13:25:47","slug":"rado-coupole-classic-xl-ntc-chronograph-2","status":"publish","type":"product","link":"https:\/\/michaelbern.com\/fr\/product\/rado-coupole-classic-xl-ntc-chronograph-2\/","title":{"rendered":"Rado Coupole Classic XL NTC Chronograph"},"content":{"rendered":"<p>Diese Rado Coupole Classic ist wie der Name schon sagt ein wahrer Klassiker. Die Kollektion wurde im Jahr 1987 zum ersten Mal aufgelegt. Jetzt ist Rado auf sie zur\u00fcckgekommen und hat ihr einen neuen, ausgefallenen Look verliehen. Die Coupole Classic ist von Rado Uhren aus den 60er Jahren inspiriert und vereint Vintage Design mit einem modernen Touch. Raffiniert, minimalistisch und schick, das sind die Schl\u00fcsselw\u00f6rter, wenn es um das Design dieser schlichten, auf das Wesentliche reduzierte Sch\u00f6nheit geht.<\/p>\n","protected":false},"excerpt":{"rendered":"<p>Diese Rado Coupole Classic ist wie der Name schon sagt ein wahrer Klassiker. Die Kollektion wurde im Jahr 1987 zum ersten Mal aufgelegt. Jetzt ist Rado auf sie zur\u00fcckgekommen und hat ihr einen neuen, ausgefallenen Look verliehen. Die Coupole Classic ist von Rado Uhren aus den 60er Jahren inspiriert und vereint Vintage Design mit einem [&hellip;]<\/p>\n","protected":false},"featured_media":2552,"comment_status":"open","ping_status":"closed","template":"","meta":{"inline_featured_image":false},"product_brand":[],"product_cat":[97,56],"product_tag":[],"class_list":{"0":"post-2556","1":"product","2":"type-product","3":"status-publish","4":"has-post-thumbnail","6":"product_cat-rado","7":"product_cat-montres","8":"post-item","10":"first","11":"outofstock","12":"taxable","13":"shipping-taxable","14":"purchasable","15":"product-type-simple"},"_links":{"self":[{"href":"https:\/\/michaelbern.com\/fr\/wp-json\/wp\/v2\/product\/2556","targetHints":{"allow":["GET"]}}],"collection":[{"href":"https:\/\/michaelbern.com\/fr\/wp-json\/wp\/v2\/product"}],"about":[{"href":"https:\/\/michaelbern.com\/fr\/wp-json\/wp\/v2\/types\/product"}],"replies":[{"embeddable":true,"href":"https:\/\/michaelbern.com\/fr\/wp-json\/wp\/v2\/comments?post=2556"}],"wp:featuredmedia":[{"embeddable":true,"href":"https:\/\/michaelbern.com\/fr\/wp-json\/wp\/v2\/media\/2552"}],"wp:attachment":[{"href":"https:\/\/michaelbern.com\/fr\/wp-json\/wp\/v2\/media?parent=2556"}],"wp:term":[{"taxonomy":"product_brand","embeddable":true,"href":"https:\/\/michaelbern.com\/fr\/wp-json\/wp\/v2\/product_brand?post=2556"},{"taxonomy":"product_cat","embeddable":true,"href":"https:\/\/michaelbern.com\/fr\/wp-json\/wp\/v2\/product_cat?post=2556"},{"taxonomy":"product_tag","embeddable":true,"href":"https:\/\/michaelbern.com\/fr\/wp-json\/wp\/v2\/product_tag?post=2556"}],"curies":[{"name":"wp","href":"https:\/\/api.w.org\/{rel}","templated":true}]}}