{"id":2499,"date":"2021-02-06T04:07:16","date_gmt":"2021-02-06T03:07:16","guid":{"rendered":"https:\/\/michaelbern.com\/product\/rado-centrix-chronograph\/"},"modified":"2022-04-08T15:25:49","modified_gmt":"2022-04-08T13:25:49","slug":"rado-centrix-chronograph","status":"publish","type":"product","link":"https:\/\/michaelbern.com\/fr\/product\/rado-centrix-chronograph\/","title":{"rendered":"Rado Centrix Chronograph"},"content":{"rendered":"<p>Die Zeit fliegt und fliegt, doch mit dieser Quarzchronographen-Edition der Rado Centrix k\u00f6nnen Sie sie pr\u00e4zise messen. Wenn jede Sekunde z\u00e4hlt, sollten Sie immer die Zeit auf eine Zehntelsekunde genau kennen. Diese Rado Centrix bietet Sportlichkeit und den unverkennbaren Rado Look in Kombination mit dem angenehm tragbaren Armband aus hochwertigem HighTech-Keramik und Edelstahl. Geschmeidige Linien und Oberfl\u00e4chen geben ihr einen raffinierten und gleichzeitig modernen Touch. So, wie sich die besten Modesch\u00f6pfer der Welt auf die perfekte Mischung aus Stoff und Schnitt verlassen, setzt diese Rado Centrix Chronograph auf eine Mischung aus eleganten Linien und dazu passenden Materialien.<\/p>\n","protected":false},"excerpt":{"rendered":"<p>Die Zeit fliegt und fliegt, doch mit dieser Quarzchronographen-Edition der Rado Centrix k\u00f6nnen Sie sie pr\u00e4zise messen. Wenn jede Sekunde z\u00e4hlt, sollten Sie immer die Zeit auf eine Zehntelsekunde genau kennen. Diese Rado Centrix bietet Sportlichkeit und den unverkennbaren Rado Look in Kombination mit dem angenehm tragbaren Armband aus hochwertigem HighTech-Keramik und Edelstahl. Geschmeidige Linien [&hellip;]<\/p>\n","protected":false},"featured_media":2493,"comment_status":"open","ping_status":"closed","template":"","meta":{"inline_featured_image":false},"product_brand":[],"product_cat":[97,56],"product_tag":[],"class_list":{"0":"post-2499","1":"product","2":"type-product","3":"status-publish","4":"has-post-thumbnail","6":"product_cat-rado","7":"product_cat-montres","8":"post-item","10":"first","11":"outofstock","12":"taxable","13":"shipping-taxable","14":"purchasable","15":"product-type-simple"},"_links":{"self":[{"href":"https:\/\/michaelbern.com\/fr\/wp-json\/wp\/v2\/product\/2499","targetHints":{"allow":["GET"]}}],"collection":[{"href":"https:\/\/michaelbern.com\/fr\/wp-json\/wp\/v2\/product"}],"about":[{"href":"https:\/\/michaelbern.com\/fr\/wp-json\/wp\/v2\/types\/product"}],"replies":[{"embeddable":true,"href":"https:\/\/michaelbern.com\/fr\/wp-json\/wp\/v2\/comments?post=2499"}],"wp:featuredmedia":[{"embeddable":true,"href":"https:\/\/michaelbern.com\/fr\/wp-json\/wp\/v2\/media\/2493"}],"wp:attachment":[{"href":"https:\/\/michaelbern.com\/fr\/wp-json\/wp\/v2\/media?parent=2499"}],"wp:term":[{"taxonomy":"product_brand","embeddable":true,"href":"https:\/\/michaelbern.com\/fr\/wp-json\/wp\/v2\/product_brand?post=2499"},{"taxonomy":"product_cat","embeddable":true,"href":"https:\/\/michaelbern.com\/fr\/wp-json\/wp\/v2\/product_cat?post=2499"},{"taxonomy":"product_tag","embeddable":true,"href":"https:\/\/michaelbern.com\/fr\/wp-json\/wp\/v2\/product_tag?post=2499"}],"curies":[{"name":"wp","href":"https:\/\/api.w.org\/{rel}","templated":true}]}}