{"id":2492,"date":"2021-02-06T04:07:12","date_gmt":"2021-02-06T03:07:12","guid":{"rendered":"https:\/\/michaelbern.com\/product\/rado-diamaster-thinline-l-jubile-3\/"},"modified":"2022-04-08T15:25:49","modified_gmt":"2022-04-08T13:25:49","slug":"rado-diamaster-thinline-l-jubile-3","status":"publish","type":"product","link":"https:\/\/michaelbern.com\/fr\/product\/rado-diamaster-thinline-l-jubile-3\/","title":{"rendered":"Rado DiaMaster Thinline L Jubil\u00e9"},"content":{"rendered":"<p>Ros\u00e9goldfarbenes Ceramos l\u00e4sst diese DiaMaster Modelle, deren Sch\u00f6nheit auf dem Kontrast basiert, lebendig werden. So wird das minimalistische Geh\u00e4use-Design durch das luxuri\u00f6se Zifferblatt aus Perlmutt kontrastiert, das zudem mit 48 Diamanten best\u00fcckt ist. Komplettiert wird das Paket mit einem Armband aus weichem Leder. Damit eignet sich diese klassische Uhr f\u00fcr jeden Anlass.<\/p>\n","protected":false},"excerpt":{"rendered":"<p>Ros\u00e9goldfarbenes Ceramos l\u00e4sst diese DiaMaster Modelle, deren Sch\u00f6nheit auf dem Kontrast basiert, lebendig werden. So wird das minimalistische Geh\u00e4use-Design durch das luxuri\u00f6se Zifferblatt aus Perlmutt kontrastiert, das zudem mit 48 Diamanten best\u00fcckt ist. Komplettiert wird das Paket mit einem Armband aus weichem Leder. Damit eignet sich diese klassische Uhr f\u00fcr jeden Anlass.<\/p>\n","protected":false},"featured_media":2488,"comment_status":"open","ping_status":"closed","template":"","meta":{"inline_featured_image":false},"product_brand":[],"product_cat":[97,56,57],"product_tag":[],"class_list":{"0":"post-2492","1":"product","2":"type-product","3":"status-publish","4":"has-post-thumbnail","6":"product_cat-rado","7":"product_cat-montres","8":"product_cat-montres-pour-femmes","9":"post-item","11":"first","12":"outofstock","13":"taxable","14":"shipping-taxable","15":"purchasable","16":"product-type-simple"},"_links":{"self":[{"href":"https:\/\/michaelbern.com\/fr\/wp-json\/wp\/v2\/product\/2492","targetHints":{"allow":["GET"]}}],"collection":[{"href":"https:\/\/michaelbern.com\/fr\/wp-json\/wp\/v2\/product"}],"about":[{"href":"https:\/\/michaelbern.com\/fr\/wp-json\/wp\/v2\/types\/product"}],"replies":[{"embeddable":true,"href":"https:\/\/michaelbern.com\/fr\/wp-json\/wp\/v2\/comments?post=2492"}],"wp:featuredmedia":[{"embeddable":true,"href":"https:\/\/michaelbern.com\/fr\/wp-json\/wp\/v2\/media\/2488"}],"wp:attachment":[{"href":"https:\/\/michaelbern.com\/fr\/wp-json\/wp\/v2\/media?parent=2492"}],"wp:term":[{"taxonomy":"product_brand","embeddable":true,"href":"https:\/\/michaelbern.com\/fr\/wp-json\/wp\/v2\/product_brand?post=2492"},{"taxonomy":"product_cat","embeddable":true,"href":"https:\/\/michaelbern.com\/fr\/wp-json\/wp\/v2\/product_cat?post=2492"},{"taxonomy":"product_tag","embeddable":true,"href":"https:\/\/michaelbern.com\/fr\/wp-json\/wp\/v2\/product_tag?post=2492"}],"curies":[{"name":"wp","href":"https:\/\/api.w.org\/{rel}","templated":true}]}}