{"id":2229,"date":"2021-02-06T04:04:25","date_gmt":"2021-02-06T03:04:25","guid":{"rendered":"https:\/\/michaelbern.com\/product\/bomberg-bb-68-smoked-light-blue-chronograph\/"},"modified":"2022-04-08T15:25:58","modified_gmt":"2022-04-08T13:25:58","slug":"bomberg-bb-68-smoked-light-blue-chronograph","status":"publish","type":"product","link":"https:\/\/michaelbern.com\/fr\/product\/bomberg-bb-68-smoked-light-blue-chronograph\/","title":{"rendered":"Bomberg BB-68 Smoked Light Blue Chronograph"},"content":{"rendered":"<p>Ein Zeitmesser von wahrer klassischer Sch\u00f6nheit. Diese Uhr strahlt Ihr Savoir-faire in der realen Welt der Menschen aus. Die Einkerbungen Rand um das Ziffernblatt, das graue und ros\u00e9farbene Stahlgeh\u00e4use und das Metallarmband, nicht zu vergessen das k\u00fchle rauchige Dunkelgrau der Vorderseite&#8230; alle diese Merkmale stehen f\u00fcr Vertrauen, Leichtigkeit und Erfolg. In der Tat ist diese Uhr extrem \u00ab\u00a0stimmungsvoll\u00a0\u00bb. Ihr \u00ab\u00a0Statement\u00a0\u00bb lautet, alles ist gut, der Tr\u00e4ger f\u00fchlt sich wohl in der Welt und Zeit ist wichtig. Die Krone, die Zeiger und Unterzifferbl\u00e4tter der Uhr bieten Ihnen allesamt die Schweizer Pr\u00e4zision von Weltklasse und die Liebe zu Detail, die so typisch f\u00fcr Bomberg sind. Uhrwerk, Design und Montage alles made in Switzerland.<\/p>\n","protected":false},"excerpt":{"rendered":"<p>Ein Zeitmesser von wahrer klassischer Sch\u00f6nheit. Diese Uhr strahlt Ihr Savoir-faire in der realen Welt der Menschen aus. Die Einkerbungen Rand um das Ziffernblatt, das graue und ros\u00e9farbene Stahlgeh\u00e4use und das Metallarmband, nicht zu vergessen das k\u00fchle rauchige Dunkelgrau der Vorderseite&#8230; alle diese Merkmale stehen f\u00fcr Vertrauen, Leichtigkeit und Erfolg. In der Tat ist diese [&hellip;]<\/p>\n","protected":false},"featured_media":2222,"comment_status":"open","ping_status":"closed","template":"","meta":{"inline_featured_image":false},"product_brand":[],"product_cat":[106,56],"product_tag":[],"class_list":{"0":"post-2229","1":"product","2":"type-product","3":"status-publish","4":"has-post-thumbnail","6":"product_cat-bomberg","7":"product_cat-montres","8":"post-item","10":"first","11":"outofstock","12":"taxable","13":"shipping-taxable","14":"purchasable","15":"product-type-simple"},"_links":{"self":[{"href":"https:\/\/michaelbern.com\/fr\/wp-json\/wp\/v2\/product\/2229","targetHints":{"allow":["GET"]}}],"collection":[{"href":"https:\/\/michaelbern.com\/fr\/wp-json\/wp\/v2\/product"}],"about":[{"href":"https:\/\/michaelbern.com\/fr\/wp-json\/wp\/v2\/types\/product"}],"replies":[{"embeddable":true,"href":"https:\/\/michaelbern.com\/fr\/wp-json\/wp\/v2\/comments?post=2229"}],"wp:featuredmedia":[{"embeddable":true,"href":"https:\/\/michaelbern.com\/fr\/wp-json\/wp\/v2\/media\/2222"}],"wp:attachment":[{"href":"https:\/\/michaelbern.com\/fr\/wp-json\/wp\/v2\/media?parent=2229"}],"wp:term":[{"taxonomy":"product_brand","embeddable":true,"href":"https:\/\/michaelbern.com\/fr\/wp-json\/wp\/v2\/product_brand?post=2229"},{"taxonomy":"product_cat","embeddable":true,"href":"https:\/\/michaelbern.com\/fr\/wp-json\/wp\/v2\/product_cat?post=2229"},{"taxonomy":"product_tag","embeddable":true,"href":"https:\/\/michaelbern.com\/fr\/wp-json\/wp\/v2\/product_tag?post=2229"}],"curies":[{"name":"wp","href":"https:\/\/api.w.org\/{rel}","templated":true}]}}