{"id":2165,"date":"2021-02-06T04:03:43","date_gmt":"2021-02-06T03:03:43","guid":{"rendered":"https:\/\/michaelbern.com\/product\/bomberg-bb-01-automatic-black-blue\/"},"modified":"2022-04-08T15:26:00","modified_gmt":"2022-04-08T13:26:00","slug":"bomberg-bb-01-automatic-black-blue","status":"publish","type":"product","link":"https:\/\/michaelbern.com\/fr\/product\/bomberg-bb-01-automatic-black-blue\/","title":{"rendered":"Bomberg BB-01 Automatic Black & Blue"},"content":{"rendered":"<p>Der Charakter dieser Bomberg-Automatikuhr kommt von den eleganten pulverblauen Akzenten &#8211; auf den drei Zeigern, den Stunden- und Minutenziffern und dem Farbtupfer auf der Krone, der bei 2 Uhr liegt. Der Schl\u00fcssel zum Gesamtbild ist das blaue Silikonarmband im Rennstil, das perfekt zu den Zifferblattakzenten passt. Das Zifferblatt weist auch ein sechszackiges Muster auf, wie die Speichen eines Rades, das an die fl\u00fcchtige Natur der Zeit erinnert &#8211; und an Ihre Lust, das Leben schnell anzugehen und nicht zu warten, bis die K\u00fcste klar ist. Die Seiten des Geh\u00e4uses sind mit einem eingekerbten \u00ab\u00a0Granatenmuster\u00a0\u00bb verziert, das daran erinnert, wie die besten &#8211; und am besten gemachten &#8211; Pl\u00e4ne immer noch explodieren k\u00f6nnen. Die Uhr ist ein Genuss, sie zu betrachten und zu tragen, und die zuverl\u00e4ssige Schweizer Technik im Inneren des Geh\u00e4uses sorgt f\u00fcr eine lange Lebensdauer.<\/p>\n","protected":false},"excerpt":{"rendered":"<p>Der Charakter dieser Bomberg-Automatikuhr kommt von den eleganten pulverblauen Akzenten &#8211; auf den drei Zeigern, den Stunden- und Minutenziffern und dem Farbtupfer auf der Krone, der bei 2 Uhr liegt. Der Schl\u00fcssel zum Gesamtbild ist das blaue Silikonarmband im Rennstil, das perfekt zu den Zifferblattakzenten passt. Das Zifferblatt weist auch ein sechszackiges Muster auf, wie [&hellip;]<\/p>\n","protected":false},"featured_media":2159,"comment_status":"open","ping_status":"closed","template":"","meta":{"inline_featured_image":false},"product_brand":[],"product_cat":[106,56],"product_tag":[],"class_list":{"0":"post-2165","1":"product","2":"type-product","3":"status-publish","4":"has-post-thumbnail","6":"product_cat-bomberg","7":"product_cat-montres","8":"post-item","10":"first","11":"outofstock","12":"taxable","13":"shipping-taxable","14":"purchasable","15":"product-type-simple"},"_links":{"self":[{"href":"https:\/\/michaelbern.com\/fr\/wp-json\/wp\/v2\/product\/2165","targetHints":{"allow":["GET"]}}],"collection":[{"href":"https:\/\/michaelbern.com\/fr\/wp-json\/wp\/v2\/product"}],"about":[{"href":"https:\/\/michaelbern.com\/fr\/wp-json\/wp\/v2\/types\/product"}],"replies":[{"embeddable":true,"href":"https:\/\/michaelbern.com\/fr\/wp-json\/wp\/v2\/comments?post=2165"}],"wp:featuredmedia":[{"embeddable":true,"href":"https:\/\/michaelbern.com\/fr\/wp-json\/wp\/v2\/media\/2159"}],"wp:attachment":[{"href":"https:\/\/michaelbern.com\/fr\/wp-json\/wp\/v2\/media?parent=2165"}],"wp:term":[{"taxonomy":"product_brand","embeddable":true,"href":"https:\/\/michaelbern.com\/fr\/wp-json\/wp\/v2\/product_brand?post=2165"},{"taxonomy":"product_cat","embeddable":true,"href":"https:\/\/michaelbern.com\/fr\/wp-json\/wp\/v2\/product_cat?post=2165"},{"taxonomy":"product_tag","embeddable":true,"href":"https:\/\/michaelbern.com\/fr\/wp-json\/wp\/v2\/product_tag?post=2165"}],"curies":[{"name":"wp","href":"https:\/\/api.w.org\/{rel}","templated":true}]}}