{"id":2142,"date":"2021-02-06T04:03:28","date_gmt":"2021-02-06T03:03:28","guid":{"rendered":"https:\/\/michaelbern.com\/product\/bomberg-bb-01-automatic-red\/"},"modified":"2022-04-08T15:27:18","modified_gmt":"2022-04-08T13:27:18","slug":"bomberg-bb-01-automatic-red","status":"publish","type":"product","link":"https:\/\/michaelbern.com\/fr\/product\/bomberg-bb-01-automatic-red\/","title":{"rendered":"Bomberg BB-01 Automatic Red"},"content":{"rendered":"<p>Diese automatische Uhr spricht leise, aber mit einer kr\u00e4ftigen roten Stimme. Ein rotes Fenster, unter dem das rotierende Datumsrad sichtbar ist, sorgt f\u00fcr den gr\u00f6ssten Teil der Farbgebung, ebenso wie Akzente am Rand und ein roter Tupfer auf der Krone. Zudem sind in dem perforierten Silikonarmband Rott\u00f6ne zu erkennen. Innerhalb des roten Bereichs auf dem Zifferblatt befindet sich eine sechszackige geometrische Figur, die den Speichen eines Rades \u00e4hnelt, welches mit dem Band zusammenh\u00e4ngt. Jedes Detail dieser Uhr ist fein, auch die Seiten des Geh\u00e4uses, welche mit einem gerillten Granatenmuster verziert sind. Auch das Glas ist etwas Besonderes: Saphirglas &#8211; es sch\u00e4rft den Blick auf die Funktionen des Zifferblatts. Diese Uhr kann in jeder Situation getragen werden: zum Arbeiten, besonders wenn Sie in einem kreativen Bereich arbeiten, und zum Spielen &#8211; jedes Abenteuer, das Sie sich ausdenken k\u00f6nnen. Die Uhr w\u00fcrde einem dynamischen Lebensstil dienen, in dem Risiken eingegangen, Freuden genossen und Erf\u00fcllung erreicht werden. Die Uhr ist ein Genuss, sie zu betrachten und zu tragen, und die zuverl\u00e4ssige Schweizer Technik im Inneren des Geh\u00e4uses sorgt f\u00fcr eine lange Lebensdauer.<\/p>\n","protected":false},"excerpt":{"rendered":"<p>Diese automatische Uhr spricht leise, aber mit einer kr\u00e4ftigen roten Stimme. Ein rotes Fenster, unter dem das rotierende Datumsrad sichtbar ist, sorgt f\u00fcr den gr\u00f6ssten Teil der Farbgebung, ebenso wie Akzente am Rand und ein roter Tupfer auf der Krone. Zudem sind in dem perforierten Silikonarmband Rott\u00f6ne zu erkennen. Innerhalb des roten Bereichs auf dem [&hellip;]<\/p>\n","protected":false},"featured_media":2135,"comment_status":"open","ping_status":"closed","template":"","meta":{"inline_featured_image":false},"product_brand":[],"product_cat":[106,56],"product_tag":[],"class_list":{"0":"post-2142","1":"product","2":"type-product","3":"status-publish","4":"has-post-thumbnail","6":"product_cat-bomberg","7":"product_cat-montres","8":"post-item","10":"first","11":"outofstock","12":"taxable","13":"shipping-taxable","14":"purchasable","15":"product-type-simple"},"_links":{"self":[{"href":"https:\/\/michaelbern.com\/fr\/wp-json\/wp\/v2\/product\/2142","targetHints":{"allow":["GET"]}}],"collection":[{"href":"https:\/\/michaelbern.com\/fr\/wp-json\/wp\/v2\/product"}],"about":[{"href":"https:\/\/michaelbern.com\/fr\/wp-json\/wp\/v2\/types\/product"}],"replies":[{"embeddable":true,"href":"https:\/\/michaelbern.com\/fr\/wp-json\/wp\/v2\/comments?post=2142"}],"wp:featuredmedia":[{"embeddable":true,"href":"https:\/\/michaelbern.com\/fr\/wp-json\/wp\/v2\/media\/2135"}],"wp:attachment":[{"href":"https:\/\/michaelbern.com\/fr\/wp-json\/wp\/v2\/media?parent=2142"}],"wp:term":[{"taxonomy":"product_brand","embeddable":true,"href":"https:\/\/michaelbern.com\/fr\/wp-json\/wp\/v2\/product_brand?post=2142"},{"taxonomy":"product_cat","embeddable":true,"href":"https:\/\/michaelbern.com\/fr\/wp-json\/wp\/v2\/product_cat?post=2142"},{"taxonomy":"product_tag","embeddable":true,"href":"https:\/\/michaelbern.com\/fr\/wp-json\/wp\/v2\/product_tag?post=2142"}],"curies":[{"name":"wp","href":"https:\/\/api.w.org\/{rel}","templated":true}]}}