{"id":2134,"date":"2021-02-06T04:03:23","date_gmt":"2021-02-06T03:03:23","guid":{"rendered":"https:\/\/michaelbern.com\/product\/bomberg-bb-01-automatic-green\/"},"modified":"2022-04-08T15:27:18","modified_gmt":"2022-04-08T13:27:18","slug":"bomberg-bb-01-automatic-green","status":"publish","type":"product","link":"https:\/\/michaelbern.com\/fr\/product\/bomberg-bb-01-automatic-green\/","title":{"rendered":"Bomberg BB-01 Automatic Green"},"content":{"rendered":"<p>Das Markenzeichen dieser Uhr ist ihre Subtilit\u00e4t, die Verwendung eines hellen und sanften Gr\u00fcns, das es schafft, auch lebendig zu sein. Die einzigen Farbspritzer kommen von den Zahlen auf dem Zifferblatt, dem Sekundenzeiger, dem Tupfer am Ende der Krone, der kunstvoll bei 2 Uhr platziert ist, und den Perforationen auf dem Silikonband im Rennstil. Aber das ist viel, um diesem bemerkenswert sch\u00f6nen Zeitmesser seinen Geschmack zu verleihen. Dar\u00fcber hinaus sorgt das Saphirglas daf\u00fcr, dass jedes Zifferblattdetail glasklar ist. Schliesslich zeigt das Zifferblatt eine sechszackige geometrische Figur wie Radspeichen, die den Tr\u00e4ger daran erinnert: Carpe Diem! Die Uhr ist ein Genuss, sie zu betrachten und zu tragen, und die zuverl\u00e4ssige Schweizer Technik im Inneren des Geh\u00e4uses sorgt f\u00fcr eine lange Lebensdauer.<\/p>\n","protected":false},"excerpt":{"rendered":"<p>Das Markenzeichen dieser Uhr ist ihre Subtilit\u00e4t, die Verwendung eines hellen und sanften Gr\u00fcns, das es schafft, auch lebendig zu sein. Die einzigen Farbspritzer kommen von den Zahlen auf dem Zifferblatt, dem Sekundenzeiger, dem Tupfer am Ende der Krone, der kunstvoll bei 2 Uhr platziert ist, und den Perforationen auf dem Silikonband im Rennstil. Aber [&hellip;]<\/p>\n","protected":false},"featured_media":2128,"comment_status":"open","ping_status":"closed","template":"","meta":{"inline_featured_image":false},"product_brand":[],"product_cat":[106,56],"product_tag":[],"class_list":{"0":"post-2134","1":"product","2":"type-product","3":"status-publish","4":"has-post-thumbnail","6":"product_cat-bomberg","7":"product_cat-montres","8":"post-item","10":"first","11":"outofstock","12":"taxable","13":"shipping-taxable","14":"purchasable","15":"product-type-simple"},"_links":{"self":[{"href":"https:\/\/michaelbern.com\/fr\/wp-json\/wp\/v2\/product\/2134","targetHints":{"allow":["GET"]}}],"collection":[{"href":"https:\/\/michaelbern.com\/fr\/wp-json\/wp\/v2\/product"}],"about":[{"href":"https:\/\/michaelbern.com\/fr\/wp-json\/wp\/v2\/types\/product"}],"replies":[{"embeddable":true,"href":"https:\/\/michaelbern.com\/fr\/wp-json\/wp\/v2\/comments?post=2134"}],"wp:featuredmedia":[{"embeddable":true,"href":"https:\/\/michaelbern.com\/fr\/wp-json\/wp\/v2\/media\/2128"}],"wp:attachment":[{"href":"https:\/\/michaelbern.com\/fr\/wp-json\/wp\/v2\/media?parent=2134"}],"wp:term":[{"taxonomy":"product_brand","embeddable":true,"href":"https:\/\/michaelbern.com\/fr\/wp-json\/wp\/v2\/product_brand?post=2134"},{"taxonomy":"product_cat","embeddable":true,"href":"https:\/\/michaelbern.com\/fr\/wp-json\/wp\/v2\/product_cat?post=2134"},{"taxonomy":"product_tag","embeddable":true,"href":"https:\/\/michaelbern.com\/fr\/wp-json\/wp\/v2\/product_tag?post=2134"}],"curies":[{"name":"wp","href":"https:\/\/api.w.org\/{rel}","templated":true}]}}