{"id":1980,"date":"2021-02-06T04:01:40","date_gmt":"2021-02-06T03:01:40","guid":{"rendered":"https:\/\/michaelbern.com\/product\/louis-erard-excellence-triptych-regulator\/"},"modified":"2022-04-08T15:27:24","modified_gmt":"2022-04-08T13:27:24","slug":"louis-erard-excellence-triptych-regulator","status":"publish","type":"product","link":"https:\/\/michaelbern.com\/fr\/product\/louis-erard-excellence-triptych-regulator\/","title":{"rendered":"Louis Erard Excellence Triptych Regulator"},"content":{"rendered":"<p>Man wird die klassische Uhr niemals komplett neu erfinden k\u00f6nnen, aber man kann sie wieder mit Sinn erf\u00fcllen. Mit der Excellence Triptych ist genau dies gelungen \u2013 es ist das neue R\u00fcckgrat der Traditionslinie.<br \/>\nDas Herz dieser neuen Uhrmacherfamilie schl\u00e4gt im Schweizer Jura, genauer gesagt in Le Noirmont, einem kleinen Dorf inmitten von Viehweiden und Nadelb\u00e4umen. Hier ist die Marke ortsans\u00e4ssig. Diese, f\u00fcr die Gegend so typischen B\u00e4ume standen f\u00fcr das Zeigerdesign Pate und dienen auch als funktionaler Kronendekor \u2013 als subtile Anspielung auf den Begriff \u00abArt Sapin\u00bb (Tannenkunst), die im Jura \u00fcbliche Variante des Jugendstils.<\/p>\n","protected":false},"excerpt":{"rendered":"<p>Man wird die klassische Uhr niemals komplett neu erfinden k\u00f6nnen, aber man kann sie wieder mit Sinn erf\u00fcllen. Mit der Excellence Triptych ist genau dies gelungen \u2013 es ist das neue R\u00fcckgrat der Traditionslinie. Das Herz dieser neuen Uhrmacherfamilie schl\u00e4gt im Schweizer Jura, genauer gesagt in Le Noirmont, einem kleinen Dorf inmitten von Viehweiden und [&hellip;]<\/p>\n","protected":false},"featured_media":1974,"comment_status":"open","ping_status":"closed","template":"","meta":{"inline_featured_image":false},"product_brand":[],"product_cat":[105,56],"product_tag":[],"class_list":{"0":"post-1980","1":"product","2":"type-product","3":"status-publish","4":"has-post-thumbnail","6":"product_cat-louis-erard","7":"product_cat-montres","8":"post-item","10":"first","11":"outofstock","12":"taxable","13":"shipping-taxable","14":"purchasable","15":"product-type-simple"},"_links":{"self":[{"href":"https:\/\/michaelbern.com\/fr\/wp-json\/wp\/v2\/product\/1980","targetHints":{"allow":["GET"]}}],"collection":[{"href":"https:\/\/michaelbern.com\/fr\/wp-json\/wp\/v2\/product"}],"about":[{"href":"https:\/\/michaelbern.com\/fr\/wp-json\/wp\/v2\/types\/product"}],"replies":[{"embeddable":true,"href":"https:\/\/michaelbern.com\/fr\/wp-json\/wp\/v2\/comments?post=1980"}],"wp:featuredmedia":[{"embeddable":true,"href":"https:\/\/michaelbern.com\/fr\/wp-json\/wp\/v2\/media\/1974"}],"wp:attachment":[{"href":"https:\/\/michaelbern.com\/fr\/wp-json\/wp\/v2\/media?parent=1980"}],"wp:term":[{"taxonomy":"product_brand","embeddable":true,"href":"https:\/\/michaelbern.com\/fr\/wp-json\/wp\/v2\/product_brand?post=1980"},{"taxonomy":"product_cat","embeddable":true,"href":"https:\/\/michaelbern.com\/fr\/wp-json\/wp\/v2\/product_cat?post=1980"},{"taxonomy":"product_tag","embeddable":true,"href":"https:\/\/michaelbern.com\/fr\/wp-json\/wp\/v2\/product_tag?post=1980"}],"curies":[{"name":"wp","href":"https:\/\/api.w.org\/{rel}","templated":true}]}}