{"id":1938,"date":"2021-02-06T04:01:14","date_gmt":"2021-02-06T03:01:14","guid":{"rendered":"https:\/\/michaelbern.com\/product\/louis-erard-excellence-regulator-power-reserve-3\/"},"modified":"2022-04-08T15:27:26","modified_gmt":"2022-04-08T13:27:26","slug":"louis-erard-excellence-regulator-power-reserve-3","status":"publish","type":"product","link":"https:\/\/michaelbern.com\/fr\/product\/louis-erard-excellence-regulator-power-reserve-3\/","title":{"rendered":"Louis Erard Excellence Regulator \u2013 Power Reserve"},"content":{"rendered":"<p>Zeitmessung ist mechanisch, die Mechanik macht die Uhr \u2013 zwei Prinzipien, die Louis Erard am Herzen liegen. Das Uhrwerk steht im Zentrum des kreativen Prozesses. Werke werden angepasst, individuell gestaltet oder gar exklusiv f\u00fcr die Marke entwickelt \u2013 immer aber ist das Werk das zentrale Element jeder Uhr. Es ist zu f\u00fchlen, es will beachtet werden, es tickt \u2013 mehr als eine Maschine, die Seele der Uhr. Der Rahmen steht, doch die Formen sind h\u00f6chst unterschiedlich. Ob Gesch\u00e4ftsmann oder \u00c4sthet \u2013 wer Entscheidungen trifft weiss, dass Zeit wertvoll ist. Und dass Excellence die einzige Option ist.<\/p>\n","protected":false},"excerpt":{"rendered":"<p>Zeitmessung ist mechanisch, die Mechanik macht die Uhr \u2013 zwei Prinzipien, die Louis Erard am Herzen liegen. Das Uhrwerk steht im Zentrum des kreativen Prozesses. Werke werden angepasst, individuell gestaltet oder gar exklusiv f\u00fcr die Marke entwickelt \u2013 immer aber ist das Werk das zentrale Element jeder Uhr. Es ist zu f\u00fchlen, es will beachtet [&hellip;]<\/p>\n","protected":false},"featured_media":1931,"comment_status":"open","ping_status":"closed","template":"","meta":{"inline_featured_image":false},"product_brand":[],"product_cat":[105,56],"product_tag":[],"class_list":{"0":"post-1938","1":"product","2":"type-product","3":"status-publish","4":"has-post-thumbnail","6":"product_cat-louis-erard","7":"product_cat-montres","8":"post-item","10":"first","11":"outofstock","12":"taxable","13":"shipping-taxable","14":"purchasable","15":"product-type-simple"},"_links":{"self":[{"href":"https:\/\/michaelbern.com\/fr\/wp-json\/wp\/v2\/product\/1938","targetHints":{"allow":["GET"]}}],"collection":[{"href":"https:\/\/michaelbern.com\/fr\/wp-json\/wp\/v2\/product"}],"about":[{"href":"https:\/\/michaelbern.com\/fr\/wp-json\/wp\/v2\/types\/product"}],"replies":[{"embeddable":true,"href":"https:\/\/michaelbern.com\/fr\/wp-json\/wp\/v2\/comments?post=1938"}],"wp:featuredmedia":[{"embeddable":true,"href":"https:\/\/michaelbern.com\/fr\/wp-json\/wp\/v2\/media\/1931"}],"wp:attachment":[{"href":"https:\/\/michaelbern.com\/fr\/wp-json\/wp\/v2\/media?parent=1938"}],"wp:term":[{"taxonomy":"product_brand","embeddable":true,"href":"https:\/\/michaelbern.com\/fr\/wp-json\/wp\/v2\/product_brand?post=1938"},{"taxonomy":"product_cat","embeddable":true,"href":"https:\/\/michaelbern.com\/fr\/wp-json\/wp\/v2\/product_cat?post=1938"},{"taxonomy":"product_tag","embeddable":true,"href":"https:\/\/michaelbern.com\/fr\/wp-json\/wp\/v2\/product_tag?post=1938"}],"curies":[{"name":"wp","href":"https:\/\/api.w.org\/{rel}","templated":true}]}}