{"id":1622,"date":"2021-02-06T03:57:56","date_gmt":"2021-02-06T02:57:56","guid":{"rendered":"https:\/\/michaelbern.com\/product\/mido-commander-chronometer-4\/"},"modified":"2022-04-08T15:27:35","modified_gmt":"2022-04-08T13:27:35","slug":"mido-commander-chronometer-4","status":"publish","type":"product","link":"https:\/\/michaelbern.com\/fr\/product\/mido-commander-chronometer-4\/","title":{"rendered":"Mido Commander Chronometer"},"content":{"rendered":"<p>Die ganz mit Eisen verkleideten Kurven und Querstreben des Eiffelturms faszinieren. Als Denkmal mit hohem Symbolwert, zeichnet er sich durch seine technische und architektonische Vollkommenheit aus. Immer am Puls der Zeit hat er sich im Laufe der Jahrzehnte eine m\u00e4chtige Identit\u00e4t erworben, wie die Commander, eine Hommage an diesen legend\u00e4ren und k\u00fchnen Bau.<\/p>\n","protected":false},"excerpt":{"rendered":"<p>Die ganz mit Eisen verkleideten Kurven und Querstreben des Eiffelturms faszinieren. Als Denkmal mit hohem Symbolwert, zeichnet er sich durch seine technische und architektonische Vollkommenheit aus. Immer am Puls der Zeit hat er sich im Laufe der Jahrzehnte eine m\u00e4chtige Identit\u00e4t erworben, wie die Commander, eine Hommage an diesen legend\u00e4ren und k\u00fchnen Bau.<\/p>\n","protected":false},"featured_media":1613,"comment_status":"open","ping_status":"closed","template":"","meta":{"inline_featured_image":false},"product_brand":[],"product_cat":[104,56],"product_tag":[],"class_list":{"0":"post-1622","1":"product","2":"type-product","3":"status-publish","4":"has-post-thumbnail","6":"product_cat-mido","7":"product_cat-montres","8":"post-item","10":"first","11":"outofstock","12":"taxable","13":"shipping-taxable","14":"purchasable","15":"product-type-simple"},"_links":{"self":[{"href":"https:\/\/michaelbern.com\/fr\/wp-json\/wp\/v2\/product\/1622","targetHints":{"allow":["GET"]}}],"collection":[{"href":"https:\/\/michaelbern.com\/fr\/wp-json\/wp\/v2\/product"}],"about":[{"href":"https:\/\/michaelbern.com\/fr\/wp-json\/wp\/v2\/types\/product"}],"replies":[{"embeddable":true,"href":"https:\/\/michaelbern.com\/fr\/wp-json\/wp\/v2\/comments?post=1622"}],"wp:featuredmedia":[{"embeddable":true,"href":"https:\/\/michaelbern.com\/fr\/wp-json\/wp\/v2\/media\/1613"}],"wp:attachment":[{"href":"https:\/\/michaelbern.com\/fr\/wp-json\/wp\/v2\/media?parent=1622"}],"wp:term":[{"taxonomy":"product_brand","embeddable":true,"href":"https:\/\/michaelbern.com\/fr\/wp-json\/wp\/v2\/product_brand?post=1622"},{"taxonomy":"product_cat","embeddable":true,"href":"https:\/\/michaelbern.com\/fr\/wp-json\/wp\/v2\/product_cat?post=1622"},{"taxonomy":"product_tag","embeddable":true,"href":"https:\/\/michaelbern.com\/fr\/wp-json\/wp\/v2\/product_tag?post=1622"}],"curies":[{"name":"wp","href":"https:\/\/api.w.org\/{rel}","templated":true}]}}