{"id":1293,"date":"2021-02-06T03:54:35","date_gmt":"2021-02-06T02:54:35","guid":{"rendered":"https:\/\/michaelbern.com\/product\/swiss-military-hanowa-scuba-diver-lady\/"},"modified":"2022-04-08T15:27:49","modified_gmt":"2022-04-08T13:27:49","slug":"swiss-military-hanowa-scuba-diver-lady","status":"publish","type":"product","link":"https:\/\/michaelbern.com\/fr\/product\/swiss-military-hanowa-scuba-diver-lady\/","title":{"rendered":"Swiss Military Hanowa Scuba Diver Lady"},"content":{"rendered":"<p>Der Swiss Military Hanowa Scuba Diver ist eine Kombination aus sportlich kreativen, technischen und innovativen F\u00e4higkeiten. Um die strengen Herstellungsstandards einer 20-ATM-Taucheruhr zu erf\u00fcllen, verwendete Swiss Military Hanowa Materialien von h\u00f6chster Qualit\u00e4t wie; 316L-Edelstahl, einen hochbest\u00e4ndigen Schraubr\u00fccken und ultraresistente Dichtungen, um eine perfekte Luftdichtheit zu gew\u00e4hrleisten. Die facettenreiche Krone ist mit dem ber\u00fchmten Swiss Military Hanowa-Kreuz gekennzeichnet.<\/p>\n","protected":false},"excerpt":{"rendered":"<p>Der Swiss Military Hanowa Scuba Diver ist eine Kombination aus sportlich kreativen, technischen und innovativen F\u00e4higkeiten. Um die strengen Herstellungsstandards einer 20-ATM-Taucheruhr zu erf\u00fcllen, verwendete Swiss Military Hanowa Materialien von h\u00f6chster Qualit\u00e4t wie; 316L-Edelstahl, einen hochbest\u00e4ndigen Schraubr\u00fccken und ultraresistente Dichtungen, um eine perfekte Luftdichtheit zu gew\u00e4hrleisten. Die facettenreiche Krone ist mit dem ber\u00fchmten Swiss Military [&hellip;]<\/p>\n","protected":false},"featured_media":1288,"comment_status":"open","ping_status":"closed","template":"","meta":{"inline_featured_image":false},"product_brand":[],"product_cat":[103,56,57],"product_tag":[],"class_list":{"0":"post-1293","1":"product","2":"type-product","3":"status-publish","4":"has-post-thumbnail","6":"product_cat-swiss-military-hanowa","7":"product_cat-montres","8":"product_cat-montres-pour-femmes","9":"post-item","11":"first","12":"outofstock","13":"taxable","14":"shipping-taxable","15":"purchasable","16":"product-type-simple"},"_links":{"self":[{"href":"https:\/\/michaelbern.com\/fr\/wp-json\/wp\/v2\/product\/1293","targetHints":{"allow":["GET"]}}],"collection":[{"href":"https:\/\/michaelbern.com\/fr\/wp-json\/wp\/v2\/product"}],"about":[{"href":"https:\/\/michaelbern.com\/fr\/wp-json\/wp\/v2\/types\/product"}],"replies":[{"embeddable":true,"href":"https:\/\/michaelbern.com\/fr\/wp-json\/wp\/v2\/comments?post=1293"}],"wp:featuredmedia":[{"embeddable":true,"href":"https:\/\/michaelbern.com\/fr\/wp-json\/wp\/v2\/media\/1288"}],"wp:attachment":[{"href":"https:\/\/michaelbern.com\/fr\/wp-json\/wp\/v2\/media?parent=1293"}],"wp:term":[{"taxonomy":"product_brand","embeddable":true,"href":"https:\/\/michaelbern.com\/fr\/wp-json\/wp\/v2\/product_brand?post=1293"},{"taxonomy":"product_cat","embeddable":true,"href":"https:\/\/michaelbern.com\/fr\/wp-json\/wp\/v2\/product_cat?post=1293"},{"taxonomy":"product_tag","embeddable":true,"href":"https:\/\/michaelbern.com\/fr\/wp-json\/wp\/v2\/product_tag?post=1293"}],"curies":[{"name":"wp","href":"https:\/\/api.w.org\/{rel}","templated":true}]}}