{"id":1242,"date":"2021-02-06T03:54:04","date_gmt":"2021-02-06T02:54:04","guid":{"rendered":"https:\/\/michaelbern.com\/product\/luminox-deep-dive-1520-series-2\/"},"modified":"2022-04-08T15:27:50","modified_gmt":"2022-04-08T13:27:50","slug":"luminox-deep-dive-1520-series-2","status":"publish","type":"product","link":"https:\/\/michaelbern.com\/fr\/product\/luminox-deep-dive-1520-series-2\/","title":{"rendered":"Luminox Deep Dive 1520 Series"},"content":{"rendered":"<p>Die neue Luminox Deep Dive wartet mit einigen technischen \u00dcberraschungen auf. Diese speziell f\u00fcr professionelle Taucher konzipierte Uhr erf\u00fcllt die extrem hoch angesetzten Normen von ISO 6425 f\u00fcr Tauchuhren. Sie \u00fcbertrifft die dort verlangten Minimumstandards bei weitem und \u00fcberzeugt mit ihrer \u00fcberragenden Sichtbarkeit in der Dunkelheit, dem automatischen Helium-Ablasssystem sowie dem Kronenschutz, bzw. der L\u00fcnettensicherung. Das Edelstahlgeh\u00e4use und die erw\u00e4hnten technischen Feinheiten machen die Luminox Deep Dive zu einem besonderen Blickfang an Ihrem Handgelenk.<\/p>\n","protected":false},"excerpt":{"rendered":"<p>Die neue Luminox Deep Dive wartet mit einigen technischen \u00dcberraschungen auf. Diese speziell f\u00fcr professionelle Taucher konzipierte Uhr erf\u00fcllt die extrem hoch angesetzten Normen von ISO 6425 f\u00fcr Tauchuhren. Sie \u00fcbertrifft die dort verlangten Minimumstandards bei weitem und \u00fcberzeugt mit ihrer \u00fcberragenden Sichtbarkeit in der Dunkelheit, dem automatischen Helium-Ablasssystem sowie dem Kronenschutz, bzw. der L\u00fcnettensicherung. [&hellip;]<\/p>\n","protected":false},"featured_media":1236,"comment_status":"open","ping_status":"closed","template":"","meta":{"inline_featured_image":false},"product_brand":[],"product_cat":[102,56],"product_tag":[],"class_list":{"0":"post-1242","1":"product","2":"type-product","3":"status-publish","4":"has-post-thumbnail","6":"product_cat-luminox","7":"product_cat-montres","8":"post-item","10":"first","11":"outofstock","12":"taxable","13":"shipping-taxable","14":"purchasable","15":"product-type-simple"},"_links":{"self":[{"href":"https:\/\/michaelbern.com\/fr\/wp-json\/wp\/v2\/product\/1242","targetHints":{"allow":["GET"]}}],"collection":[{"href":"https:\/\/michaelbern.com\/fr\/wp-json\/wp\/v2\/product"}],"about":[{"href":"https:\/\/michaelbern.com\/fr\/wp-json\/wp\/v2\/types\/product"}],"replies":[{"embeddable":true,"href":"https:\/\/michaelbern.com\/fr\/wp-json\/wp\/v2\/comments?post=1242"}],"wp:featuredmedia":[{"embeddable":true,"href":"https:\/\/michaelbern.com\/fr\/wp-json\/wp\/v2\/media\/1236"}],"wp:attachment":[{"href":"https:\/\/michaelbern.com\/fr\/wp-json\/wp\/v2\/media?parent=1242"}],"wp:term":[{"taxonomy":"product_brand","embeddable":true,"href":"https:\/\/michaelbern.com\/fr\/wp-json\/wp\/v2\/product_brand?post=1242"},{"taxonomy":"product_cat","embeddable":true,"href":"https:\/\/michaelbern.com\/fr\/wp-json\/wp\/v2\/product_cat?post=1242"},{"taxonomy":"product_tag","embeddable":true,"href":"https:\/\/michaelbern.com\/fr\/wp-json\/wp\/v2\/product_tag?post=1242"}],"curies":[{"name":"wp","href":"https:\/\/api.w.org\/{rel}","templated":true}]}}