{"id":1227,"date":"2021-02-06T03:53:54","date_gmt":"2021-02-06T02:53:54","guid":{"rendered":"https:\/\/michaelbern.com\/product\/luminox-leatherback-sea-turtle-giant-0320-series-3\/"},"modified":"2022-04-08T15:27:51","modified_gmt":"2022-04-08T13:27:51","slug":"luminox-leatherback-sea-turtle-giant-0320-series-3","status":"publish","type":"product","link":"https:\/\/michaelbern.com\/fr\/product\/luminox-leatherback-sea-turtle-giant-0320-series-3\/","title":{"rendered":"Luminox Leatherback Sea Turtle Giant 0320 Series"},"content":{"rendered":"<p>Luminox freut sich, die Erweiterung der Leatherback SEA Turtle Kollektion \u2013 eine der bisher beliebtesten Uhrenlinien \u2013 bekannt zu geben. Der Champion der Meeresschildkr\u00f6ten, die Lederschildkr\u00f6te, hat die Leatherback Sea Turtle Kollektion inspiriert. Diese Schildkr\u00f6ten wachsen am gr\u00f6ssten, tauchen am tiefsten und reisen am weitesten von allen Meeresschildkr\u00f6ten Diese sportliche Herrenuhr hat alle wichtigen Komponenten, die eine Luminox Uhr leicht, robust und zuverl\u00e4ssig machen.<\/p>\n","protected":false},"excerpt":{"rendered":"<p>Luminox freut sich, die Erweiterung der Leatherback SEA Turtle Kollektion \u2013 eine der bisher beliebtesten Uhrenlinien \u2013 bekannt zu geben. Der Champion der Meeresschildkr\u00f6ten, die Lederschildkr\u00f6te, hat die Leatherback Sea Turtle Kollektion inspiriert. Diese Schildkr\u00f6ten wachsen am gr\u00f6ssten, tauchen am tiefsten und reisen am weitesten von allen Meeresschildkr\u00f6ten Diese sportliche Herrenuhr hat alle wichtigen Komponenten, [&hellip;]<\/p>\n","protected":false},"featured_media":1219,"comment_status":"open","ping_status":"closed","template":"","meta":{"inline_featured_image":false},"product_brand":[],"product_cat":[102,56],"product_tag":[],"class_list":{"0":"post-1227","1":"product","2":"type-product","3":"status-publish","4":"has-post-thumbnail","6":"product_cat-luminox","7":"product_cat-montres","8":"post-item","10":"first","11":"outofstock","12":"taxable","13":"shipping-taxable","14":"purchasable","15":"product-type-simple"},"_links":{"self":[{"href":"https:\/\/michaelbern.com\/fr\/wp-json\/wp\/v2\/product\/1227","targetHints":{"allow":["GET"]}}],"collection":[{"href":"https:\/\/michaelbern.com\/fr\/wp-json\/wp\/v2\/product"}],"about":[{"href":"https:\/\/michaelbern.com\/fr\/wp-json\/wp\/v2\/types\/product"}],"replies":[{"embeddable":true,"href":"https:\/\/michaelbern.com\/fr\/wp-json\/wp\/v2\/comments?post=1227"}],"wp:featuredmedia":[{"embeddable":true,"href":"https:\/\/michaelbern.com\/fr\/wp-json\/wp\/v2\/media\/1219"}],"wp:attachment":[{"href":"https:\/\/michaelbern.com\/fr\/wp-json\/wp\/v2\/media?parent=1227"}],"wp:term":[{"taxonomy":"product_brand","embeddable":true,"href":"https:\/\/michaelbern.com\/fr\/wp-json\/wp\/v2\/product_brand?post=1227"},{"taxonomy":"product_cat","embeddable":true,"href":"https:\/\/michaelbern.com\/fr\/wp-json\/wp\/v2\/product_cat?post=1227"},{"taxonomy":"product_tag","embeddable":true,"href":"https:\/\/michaelbern.com\/fr\/wp-json\/wp\/v2\/product_tag?post=1227"}],"curies":[{"name":"wp","href":"https:\/\/api.w.org\/{rel}","templated":true}]}}