{"id":1205,"date":"2021-02-06T03:53:41","date_gmt":"2021-02-06T02:53:41","guid":{"rendered":"https:\/\/michaelbern.com\/product\/luminox-atacama-adventurer-field-1760-series\/"},"modified":"2022-04-08T15:27:51","modified_gmt":"2022-04-08T13:27:51","slug":"luminox-atacama-adventurer-field-1760-series","status":"publish","type":"product","link":"https:\/\/michaelbern.com\/fr\/product\/luminox-atacama-adventurer-field-1760-series\/","title":{"rendered":"Luminox Atacama Adventurer Field 1760 Series"},"content":{"rendered":"<p>Luminox Atacama Abenteurerfeld 1760 Serie \u2013 Zuverl\u00e4ssigkeit auf das Leben \u00fcbertragen.Auf der Suche nach einer Freizeituhr, die leicht vom B\u00fcro zum Spiel und zum Abenteuer \u00fcbergehen kann? Suchen Sie nicht weiter als die neue Atacama Adventurer Field 1760 Serie. Das 42-mm-Edelstahlgeh\u00e4use bildet das schlagende Herz von Luminox mit all seinen ber\u00fchmten Funktionen. D\u00fcnn und l\u00e4ssig gestaltet, ist die Atacama Adventurer Field 1760 robust, wasserdicht bis 200 Meter und verf\u00fcgt \u00fcber eine verschraubte Krone und einen Geh\u00e4useboden.<\/p>\n","protected":false},"excerpt":{"rendered":"<p>Luminox Atacama Abenteurerfeld 1760 Serie \u2013 Zuverl\u00e4ssigkeit auf das Leben \u00fcbertragen.Auf der Suche nach einer Freizeituhr, die leicht vom B\u00fcro zum Spiel und zum Abenteuer \u00fcbergehen kann? Suchen Sie nicht weiter als die neue Atacama Adventurer Field 1760 Serie. Das 42-mm-Edelstahlgeh\u00e4use bildet das schlagende Herz von Luminox mit all seinen ber\u00fchmten Funktionen. D\u00fcnn und l\u00e4ssig [&hellip;]<\/p>\n","protected":false},"featured_media":1200,"comment_status":"open","ping_status":"closed","template":"","meta":{"inline_featured_image":false},"product_brand":[],"product_cat":[102,56],"product_tag":[],"class_list":{"0":"post-1205","1":"product","2":"type-product","3":"status-publish","4":"has-post-thumbnail","6":"product_cat-luminox","7":"product_cat-montres","8":"post-item","10":"first","11":"outofstock","12":"taxable","13":"shipping-taxable","14":"purchasable","15":"product-type-simple"},"_links":{"self":[{"href":"https:\/\/michaelbern.com\/fr\/wp-json\/wp\/v2\/product\/1205","targetHints":{"allow":["GET"]}}],"collection":[{"href":"https:\/\/michaelbern.com\/fr\/wp-json\/wp\/v2\/product"}],"about":[{"href":"https:\/\/michaelbern.com\/fr\/wp-json\/wp\/v2\/types\/product"}],"replies":[{"embeddable":true,"href":"https:\/\/michaelbern.com\/fr\/wp-json\/wp\/v2\/comments?post=1205"}],"wp:featuredmedia":[{"embeddable":true,"href":"https:\/\/michaelbern.com\/fr\/wp-json\/wp\/v2\/media\/1200"}],"wp:attachment":[{"href":"https:\/\/michaelbern.com\/fr\/wp-json\/wp\/v2\/media?parent=1205"}],"wp:term":[{"taxonomy":"product_brand","embeddable":true,"href":"https:\/\/michaelbern.com\/fr\/wp-json\/wp\/v2\/product_brand?post=1205"},{"taxonomy":"product_cat","embeddable":true,"href":"https:\/\/michaelbern.com\/fr\/wp-json\/wp\/v2\/product_cat?post=1205"},{"taxonomy":"product_tag","embeddable":true,"href":"https:\/\/michaelbern.com\/fr\/wp-json\/wp\/v2\/product_tag?post=1205"}],"curies":[{"name":"wp","href":"https:\/\/api.w.org\/{rel}","templated":true}]}}