{"id":1140,"date":"2021-02-06T03:53:02","date_gmt":"2021-02-06T02:53:02","guid":{"rendered":"https:\/\/michaelbern.com\/product\/luminox-atacama-field-chronograph-alarm-1940-series-2\/"},"modified":"2022-04-08T15:27:53","modified_gmt":"2022-04-08T13:27:53","slug":"luminox-atacama-field-chronograph-alarm-1940-series-2","status":"publish","type":"product","link":"https:\/\/michaelbern.com\/fr\/product\/luminox-atacama-field-chronograph-alarm-1940-series-2\/","title":{"rendered":"Luminox Atacama Field Chronograph Alarm 1940 Series"},"content":{"rendered":"<p>Die Luminox Atacama Field Chronograph Alarm besticht durch das tolle Design, die Wasserdichtigkeit bis 10 ATM (100m) und das verwendete Ronda Quarz-Chronographenwerk. Mit dieser robusten und langlebigen Luminox Uhr brauchen Sie sich bei Ihrem n\u00e4chsten Einsatz keine Gedanken \u00fcber die genaue Zeitplanung zu machen. H\u00f6chste Qualit\u00e4t und Robustheit, das zeichnet die Luminox Atacama Field Chronograph Alarm aus. Hinzu kommt das aussergew\u00f6hnliche H3 Beleuchtungssystem von der Schweizer Firma mb-microtec.<\/p>\n","protected":false},"excerpt":{"rendered":"<p>Die Luminox Atacama Field Chronograph Alarm besticht durch das tolle Design, die Wasserdichtigkeit bis 10 ATM (100m) und das verwendete Ronda Quarz-Chronographenwerk. Mit dieser robusten und langlebigen Luminox Uhr brauchen Sie sich bei Ihrem n\u00e4chsten Einsatz keine Gedanken \u00fcber die genaue Zeitplanung zu machen. H\u00f6chste Qualit\u00e4t und Robustheit, das zeichnet die Luminox Atacama Field Chronograph [&hellip;]<\/p>\n","protected":false},"featured_media":1134,"comment_status":"open","ping_status":"closed","template":"","meta":{"inline_featured_image":false},"product_brand":[],"product_cat":[102,56],"product_tag":[],"class_list":{"0":"post-1140","1":"product","2":"type-product","3":"status-publish","4":"has-post-thumbnail","6":"product_cat-luminox","7":"product_cat-montres","8":"post-item","10":"first","11":"outofstock","12":"taxable","13":"shipping-taxable","14":"purchasable","15":"product-type-simple"},"_links":{"self":[{"href":"https:\/\/michaelbern.com\/fr\/wp-json\/wp\/v2\/product\/1140","targetHints":{"allow":["GET"]}}],"collection":[{"href":"https:\/\/michaelbern.com\/fr\/wp-json\/wp\/v2\/product"}],"about":[{"href":"https:\/\/michaelbern.com\/fr\/wp-json\/wp\/v2\/types\/product"}],"replies":[{"embeddable":true,"href":"https:\/\/michaelbern.com\/fr\/wp-json\/wp\/v2\/comments?post=1140"}],"wp:featuredmedia":[{"embeddable":true,"href":"https:\/\/michaelbern.com\/fr\/wp-json\/wp\/v2\/media\/1134"}],"wp:attachment":[{"href":"https:\/\/michaelbern.com\/fr\/wp-json\/wp\/v2\/media?parent=1140"}],"wp:term":[{"taxonomy":"product_brand","embeddable":true,"href":"https:\/\/michaelbern.com\/fr\/wp-json\/wp\/v2\/product_brand?post=1140"},{"taxonomy":"product_cat","embeddable":true,"href":"https:\/\/michaelbern.com\/fr\/wp-json\/wp\/v2\/product_cat?post=1140"},{"taxonomy":"product_tag","embeddable":true,"href":"https:\/\/michaelbern.com\/fr\/wp-json\/wp\/v2\/product_tag?post=1140"}],"curies":[{"name":"wp","href":"https:\/\/api.w.org\/{rel}","templated":true}]}}