{"id":953,"date":"2021-02-06T03:51:07","date_gmt":"2021-02-06T02:51:07","guid":{"rendered":"https:\/\/michaelbern.com\/product\/balmain-flamea-ii-2\/"},"modified":"2022-04-08T15:27:59","modified_gmt":"2022-04-08T13:27:59","slug":"balmain-flamea-ii-2","status":"publish","type":"product","link":"https:\/\/michaelbern.com\/en\/product\/balmain-flamea-ii-2\/","title":{"rendered":"Balmain Flamea II"},"content":{"rendered":"<p>Die Balmain Flamea II spielt mit dem Flair von Haute Couture<br \/>\nHaute Couture verm\u00e4hlt sich mit Struktur und Verzierungen und sie leben gl\u00fccklich miteinander bis ans Ende ihrer Tage. Diese Verbindung ist das Herzst\u00fcck der Balmain Flamea II. Klassische Formen, aufwendige Muster und harmonische Verbindungen vereinen sich zu Uhren, die auch in den besten Lookbooks zu einem Highlight werden. Schweizer Zuverl\u00e4ssigkeit ist der treue Begleiter dieser Designs, die den vielf\u00e4ltigen Style-Statements moderner Frauen einen magischen Touch verleihen. Diese Uhren gl\u00e4nzen in jeder Situation \u2013 vom Berufsverkehr am fr\u00fchen Morgen bis hin zum Drink zum Sonnenuntergang.<\/p>\n","protected":false},"excerpt":{"rendered":"<p>Die Balmain Flamea II spielt mit dem Flair von Haute Couture Haute Couture verm\u00e4hlt sich mit Struktur und Verzierungen und sie leben gl\u00fccklich miteinander bis ans Ende ihrer Tage. Diese Verbindung ist das Herzst\u00fcck der Balmain Flamea II. Klassische Formen, aufwendige Muster und harmonische Verbindungen vereinen sich zu Uhren, die auch in den besten Lookbooks [&hellip;]<\/p>\n","protected":false},"featured_media":952,"comment_status":"open","ping_status":"closed","template":"","meta":{"inline_featured_image":false},"product_brand":[],"product_cat":[101,56,57],"product_tag":[],"class_list":{"0":"post-953","1":"product","2":"type-product","3":"status-publish","4":"has-post-thumbnail","6":"product_cat-balmain","7":"product_cat-watches","8":"product_cat-womens-watches","9":"post-item","11":"first","12":"outofstock","13":"taxable","14":"shipping-taxable","15":"purchasable","16":"product-type-simple"},"_links":{"self":[{"href":"https:\/\/michaelbern.com\/en\/wp-json\/wp\/v2\/product\/953","targetHints":{"allow":["GET"]}}],"collection":[{"href":"https:\/\/michaelbern.com\/en\/wp-json\/wp\/v2\/product"}],"about":[{"href":"https:\/\/michaelbern.com\/en\/wp-json\/wp\/v2\/types\/product"}],"replies":[{"embeddable":true,"href":"https:\/\/michaelbern.com\/en\/wp-json\/wp\/v2\/comments?post=953"}],"wp:featuredmedia":[{"embeddable":true,"href":"https:\/\/michaelbern.com\/en\/wp-json\/wp\/v2\/media\/952"}],"wp:attachment":[{"href":"https:\/\/michaelbern.com\/en\/wp-json\/wp\/v2\/media?parent=953"}],"wp:term":[{"taxonomy":"product_brand","embeddable":true,"href":"https:\/\/michaelbern.com\/en\/wp-json\/wp\/v2\/product_brand?post=953"},{"taxonomy":"product_cat","embeddable":true,"href":"https:\/\/michaelbern.com\/en\/wp-json\/wp\/v2\/product_cat?post=953"},{"taxonomy":"product_tag","embeddable":true,"href":"https:\/\/michaelbern.com\/en\/wp-json\/wp\/v2\/product_tag?post=953"}],"curies":[{"name":"wp","href":"https:\/\/api.w.org\/{rel}","templated":true}]}}