{"id":897,"date":"2021-02-06T03:50:44","date_gmt":"2021-02-06T02:50:44","guid":{"rendered":"https:\/\/michaelbern.com\/product\/cornavin-downtown-chronograph-8\/"},"modified":"2022-04-08T15:28:33","modified_gmt":"2022-04-08T13:28:33","slug":"cornavin-downtown-chronograph-8","status":"publish","type":"product","link":"https:\/\/michaelbern.com\/en\/product\/cornavin-downtown-chronograph-8\/","title":{"rendered":"Cornavin Downtown Chronograph"},"content":{"rendered":"<p>Die Cornavin Downtown Kollektion ist von der Stadt Genf inspiriert und wurde mit viel Liebe zum Detail entworfen.<br \/>\nDieses Modell aus der Downtown Kollektion verf\u00fcgt \u00fcber ein braunes Zifferblatt mit 3 Totalisatoren und geb\u00fcrstete rosegoldene Indizes. Das Super-LumiNova auf Stunden- und Minutenzeiger vereinfacht das Ablesen der Zeit \u2013 selbst im Dunkeln. Diese Herrenuhr wird durch ein Saphirglas gesch\u00fctzt und besteht ausschliesslich aus Materialien von hervorragender Qualit\u00e4t.<\/p>\n","protected":false},"excerpt":{"rendered":"<p>Die Cornavin Downtown Kollektion ist von der Stadt Genf inspiriert und wurde mit viel Liebe zum Detail entworfen. Dieses Modell aus der Downtown Kollektion verf\u00fcgt \u00fcber ein braunes Zifferblatt mit 3 Totalisatoren und geb\u00fcrstete rosegoldene Indizes. Das Super-LumiNova auf Stunden- und Minutenzeiger vereinfacht das Ablesen der Zeit \u2013 selbst im Dunkeln. Diese Herrenuhr wird durch [&hellip;]<\/p>\n","protected":false},"featured_media":896,"comment_status":"open","ping_status":"closed","template":"","meta":{"inline_featured_image":false},"product_brand":[],"product_cat":[100,56],"product_tag":[],"class_list":{"0":"post-897","1":"product","2":"type-product","3":"status-publish","4":"has-post-thumbnail","6":"product_cat-cornavin","7":"product_cat-watches","8":"post-item","10":"first","11":"outofstock","12":"taxable","13":"shipping-taxable","14":"purchasable","15":"product-type-simple"},"_links":{"self":[{"href":"https:\/\/michaelbern.com\/en\/wp-json\/wp\/v2\/product\/897","targetHints":{"allow":["GET"]}}],"collection":[{"href":"https:\/\/michaelbern.com\/en\/wp-json\/wp\/v2\/product"}],"about":[{"href":"https:\/\/michaelbern.com\/en\/wp-json\/wp\/v2\/types\/product"}],"replies":[{"embeddable":true,"href":"https:\/\/michaelbern.com\/en\/wp-json\/wp\/v2\/comments?post=897"}],"wp:featuredmedia":[{"embeddable":true,"href":"https:\/\/michaelbern.com\/en\/wp-json\/wp\/v2\/media\/896"}],"wp:attachment":[{"href":"https:\/\/michaelbern.com\/en\/wp-json\/wp\/v2\/media?parent=897"}],"wp:term":[{"taxonomy":"product_brand","embeddable":true,"href":"https:\/\/michaelbern.com\/en\/wp-json\/wp\/v2\/product_brand?post=897"},{"taxonomy":"product_cat","embeddable":true,"href":"https:\/\/michaelbern.com\/en\/wp-json\/wp\/v2\/product_cat?post=897"},{"taxonomy":"product_tag","embeddable":true,"href":"https:\/\/michaelbern.com\/en\/wp-json\/wp\/v2\/product_tag?post=897"}],"curies":[{"name":"wp","href":"https:\/\/api.w.org\/{rel}","templated":true}]}}