{"id":843,"date":"2021-02-06T03:50:20","date_gmt":"2021-02-06T02:50:20","guid":{"rendered":"https:\/\/michaelbern.com\/product\/roamer-vanguard-chrono-ii-date-6\/"},"modified":"2022-04-08T15:28:39","modified_gmt":"2022-04-08T13:28:39","slug":"roamer-vanguard-chrono-ii-date-6","status":"publish","type":"product","link":"https:\/\/michaelbern.com\/en\/product\/roamer-vanguard-chrono-ii-date-6\/","title":{"rendered":"Roamer Vanguard Chrono II Date"},"content":{"rendered":"<p>Das Geh\u00e4use dieser Vanguard Chrono Date ist aus poliertem Edelstahl gefertigt, und hat einen Durchmesser von 42mm.<br \/>\nDas markante Edelstahlgeh\u00e4use verleiht der Uhr einen unverkennbaren Schliff, der seines Gleichen sucht. Das Geh\u00e4use steht im perfekten Einklang mit dem sportlich gehaltenen Zifferblatt. Auf dem Zifferblatt befinden sich 3 Z\u00e4hler: ein Chronographen-Sekundenz\u00e4hler bei 3 Uhr, ein Chronographen-Minutenz\u00e4hler bei 6 Uhr und eine Wochentag-Anzeige bei 9 Uhr. Zudem befindet sich bei 4 Uhr ein Datumsfenster, welches durch den dezenten Kontrast gut ablesbar ist.<\/p>\n","protected":false},"excerpt":{"rendered":"<p>Das Geh\u00e4use dieser Vanguard Chrono Date ist aus poliertem Edelstahl gefertigt, und hat einen Durchmesser von 42mm. Das markante Edelstahlgeh\u00e4use verleiht der Uhr einen unverkennbaren Schliff, der seines Gleichen sucht. Das Geh\u00e4use steht im perfekten Einklang mit dem sportlich gehaltenen Zifferblatt. Auf dem Zifferblatt befinden sich 3 Z\u00e4hler: ein Chronographen-Sekundenz\u00e4hler bei 3 Uhr, ein Chronographen-Minutenz\u00e4hler [&hellip;]<\/p>\n","protected":false},"featured_media":842,"comment_status":"open","ping_status":"closed","template":"","meta":{"inline_featured_image":false},"product_brand":[],"product_cat":[99,56],"product_tag":[],"class_list":{"0":"post-843","1":"product","2":"type-product","3":"status-publish","4":"has-post-thumbnail","6":"product_cat-roamer","7":"product_cat-watches","8":"post-item","10":"first","11":"outofstock","12":"taxable","13":"shipping-taxable","14":"purchasable","15":"product-type-simple"},"_links":{"self":[{"href":"https:\/\/michaelbern.com\/en\/wp-json\/wp\/v2\/product\/843","targetHints":{"allow":["GET"]}}],"collection":[{"href":"https:\/\/michaelbern.com\/en\/wp-json\/wp\/v2\/product"}],"about":[{"href":"https:\/\/michaelbern.com\/en\/wp-json\/wp\/v2\/types\/product"}],"replies":[{"embeddable":true,"href":"https:\/\/michaelbern.com\/en\/wp-json\/wp\/v2\/comments?post=843"}],"wp:featuredmedia":[{"embeddable":true,"href":"https:\/\/michaelbern.com\/en\/wp-json\/wp\/v2\/media\/842"}],"wp:attachment":[{"href":"https:\/\/michaelbern.com\/en\/wp-json\/wp\/v2\/media?parent=843"}],"wp:term":[{"taxonomy":"product_brand","embeddable":true,"href":"https:\/\/michaelbern.com\/en\/wp-json\/wp\/v2\/product_brand?post=843"},{"taxonomy":"product_cat","embeddable":true,"href":"https:\/\/michaelbern.com\/en\/wp-json\/wp\/v2\/product_cat?post=843"},{"taxonomy":"product_tag","embeddable":true,"href":"https:\/\/michaelbern.com\/en\/wp-json\/wp\/v2\/product_tag?post=843"}],"curies":[{"name":"wp","href":"https:\/\/api.w.org\/{rel}","templated":true}]}}