{"id":825,"date":"2021-02-06T03:50:12","date_gmt":"2021-02-06T02:50:12","guid":{"rendered":"https:\/\/michaelbern.com\/product\/roamer-searock-ladies-o-34-mm\/"},"modified":"2022-04-08T15:28:41","modified_gmt":"2022-04-08T13:28:41","slug":"roamer-searock-ladies-o-34-mm","status":"publish","type":"product","link":"https:\/\/michaelbern.com\/en\/product\/roamer-searock-ladies-o-34-mm\/","title":{"rendered":"Roamer Searock Ladies \u00d8 34 mm"},"content":{"rendered":"<p>Sportlichkeit und Eleganz werden von der Roamer Searock Ladies in Perfektion vereint!<br \/>\nDas schlicht gehaltene Edelstahlgeh\u00e4use mit abgerundeten Kanten verleiht der Uhr eine sportliche Note. Das Zifferblatt mit dezenten Edelstahl Indizes verf\u00fcgt \u00fcber ein klassisches Datumsfenster bei 3 Uhr. Die verschraubte Krone, der Searock setzt der Uhr das Sahneh\u00e4ubchen auf und bietet dadurch hohen Schutz vor eindringendem Wasser. Das elegante Armband bietet perfekten Halt und schmiegt sich dadurch perfekt an Ihr Handgelenk!<\/p>\n","protected":false},"excerpt":{"rendered":"<p>Sportlichkeit und Eleganz werden von der Roamer Searock Ladies in Perfektion vereint! Das schlicht gehaltene Edelstahlgeh\u00e4use mit abgerundeten Kanten verleiht der Uhr eine sportliche Note. Das Zifferblatt mit dezenten Edelstahl Indizes verf\u00fcgt \u00fcber ein klassisches Datumsfenster bei 3 Uhr. Die verschraubte Krone, der Searock setzt der Uhr das Sahneh\u00e4ubchen auf und bietet dadurch hohen Schutz [&hellip;]<\/p>\n","protected":false},"featured_media":823,"comment_status":"open","ping_status":"closed","template":"","meta":{"inline_featured_image":false},"product_brand":[],"product_cat":[99,56,57],"product_tag":[],"class_list":{"0":"post-825","1":"product","2":"type-product","3":"status-publish","4":"has-post-thumbnail","6":"product_cat-roamer","7":"product_cat-watches","8":"product_cat-womens-watches","9":"post-item","11":"first","12":"outofstock","13":"taxable","14":"shipping-taxable","15":"purchasable","16":"product-type-simple"},"_links":{"self":[{"href":"https:\/\/michaelbern.com\/en\/wp-json\/wp\/v2\/product\/825","targetHints":{"allow":["GET"]}}],"collection":[{"href":"https:\/\/michaelbern.com\/en\/wp-json\/wp\/v2\/product"}],"about":[{"href":"https:\/\/michaelbern.com\/en\/wp-json\/wp\/v2\/types\/product"}],"replies":[{"embeddable":true,"href":"https:\/\/michaelbern.com\/en\/wp-json\/wp\/v2\/comments?post=825"}],"wp:featuredmedia":[{"embeddable":true,"href":"https:\/\/michaelbern.com\/en\/wp-json\/wp\/v2\/media\/823"}],"wp:attachment":[{"href":"https:\/\/michaelbern.com\/en\/wp-json\/wp\/v2\/media?parent=825"}],"wp:term":[{"taxonomy":"product_brand","embeddable":true,"href":"https:\/\/michaelbern.com\/en\/wp-json\/wp\/v2\/product_brand?post=825"},{"taxonomy":"product_cat","embeddable":true,"href":"https:\/\/michaelbern.com\/en\/wp-json\/wp\/v2\/product_cat?post=825"},{"taxonomy":"product_tag","embeddable":true,"href":"https:\/\/michaelbern.com\/en\/wp-json\/wp\/v2\/product_tag?post=825"}],"curies":[{"name":"wp","href":"https:\/\/api.w.org\/{rel}","templated":true}]}}