{"id":804,"date":"2021-02-06T03:50:03","date_gmt":"2021-02-06T02:50:03","guid":{"rendered":"https:\/\/michaelbern.com\/product\/frederique-constant-manufacture-worldtimer\/"},"modified":"2022-04-08T15:28:42","modified_gmt":"2022-04-08T13:28:42","slug":"frederique-constant-manufacture-worldtimer","status":"publish","type":"product","link":"https:\/\/michaelbern.com\/en\/product\/frederique-constant-manufacture-worldtimer\/","title":{"rendered":"Fr\u00e9d\u00e9rique Constant Manufacture Worldtimer"},"content":{"rendered":"<p>Zeit schaffen<br \/>\nHeutzutage ist Zeit fast genauso kostbar wie Gold. F\u00fcr den viel besch\u00e4ftigten Gesch\u00e4ftsmann, der um die Welt reist, ist es von h\u00f6chster Bedeutung, vor Ort und zu Hause die Zeit im Blick zu behalten. Mit der neuen Classic Worldtimer Manufacture ist er in der Lage, die Zeit in 24 St\u00e4dten weltweit zu verfolgen.<\/p>\n","protected":false},"excerpt":{"rendered":"<p>Zeit schaffen Heutzutage ist Zeit fast genauso kostbar wie Gold. F\u00fcr den viel besch\u00e4ftigten Gesch\u00e4ftsmann, der um die Welt reist, ist es von h\u00f6chster Bedeutung, vor Ort und zu Hause die Zeit im Blick zu behalten. Mit der neuen Classic Worldtimer Manufacture ist er in der Lage, die Zeit in 24 St\u00e4dten weltweit zu verfolgen.<\/p>\n","protected":false},"featured_media":802,"comment_status":"open","ping_status":"closed","template":"","meta":{"inline_featured_image":false},"product_brand":[],"product_cat":[93,56],"product_tag":[],"class_list":{"0":"post-804","1":"product","2":"type-product","3":"status-publish","4":"has-post-thumbnail","6":"product_cat-frederique-constant","7":"product_cat-watches","8":"post-item","10":"first","11":"outofstock","12":"taxable","13":"shipping-taxable","14":"purchasable","15":"product-type-simple"},"_links":{"self":[{"href":"https:\/\/michaelbern.com\/en\/wp-json\/wp\/v2\/product\/804","targetHints":{"allow":["GET"]}}],"collection":[{"href":"https:\/\/michaelbern.com\/en\/wp-json\/wp\/v2\/product"}],"about":[{"href":"https:\/\/michaelbern.com\/en\/wp-json\/wp\/v2\/types\/product"}],"replies":[{"embeddable":true,"href":"https:\/\/michaelbern.com\/en\/wp-json\/wp\/v2\/comments?post=804"}],"wp:featuredmedia":[{"embeddable":true,"href":"https:\/\/michaelbern.com\/en\/wp-json\/wp\/v2\/media\/802"}],"wp:attachment":[{"href":"https:\/\/michaelbern.com\/en\/wp-json\/wp\/v2\/media?parent=804"}],"wp:term":[{"taxonomy":"product_brand","embeddable":true,"href":"https:\/\/michaelbern.com\/en\/wp-json\/wp\/v2\/product_brand?post=804"},{"taxonomy":"product_cat","embeddable":true,"href":"https:\/\/michaelbern.com\/en\/wp-json\/wp\/v2\/product_cat?post=804"},{"taxonomy":"product_tag","embeddable":true,"href":"https:\/\/michaelbern.com\/en\/wp-json\/wp\/v2\/product_tag?post=804"}],"curies":[{"name":"wp","href":"https:\/\/api.w.org\/{rel}","templated":true}]}}