{"id":801,"date":"2021-02-06T03:50:01","date_gmt":"2021-02-06T02:50:01","guid":{"rendered":"https:\/\/michaelbern.com\/product\/tissot-ballade-powermatic-80-cosc\/"},"modified":"2022-04-08T15:28:42","modified_gmt":"2022-04-08T13:28:42","slug":"tissot-ballade-powermatic-80-cosc","status":"publish","type":"product","link":"https:\/\/michaelbern.com\/en\/product\/tissot-ballade-powermatic-80-cosc\/","title":{"rendered":"Tissot Ballade Powermatic 80 COSC"},"content":{"rendered":"<p>Die Zeit ver\u00e4ndert sich nicht, doch die Genauigkeit ihrer Berechnung w\u00e4chst mit neuen Technologien. Nutzte man einst noch Sanduhren, so wird nun Sand erhitzt, um Silizium-Unruhspiralen f\u00fcr das schlagende Herz der Uhr herzustellen. Dank seiner Eigenschaften weist Silizium eine erh\u00f6hte Widerstandsf\u00e4higkeit und Konstanz auf, die eine gr\u00f6ssere Pr\u00e4zision erm\u00f6glichen und Langlebigkeit gew\u00e4hrleisten. Diese Attribute verst\u00e4rken das bereits beeindruckende Uhrwerk Powermatic 80 zus\u00e4tzlich, das eine Gangreserve von bis zu 80 Stunden bietet. Auch wenn die Ballade Kollektion zu den Klassikern von Tissot z\u00e4hlt, erreicht sie doch mit der erstmaligen Einf\u00fchrung dieser neuen Technologie in der Geschichte der Marke eine g\u00e4nzlich neue Stufe. Hinsichtlich des Designs verleihen elegante Details der Tissot Ballade einen zeitlosen Stil, dessen Reiz im Laufe der Jahre zweifellos zunehmen wird. Mit ihrer schicken Silhouette und den polierten Veredelungen, die ihr einen seidigen Glanz verleihen, ist die Uhr der perfekte Zeitmesser f\u00fcr einen absolut m\u00fchelosen \u00dcbergang vom Tag zur Nacht. Durchdachte Details, einschliesslich des Clous-de-Paris-Dekors auf der L\u00fcnette, das perfekt auf das effiziente Uhrwerk abgestimmt ist, sowie das klare, gut ablesbare Zifferblatt verleihen der Uhr besonderen Tragekomfort. Dieses Herrenmodell der Tissot Ballade mit Chronometer Zertifizierung hat ein silberfarbenes Zifferblatt mit arabischen Ziffern und Indizes sowie ein kratzfestes Saphirglas. Das 316L-Edelstahlgeh\u00e4use mit rosegoldfarbener PVD-Beschichtung besitzt einen Sichtboden und das braune Lederarmband hat eine Butterfly-Faltschliesse mit Dr\u00fcckern.<\/p>\n","protected":false},"excerpt":{"rendered":"<p>Die Zeit ver\u00e4ndert sich nicht, doch die Genauigkeit ihrer Berechnung w\u00e4chst mit neuen Technologien. Nutzte man einst noch Sanduhren, so wird nun Sand erhitzt, um Silizium-Unruhspiralen f\u00fcr das schlagende Herz der Uhr herzustellen. Dank seiner Eigenschaften weist Silizium eine erh\u00f6hte Widerstandsf\u00e4higkeit und Konstanz auf, die eine gr\u00f6ssere Pr\u00e4zision erm\u00f6glichen und Langlebigkeit gew\u00e4hrleisten. Diese Attribute verst\u00e4rken [&hellip;]<\/p>\n","protected":false},"featured_media":795,"comment_status":"open","ping_status":"closed","template":"","meta":{"inline_featured_image":false},"product_brand":[],"product_cat":[98,56],"product_tag":[],"class_list":{"0":"post-801","1":"product","2":"type-product","3":"status-publish","4":"has-post-thumbnail","6":"product_cat-tissot","7":"product_cat-watches","8":"post-item","10":"first","11":"outofstock","12":"taxable","13":"shipping-taxable","14":"purchasable","15":"product-type-simple"},"_links":{"self":[{"href":"https:\/\/michaelbern.com\/en\/wp-json\/wp\/v2\/product\/801","targetHints":{"allow":["GET"]}}],"collection":[{"href":"https:\/\/michaelbern.com\/en\/wp-json\/wp\/v2\/product"}],"about":[{"href":"https:\/\/michaelbern.com\/en\/wp-json\/wp\/v2\/types\/product"}],"replies":[{"embeddable":true,"href":"https:\/\/michaelbern.com\/en\/wp-json\/wp\/v2\/comments?post=801"}],"wp:featuredmedia":[{"embeddable":true,"href":"https:\/\/michaelbern.com\/en\/wp-json\/wp\/v2\/media\/795"}],"wp:attachment":[{"href":"https:\/\/michaelbern.com\/en\/wp-json\/wp\/v2\/media?parent=801"}],"wp:term":[{"taxonomy":"product_brand","embeddable":true,"href":"https:\/\/michaelbern.com\/en\/wp-json\/wp\/v2\/product_brand?post=801"},{"taxonomy":"product_cat","embeddable":true,"href":"https:\/\/michaelbern.com\/en\/wp-json\/wp\/v2\/product_cat?post=801"},{"taxonomy":"product_tag","embeddable":true,"href":"https:\/\/michaelbern.com\/en\/wp-json\/wp\/v2\/product_tag?post=801"}],"curies":[{"name":"wp","href":"https:\/\/api.w.org\/{rel}","templated":true}]}}