{"id":753,"date":"2021-02-06T03:49:39","date_gmt":"2021-02-06T02:49:39","guid":{"rendered":"https:\/\/michaelbern.com\/product\/frederique-constant-ladies-automatic-heart-beat\/"},"modified":"2022-04-08T15:28:44","modified_gmt":"2022-04-08T13:28:44","slug":"frederique-constant-ladies-automatic-heart-beat","status":"publish","type":"product","link":"https:\/\/michaelbern.com\/en\/product\/frederique-constant-ladies-automatic-heart-beat\/","title":{"rendered":"Fr\u00e9d\u00e9rique Constant Ladies Automatic Heart Beat"},"content":{"rendered":"<p>Das legend\u00e4re Design von Frederique Constant<br \/>\nFrederique Constant erweitert seine Ladies Automatic Kollektion um f\u00fcnf neue Modelle, die von Diamanten, gepr\u00e4gten Herzmustern und neuen Metallarmb\u00e4ndern geziert werden, die auf das jeweilige Modell abgestimmt sind. Im Laufe der Jahre hat sich das unverwechselbare Design als gro\u00dfer Erfolg f\u00fcr die Marke erwiesen und ist zu einem femininen Ausdruck der Zeit von Frederique Constant avanciert.<\/p>\n","protected":false},"excerpt":{"rendered":"<p>Das legend\u00e4re Design von Frederique Constant Frederique Constant erweitert seine Ladies Automatic Kollektion um f\u00fcnf neue Modelle, die von Diamanten, gepr\u00e4gten Herzmustern und neuen Metallarmb\u00e4ndern geziert werden, die auf das jeweilige Modell abgestimmt sind. Im Laufe der Jahre hat sich das unverwechselbare Design als gro\u00dfer Erfolg f\u00fcr die Marke erwiesen und ist zu einem femininen [&hellip;]<\/p>\n","protected":false},"featured_media":751,"comment_status":"open","ping_status":"closed","template":"","meta":{"inline_featured_image":false},"product_brand":[],"product_cat":[93,56,57],"product_tag":[],"class_list":{"0":"post-753","1":"product","2":"type-product","3":"status-publish","4":"has-post-thumbnail","6":"product_cat-frederique-constant","7":"product_cat-watches","8":"product_cat-womens-watches","9":"post-item","11":"first","12":"outofstock","13":"taxable","14":"shipping-taxable","15":"purchasable","16":"product-type-simple"},"_links":{"self":[{"href":"https:\/\/michaelbern.com\/en\/wp-json\/wp\/v2\/product\/753","targetHints":{"allow":["GET"]}}],"collection":[{"href":"https:\/\/michaelbern.com\/en\/wp-json\/wp\/v2\/product"}],"about":[{"href":"https:\/\/michaelbern.com\/en\/wp-json\/wp\/v2\/types\/product"}],"replies":[{"embeddable":true,"href":"https:\/\/michaelbern.com\/en\/wp-json\/wp\/v2\/comments?post=753"}],"wp:featuredmedia":[{"embeddable":true,"href":"https:\/\/michaelbern.com\/en\/wp-json\/wp\/v2\/media\/751"}],"wp:attachment":[{"href":"https:\/\/michaelbern.com\/en\/wp-json\/wp\/v2\/media?parent=753"}],"wp:term":[{"taxonomy":"product_brand","embeddable":true,"href":"https:\/\/michaelbern.com\/en\/wp-json\/wp\/v2\/product_brand?post=753"},{"taxonomy":"product_cat","embeddable":true,"href":"https:\/\/michaelbern.com\/en\/wp-json\/wp\/v2\/product_cat?post=753"},{"taxonomy":"product_tag","embeddable":true,"href":"https:\/\/michaelbern.com\/en\/wp-json\/wp\/v2\/product_tag?post=753"}],"curies":[{"name":"wp","href":"https:\/\/api.w.org\/{rel}","templated":true}]}}