{"id":3687,"date":"2021-02-06T04:19:52","date_gmt":"2021-02-06T03:19:52","guid":{"rendered":"https:\/\/michaelbern.com\/product\/tissot-everytime-swissmatic\/"},"modified":"2022-04-08T15:24:01","modified_gmt":"2022-04-08T13:24:01","slug":"tissot-everytime-swissmatic","status":"publish","type":"product","link":"https:\/\/michaelbern.com\/en\/product\/tissot-everytime-swissmatic\/","title":{"rendered":"Tissot Everytime Swissmatic"},"content":{"rendered":"<p>Der Name der Everytime ist Programm: Wie der Name bereits andeutet, wird diese Uhr immer und bei jedem Anlass gewinnen. Mit der neuen Tissot Everytime stellt die Schweizer Traditionsmarke eine Uhr vor, die dank ihres minimalistischen, klaren Zifferblattdesigns und der gro\u00dfen Zahl verf\u00fcgbarer Armbandvarianten jedem Lebensstil, jedem Outfit und jedem Anlass gerecht wird. Trendbewusst, minimalistisch, unisex und \u2013 automatisch! So l\u00e4sst sich die neue Tissot Everytime Swissmatic einfach und treffend charakterisieren. F\u00fcnf zeitlose Varianten stehen zur Auswahl und passen zur Jeans ebenso wie zum Anzug oder zum \u201eKleinen Schwarzen\u201c. Bis zu drei Tage Gangreserve stellt das Swiss Made Automatikwerk bereit, dessen Details der gl\u00e4serne Sichtboden freigibt. Der hochwertige Edelstahl des 40 Millimeter-Geh\u00e4uses sowie das \u00e4u\u00dferst kratzfeste Saphirglas sind weitere, in diesem Preissegment nicht selbstverst\u00e4ndliche Bestandteile. Das 316L-Edelstahlgeh\u00e4use besitzt einen Sichtboden, kratzfestes Saphirglas sowie eine Datumsanzeige. Das silberfarbene Zifferblatt hat Indizes und das 316L Edelstahlarmband besitzt eine Schmuckschlie\u00dfe.<\/p>\n","protected":false},"excerpt":{"rendered":"<p>Der Name der Everytime ist Programm: Wie der Name bereits andeutet, wird diese Uhr immer und bei jedem Anlass gewinnen. Mit der neuen Tissot Everytime stellt die Schweizer Traditionsmarke eine Uhr vor, die dank ihres minimalistischen, klaren Zifferblattdesigns und der gro\u00dfen Zahl verf\u00fcgbarer Armbandvarianten jedem Lebensstil, jedem Outfit und jedem Anlass gerecht wird. Trendbewusst, minimalistisch, [&hellip;]<\/p>\n","protected":false},"featured_media":3682,"comment_status":"open","ping_status":"closed","template":"","meta":{"inline_featured_image":false},"product_brand":[],"product_cat":[98,56],"product_tag":[],"class_list":{"0":"post-3687","1":"product","2":"type-product","3":"status-publish","4":"has-post-thumbnail","6":"product_cat-tissot","7":"product_cat-watches","8":"post-item","10":"first","11":"outofstock","12":"taxable","13":"shipping-taxable","14":"purchasable","15":"product-type-simple"},"_links":{"self":[{"href":"https:\/\/michaelbern.com\/en\/wp-json\/wp\/v2\/product\/3687","targetHints":{"allow":["GET"]}}],"collection":[{"href":"https:\/\/michaelbern.com\/en\/wp-json\/wp\/v2\/product"}],"about":[{"href":"https:\/\/michaelbern.com\/en\/wp-json\/wp\/v2\/types\/product"}],"replies":[{"embeddable":true,"href":"https:\/\/michaelbern.com\/en\/wp-json\/wp\/v2\/comments?post=3687"}],"wp:featuredmedia":[{"embeddable":true,"href":"https:\/\/michaelbern.com\/en\/wp-json\/wp\/v2\/media\/3682"}],"wp:attachment":[{"href":"https:\/\/michaelbern.com\/en\/wp-json\/wp\/v2\/media?parent=3687"}],"wp:term":[{"taxonomy":"product_brand","embeddable":true,"href":"https:\/\/michaelbern.com\/en\/wp-json\/wp\/v2\/product_brand?post=3687"},{"taxonomy":"product_cat","embeddable":true,"href":"https:\/\/michaelbern.com\/en\/wp-json\/wp\/v2\/product_cat?post=3687"},{"taxonomy":"product_tag","embeddable":true,"href":"https:\/\/michaelbern.com\/en\/wp-json\/wp\/v2\/product_tag?post=3687"}],"curies":[{"name":"wp","href":"https:\/\/api.w.org\/{rel}","templated":true}]}}