{"id":3578,"date":"2021-02-06T04:18:43","date_gmt":"2021-02-06T03:18:43","guid":{"rendered":"https:\/\/michaelbern.com\/product\/tissot-couturier-automatic-chronograph-a05-h21\/"},"modified":"2022-04-08T15:24:05","modified_gmt":"2022-04-08T13:24:05","slug":"tissot-couturier-automatic-chronograph-a05-h21","status":"publish","type":"product","link":"https:\/\/michaelbern.com\/en\/product\/tissot-couturier-automatic-chronograph-a05-h21\/","title":{"rendered":"Tissot Couturier Automatic Chronograph A05.H21"},"content":{"rendered":"<p>So, wie sich die besten Modesch\u00f6pfer der Welt auf die perfekte Mischung aus Stoff und Schnitt verlassen, setzt die Tissot Couturier auf eine Mischung aus eleganten Linien und dazu passenden Materialien. Dieses Modell zeigt ihren massgeschneiderten Charakter mit kompromissloser Liebe zum Detail. Der Chronograph Couturier von Tissot ist ein voller Erfolg: die perfekte Synthese zwischen klassischem Zeitmesser und moderner Sportuhr, deren Automatikwerk A05.H21 h\u00f6chste Anspr\u00fcche erf\u00fcllt.<\/p>\n","protected":false},"excerpt":{"rendered":"<p>So, wie sich die besten Modesch\u00f6pfer der Welt auf die perfekte Mischung aus Stoff und Schnitt verlassen, setzt die Tissot Couturier auf eine Mischung aus eleganten Linien und dazu passenden Materialien. Dieses Modell zeigt ihren massgeschneiderten Charakter mit kompromissloser Liebe zum Detail. Der Chronograph Couturier von Tissot ist ein voller Erfolg: die perfekte Synthese zwischen [&hellip;]<\/p>\n","protected":false},"featured_media":3576,"comment_status":"open","ping_status":"closed","template":"","meta":{"inline_featured_image":false},"product_brand":[],"product_cat":[98,56],"product_tag":[],"class_list":{"0":"post-3578","1":"product","2":"type-product","3":"status-publish","4":"has-post-thumbnail","6":"product_cat-tissot","7":"product_cat-watches","8":"post-item","10":"first","11":"outofstock","12":"taxable","13":"shipping-taxable","14":"purchasable","15":"product-type-simple"},"_links":{"self":[{"href":"https:\/\/michaelbern.com\/en\/wp-json\/wp\/v2\/product\/3578","targetHints":{"allow":["GET"]}}],"collection":[{"href":"https:\/\/michaelbern.com\/en\/wp-json\/wp\/v2\/product"}],"about":[{"href":"https:\/\/michaelbern.com\/en\/wp-json\/wp\/v2\/types\/product"}],"replies":[{"embeddable":true,"href":"https:\/\/michaelbern.com\/en\/wp-json\/wp\/v2\/comments?post=3578"}],"wp:featuredmedia":[{"embeddable":true,"href":"https:\/\/michaelbern.com\/en\/wp-json\/wp\/v2\/media\/3576"}],"wp:attachment":[{"href":"https:\/\/michaelbern.com\/en\/wp-json\/wp\/v2\/media?parent=3578"}],"wp:term":[{"taxonomy":"product_brand","embeddable":true,"href":"https:\/\/michaelbern.com\/en\/wp-json\/wp\/v2\/product_brand?post=3578"},{"taxonomy":"product_cat","embeddable":true,"href":"https:\/\/michaelbern.com\/en\/wp-json\/wp\/v2\/product_cat?post=3578"},{"taxonomy":"product_tag","embeddable":true,"href":"https:\/\/michaelbern.com\/en\/wp-json\/wp\/v2\/product_tag?post=3578"}],"curies":[{"name":"wp","href":"https:\/\/api.w.org\/{rel}","templated":true}]}}